{"id":18831,"date":"2023-04-21T14:52:30","date_gmt":"2023-04-21T14:52:30","guid":{"rendered":"https:\/\/old.visitsardinia.vip\/?page_id=18831"},"modified":"2023-04-21T14:58:33","modified_gmt":"2023-04-21T14:58:33","slug":"tornar-se-parceiro","status":"publish","type":"page","link":"https:\/\/old.visitsardinia.vip\/pt\/tornar-se-parceiro\/","title":{"rendered":"Torne-se Parceiro"},"content":{"rendered":"<div data-elementor-type=\"wp-page\" data-elementor-id=\"18831\" class=\"elementor elementor-18831\" data-elementor-post-type=\"page\">\n\t\t\t\t\t\t<section class=\"elementor-section elementor-top-section elementor-element elementor-element-54902a8d elementor-section-boxed elementor-section-height-default elementor-section-height-default\" data-id=\"54902a8d\" data-element_type=\"section\" data-e-type=\"section\">\n\t\t\t\t\t\t<div class=\"elementor-container elementor-column-gap-default\">\n\t\t\t\t\t<div class=\"elementor-column elementor-col-100 elementor-top-column elementor-element elementor-element-21affe29\" data-id=\"21affe29\" data-element_type=\"column\" data-e-type=\"column\">\n\t\t\t<div class=\"elementor-widget-wrap elementor-element-populated\">\n\t\t\t\t\t\t<section class=\"elementor-section elementor-inner-section elementor-element elementor-element-bc1d215 elementor-section-boxed elementor-section-height-default elementor-section-height-default\" data-id=\"bc1d215\" data-element_type=\"section\" data-e-type=\"section\" data-settings=\"{&quot;background_background&quot;:&quot;classic&quot;}\">\n\t\t\t\t\t\t<div class=\"elementor-container elementor-column-gap-default\">\n\t\t\t\t\t<div class=\"elementor-column elementor-col-16 elementor-inner-column elementor-element elementor-element-52e6a287\" data-id=\"52e6a287\" data-element_type=\"column\" data-e-type=\"column\">\n\t\t\t<div class=\"elementor-widget-wrap\">\n\t\t\t\t\t\t\t<\/div>\n\t\t<\/div>\n\t\t\t\t<div class=\"elementor-column elementor-col-66 elementor-inner-column elementor-element elementor-element-270ffd96\" data-id=\"270ffd96\" data-element_type=\"column\" data-e-type=\"column\" data-settings=\"{&quot;background_background&quot;:&quot;classic&quot;}\">\n\t\t\t<div class=\"elementor-widget-wrap elementor-element-populated\">\n\t\t\t\t\t\t<div class=\"elementor-element elementor-element-4fcccc2e elementor-widget elementor-widget-heading\" data-id=\"4fcccc2e\" data-element_type=\"widget\" data-e-type=\"widget\" data-widget_type=\"heading.default\">\n\t\t\t\t<div class=\"elementor-widget-container\">\n\t\t\t\t\t<h2 class=\"elementor-heading-title elementor-size-default\">Junte-se \u00e0 fam\u00edlia VIP Visit Sardinia e alcance mais juntos!<\/h2>\t\t\t\t<\/div>\n\t\t\t\t<\/div>\n\t\t\t\t\t<\/div>\n\t\t<\/div>\n\t\t\t\t<div class=\"elementor-column elementor-col-16 elementor-inner-column elementor-element elementor-element-321dc2c4\" data-id=\"321dc2c4\" data-element_type=\"column\" data-e-type=\"column\">\n\t\t\t<div class=\"elementor-widget-wrap\">\n\t\t\t\t\t\t\t<\/div>\n\t\t<\/div>\n\t\t\t\t\t<\/div>\n\t\t<\/section>\n\t\t\t\t\t<\/div>\n\t\t<\/div>\n\t\t\t\t\t<\/div>\n\t\t<\/section>\n\t\t<div class=\"elementor-element elementor-element-0b42639 e-flex e-con-boxed e-con e-parent\" data-id=\"0b42639\" data-element_type=\"container\" data-e-type=\"container\">\n\t\t\t\t\t<div class=\"e-con-inner\">\n\t\t\t\t<div class=\"elementor-element elementor-element-53fdd8d elementor-widget elementor-widget-text-editor\" data-id=\"53fdd8d\" data-element_type=\"widget\" data-e-type=\"widget\" data-widget_type=\"text-editor.default\">\n\t\t\t\t<div class=\"elementor-widget-container\">\n\t\t\t\t\t\t\t\t\t<h5>Colabore, conecte-se e cres\u00e7a<\/h5><p>Voc\u00ea \u00e9 propriet\u00e1rio de uma empresa na Sardenha e deseja atrair mais clientes e aumentar sua visibilidade? Ao se tornar um parceiro do Visit Sardinia VIP, voc\u00ea ter\u00e1 a oportunidade de mostrar sua empresa para um amplo p\u00fablico de viajantes e turistas e observar o crescimento de sua base de clientes!<\/p><p>Como parceiro, voc\u00ea poder\u00e1 criar um perfil impressionante para sua empresa em nosso site, completo com fotos atraentes, descri\u00e7\u00f5es atraentes e todas as informa\u00e7\u00f5es de contato que os visitantes precisam para encontr\u00e1-lo. Al\u00e9m disso, voc\u00ea poder\u00e1 oferecer ofertas e promo\u00e7\u00f5es exclusivas para os usu\u00e1rios VIP do Visit Sardinia.<\/p><p><strong>As a partner, you&#8217;ll also benefit from:<\/strong><br \/>&#8211; Increased visibility on our website and social media channels<br \/>&#8211; Access to our extensive network of partners and collaborators<br \/>&#8211; Opportunities for cross-promotion and collaboration with other businesses<br \/>&#8211; Dedicated support from our team to help you make the most of your partnership<\/p><p>N\u00e3o perca esta incr\u00edvel oportunidade de expandir seus neg\u00f3cios e alcan\u00e7ar novos clientes. Entre em contato conosco hoje para saber mais sobre como se tornar um parceiro do Visit Sardinia VIP!<\/p><p>\u00a0<\/p>\t\t\t\t\t\t\t\t<\/div>\n\t\t\t\t<\/div>\n\t\t\t\t\t<\/div>\n\t\t\t\t<\/div>\n\t\t<div class=\"elementor-element elementor-element-7019eb0 e-flex e-con-boxed e-con e-parent\" data-id=\"7019eb0\" data-element_type=\"container\" data-e-type=\"container\" data-settings=\"{&quot;background_background&quot;:&quot;gradient&quot;}\">\n\t\t\t\t\t<div class=\"e-con-inner\">\n\t\t\t\t<div class=\"elementor-element elementor-element-ac0f179 elementor-widget elementor-widget-heading\" data-id=\"ac0f179\" data-element_type=\"widget\" data-e-type=\"widget\" data-widget_type=\"heading.default\">\n\t\t\t\t<div class=\"elementor-widget-container\">\n\t\t\t\t\t<h3 class=\"elementor-heading-title elementor-size-default\">Como funciona<\/h3>\t\t\t\t<\/div>\n\t\t\t\t<\/div>\n\t\t\t\t<div class=\"elementor-element elementor-element-842e24b elementor-widget elementor-widget-text-editor\" data-id=\"842e24b\" data-element_type=\"widget\" data-e-type=\"widget\" data-widget_type=\"text-editor.default\">\n\t\t\t\t<div class=\"elementor-widget-container\">\n\t\t\t\t\t\t\t\t\t<h5>Aqui est\u00e3o as etapas para se registrar como uma empresa parceira do Visit Sardinia VIP:<\/h5><ol><li><p>Entre em contato com Visit Sardinia VIP por telefone ou e-mail em <a class=\"Markdown_link__9ACHA\" href=\"mailto:partners@visitsardiniavip.com\" target=\"_blank\" rel=\"noopener\">partners@old.visitsardinia.vip<\/a>. Expresse seu interesse em se tornar um parceiro e forne\u00e7a alguns detalhes sobre sua empresa, localiza\u00e7\u00e3o, servi\u00e7os e objetivos da parceria.<\/p><\/li><li><p><a class=\"Markdown_link__9ACHA MarkdownLink_linkifiedLink__KxC9G\">Visite a Sardenha VIP<\/a>\u00a0agendar\u00e1 uma liga\u00e7\u00e3o ou reuni\u00e3o para discutir a parceria com mais profundidade. Traga informa\u00e7\u00f5es como seu\u00a0<a class=\"Markdown_link__9ACHA MarkdownLink_linkifiedLink__KxC9G\">nome da empresa<\/a>, endere\u00e7o,\u00a0<a class=\"Markdown_link__9ACHA MarkdownLink_linkifiedLink__KxC9G\">Detalhes do contato<\/a>, imagens comerciais, URL do site, descri\u00e7\u00e3o dos servi\u00e7os, etc.<\/p><\/li><li><p>Se aprovado para parceria, voc\u00ea receber\u00e1\u00a0<a class=\"Markdown_link__9ACHA MarkdownLink_linkifiedLink__KxC9G\">detalhes de login<\/a>\u00a0para acessar seu novo perfil de parceiro. Trabalhe com o\u00a0<a class=\"Markdown_link__9ACHA MarkdownLink_linkifiedLink__KxC9G\">Visite a equipe VIP da Sardenha<\/a>\u00a0para configurar e otimizar seu perfil, incluindo o upload de imagens de alta qualidade de sua empresa, servi\u00e7os e localiza\u00e7\u00e3o.<\/p><\/li><li><p>Forne\u00e7a detalhes sobre qualquer\u00a0<a class=\"Markdown_link__9ACHA MarkdownLink_linkifiedLink__KxC9G\">promo\u00e7\u00f5es de lan\u00e7amento<\/a>, promo\u00e7\u00f5es, descontos ou pacotes que voc\u00ea deseja destacar como uma oferta exclusiva para os membros VIP do Visit Sardinia. A equipe apresentar\u00e1 suas ofertas no site e promover\u00e1 aos membros.<\/p><\/li><li><p>Para\u00a0<a class=\"Markdown_link__9ACHA MarkdownLink_linkifiedLink__KxC9G\">ades\u00e3o paga<\/a>\u00a0acesso a comodidades especiais e\u00a0<a class=\"Markdown_link__9ACHA MarkdownLink_linkifiedLink__KxC9G\">promo\u00e7\u00e3o aprimorada<\/a>, there is an annual partnership registration fee of \u20ac250.\u00a0 pay the annual partnership registration fee of \u20ac250, via bank transfer or credit card. The fee covers setup, <a class=\"Markdown_link__9ACHA MarkdownLink_linkifiedLink__KxC9G\">otimiza\u00e7\u00e3o de perfil<\/a>, e promo\u00e7\u00e3o durante todo o ano do seu neg\u00f3cio nas plataformas VIP Visit Sardinia.<\/p><\/li><li><p>Continue colaborando com Visit Sardinia VIP em maneiras de aumentar as visitas, cliques, reservas e vendas de sua rede de viajantes e locais. Fa\u00e7a altera\u00e7\u00f5es em seu perfil e ofertas ao longo do tempo com base no desempenho e no feedback.<\/p><\/li><li><p>An\u00e1lise\u00a0<a class=\"Markdown_link__9ACHA MarkdownLink_linkifiedLink__KxC9G\">m\u00e9tricas de parceria<\/a>\u00a0pelo menos trimestralmente, incluindo visualiza\u00e7\u00f5es de perfil, cliques, sess\u00f5es, convers\u00f5es e receita gerada. Forne\u00e7a feedback adicional ou solicite novos recursos a qualquer momento.<\/p><\/li><li><p>Renove sua parceria antes da data de anivers\u00e1rio anual para manter a visibilidade no Visit Sardinia VIP e continue aproveitando todos os benef\u00edcios. As renova\u00e7\u00f5es s\u00e3o de \u00a3 200 por ano para o retorno do parceiro<\/p><\/li><\/ol>\t\t\t\t\t\t\t\t<\/div>\n\t\t\t\t<\/div>\n\t\t\t\t<div class=\"elementor-element elementor-element-05f3785 elementor-align-center elementor-widget elementor-widget-button\" data-id=\"05f3785\" data-element_type=\"widget\" data-e-type=\"widget\" data-widget_type=\"button.default\">\n\t\t\t\t<div class=\"elementor-widget-container\">\n\t\t\t\t\t\t\t\t\t<div class=\"elementor-button-wrapper\">\n\t\t\t\t\t<a class=\"elementor-button elementor-button-link elementor-size-sm\" href=\"https:\/\/modmixmap.wpengine.com\/register\/\" target=\"_blank\" rel=\"noopener\">\n\t\t\t\t\t\t<span class=\"elementor-button-content-wrapper\">\n\t\t\t\t\t\t\t\t\t<span class=\"elementor-button-text\">Aplique agora<\/span>\n\t\t\t\t\t<\/span>\n\t\t\t\t\t<\/a>\n\t\t\t\t<\/div>\n\t\t\t\t\t\t\t\t<\/div>\n\t\t\t\t<\/div>\n\t\t\t\t\t<\/div>\n\t\t\t\t<\/div>\n\t\t\t\t<section class=\"elementor-section elementor-top-section elementor-element elementor-element-3ad9a31 elementor-section-boxed elementor-section-height-default elementor-section-height-default\" data-id=\"3ad9a31\" data-element_type=\"section\" data-e-type=\"section\" data-settings=\"{&quot;background_background&quot;:&quot;classic&quot;}\">\n\t\t\t\t\t\t<div class=\"elementor-container elementor-column-gap-default\">\n\t\t\t\t\t<div class=\"elementor-column elementor-col-100 elementor-top-column elementor-element elementor-element-7a5b123\" data-id=\"7a5b123\" data-element_type=\"column\" data-e-type=\"column\">\n\t\t\t<div class=\"elementor-widget-wrap elementor-element-populated\">\n\t\t\t\t\t\t<section class=\"elementor-section elementor-inner-section elementor-element elementor-element-bf5445f elementor-section-boxed elementor-section-height-default elementor-section-height-default\" data-id=\"bf5445f\" data-element_type=\"section\" data-e-type=\"section\">\n\t\t\t\t\t\t<div class=\"elementor-container elementor-column-gap-default\">\n\t\t\t\t\t<div class=\"elementor-column elementor-col-25 elementor-inner-column elementor-element elementor-element-333a35e\" data-id=\"333a35e\" data-element_type=\"column\" data-e-type=\"column\">\n\t\t\t<div class=\"elementor-widget-wrap\">\n\t\t\t\t\t\t\t<\/div>\n\t\t<\/div>\n\t\t\t\t<div class=\"elementor-column elementor-col-50 elementor-inner-column elementor-element elementor-element-c0686e9\" data-id=\"c0686e9\" data-element_type=\"column\" data-e-type=\"column\">\n\t\t\t<div class=\"elementor-widget-wrap elementor-element-populated\">\n\t\t\t\t\t\t<div class=\"elementor-element elementor-element-dbce4c5 elementor-widget elementor-widget-heading\" data-id=\"dbce4c5\" data-element_type=\"widget\" data-e-type=\"widget\" data-widget_type=\"heading.default\">\n\t\t\t\t<div class=\"elementor-widget-container\">\n\t\t\t\t\t<h2 class=\"elementor-heading-title elementor-size-default\">Perguntas frequentes<\/h2>\t\t\t\t<\/div>\n\t\t\t\t<\/div>\n\t\t\t\t\t<\/div>\n\t\t<\/div>\n\t\t\t\t<div class=\"elementor-column elementor-col-25 elementor-inner-column elementor-element elementor-element-673f38d\" data-id=\"673f38d\" data-element_type=\"column\" data-e-type=\"column\">\n\t\t\t<div class=\"elementor-widget-wrap\">\n\t\t\t\t\t\t\t<\/div>\n\t\t<\/div>\n\t\t\t\t\t<\/div>\n\t\t<\/section>\n\t\t\t\t<section class=\"elementor-section elementor-inner-section elementor-element elementor-element-5a55247 elementor-section-boxed elementor-section-height-default elementor-section-height-default\" data-id=\"5a55247\" data-element_type=\"section\" data-e-type=\"section\">\n\t\t\t\t\t\t<div class=\"elementor-container elementor-column-gap-default\">\n\t\t\t\t\t<div class=\"elementor-column elementor-col-50 elementor-inner-column elementor-element elementor-element-c8999fe\" data-id=\"c8999fe\" data-element_type=\"column\" data-e-type=\"column\">\n\t\t\t<div class=\"elementor-widget-wrap elementor-element-populated\">\n\t\t\t\t\t\t<div class=\"elementor-element elementor-element-1e5dcbb elementor-widget elementor-widget-st_faq\" data-id=\"1e5dcbb\" data-element_type=\"widget\" data-e-type=\"widget\" data-widget_type=\"st_faq.default\">\n\t\t\t\t<div class=\"elementor-widget-container\">\n\t\t\t\t\t<div class=\"accordion faq style1\" id=\"accordion_who-can-become-a-local-expert-with-visit-sardinia-vip\">\r\n    <div class=\"accordion-item\">\r\n        <h2 class=\"accordion-header\" id=\"heading_who-can-become-a-local-expert-with-visit-sardinia-vip\">\r\n            <button class=\"accordion-button   collapsed\"\r\n                type=\"button\"\r\n                data-bs-toggle=\"collapse\"\r\n                data-bs-target=\"#st-who-can-become-a-local-expert-with-visit-sardinia-vip\"\r\n                aria-expanded=\"false\"\r\n                aria-controls=\"who-can-become-a-local-expert-with-visit-sardinia-vip\"\r\n            >\r\n                Who can become a local expert with Visit Sardinia\u00ae VIP?            <\/button>\r\n        <\/h2>\r\n        <div id=\"st-who-can-become-a-local-expert-with-visit-sardinia-vip\" class=\"accordion-collapse collapse\"\r\n            aria-labelledby=\"heading_who-can-become-a-local-expert-with-visit-sardinia-vip\"\r\n            data-bs-parent=\"#accordion_who-can-become-a-local-expert-with-visit-sardinia-vip\"\r\n        >\r\n            <div class=\"accordion-body\">\r\n                Qualquer pessoa com amplo conhecimento da cultura local, hist\u00f3ria e atra\u00e7\u00f5es da Sardenha e da C\u00f3rsega pode se inscrever para se tornar um especialista local com o Visit Sardinia\u00ae VIP. Estamos procurando indiv\u00edduos apaixonados que estejam ansiosos para compartilhar seu amor por esses destinos com outras pessoas.            <\/div>\r\n        <\/div>\r\n    <\/div>\r\n<\/div>\r\n\t\t\t\t<\/div>\n\t\t\t\t<\/div>\n\t\t\t\t<div class=\"elementor-element elementor-element-35045b1 elementor-widget elementor-widget-st_faq\" data-id=\"35045b1\" data-element_type=\"widget\" data-e-type=\"widget\" data-widget_type=\"st_faq.default\">\n\t\t\t\t<div class=\"elementor-widget-container\">\n\t\t\t\t\t<div class=\"accordion faq style1\" id=\"accordion_how-do-i-apply-to-become-a-local-expert\">\r\n    <div class=\"accordion-item\">\r\n        <h2 class=\"accordion-header\" id=\"heading_how-do-i-apply-to-become-a-local-expert\">\r\n            <button class=\"accordion-button   collapsed\"\r\n                type=\"button\"\r\n                data-bs-toggle=\"collapse\"\r\n                data-bs-target=\"#st-how-do-i-apply-to-become-a-local-expert\"\r\n                aria-expanded=\"false\"\r\n                aria-controls=\"how-do-i-apply-to-become-a-local-expert\"\r\n            >\r\n                Como me inscrevo para me tornar um especialista local?             <\/button>\r\n        <\/h2>\r\n        <div id=\"st-how-do-i-apply-to-become-a-local-expert\" class=\"accordion-collapse collapse\"\r\n            aria-labelledby=\"heading_how-do-i-apply-to-become-a-local-expert\"\r\n            data-bs-parent=\"#accordion_how-do-i-apply-to-become-a-local-expert\"\r\n        >\r\n            <div class=\"accordion-body\">\r\n                Para se tornar um especialista local com Visit Sardinia\u00ae VIP, basta preencher nosso formul\u00e1rio de inscri\u00e7\u00e3o on-line e nos contar sobre sua experi\u00eancia e qualifica\u00e7\u00f5es. Analisaremos sua inscri\u00e7\u00e3o e entraremos em contato com voc\u00ea o mais breve poss\u00edvel.            <\/div>\r\n        <\/div>\r\n    <\/div>\r\n<\/div>\r\n\t\t\t\t<\/div>\n\t\t\t\t<\/div>\n\t\t\t\t<div class=\"elementor-element elementor-element-8a3d7b1 elementor-widget elementor-widget-st_faq\" data-id=\"8a3d7b1\" data-element_type=\"widget\" data-e-type=\"widget\" data-widget_type=\"st_faq.default\">\n\t\t\t\t<div class=\"elementor-widget-container\">\n\t\t\t\t\t<div class=\"accordion faq style1\" id=\"accordion_what-are-the-benefits-of-becoming-a-local-expert-with-visit-sardinia-vip\">\r\n    <div class=\"accordion-item\">\r\n        <h2 class=\"accordion-header\" id=\"heading_what-are-the-benefits-of-becoming-a-local-expert-with-visit-sardinia-vip\">\r\n            <button class=\"accordion-button   collapsed\"\r\n                type=\"button\"\r\n                data-bs-toggle=\"collapse\"\r\n                data-bs-target=\"#st-what-are-the-benefits-of-becoming-a-local-expert-with-visit-sardinia-vip\"\r\n                aria-expanded=\"false\"\r\n                aria-controls=\"what-are-the-benefits-of-becoming-a-local-expert-with-visit-sardinia-vip\"\r\n            >\r\n                What are the benefits of becoming a local expert with Visit Sardinia\u00ae VIP?            <\/button>\r\n        <\/h2>\r\n        <div id=\"st-what-are-the-benefits-of-becoming-a-local-expert-with-visit-sardinia-vip\" class=\"accordion-collapse collapse\"\r\n            aria-labelledby=\"heading_what-are-the-benefits-of-becoming-a-local-expert-with-visit-sardinia-vip\"\r\n            data-bs-parent=\"#accordion_what-are-the-benefits-of-becoming-a-local-expert-with-visit-sardinia-vip\"\r\n        >\r\n            <div class=\"accordion-body\">\r\n                Como um especialista local com o Visit Sardinia\u00ae VIP, voc\u00ea desfrutar\u00e1 de remunera\u00e7\u00e3o competitiva, programa\u00e7\u00e3o flex\u00edvel e a oportunidade de trabalhar com uma equipe de profissionais apaixonados por viagens. Voc\u00ea tamb\u00e9m ter\u00e1 a chance de mostrar sua experi\u00eancia e construir sua reputa\u00e7\u00e3o como uma autoridade l\u00edder em tudo sobre a Sardenha e a C\u00f3rsega.            <\/div>\r\n        <\/div>\r\n    <\/div>\r\n<\/div>\r\n\t\t\t\t<\/div>\n\t\t\t\t<\/div>\n\t\t\t\t\t<\/div>\n\t\t<\/div>\n\t\t\t\t<div class=\"elementor-column elementor-col-50 elementor-inner-column elementor-element elementor-element-2861f09\" data-id=\"2861f09\" data-element_type=\"column\" data-e-type=\"column\">\n\t\t\t<div class=\"elementor-widget-wrap elementor-element-populated\">\n\t\t\t\t\t\t<div class=\"elementor-element elementor-element-8c3e523 elementor-widget elementor-widget-st_faq\" data-id=\"8c3e523\" data-element_type=\"widget\" data-e-type=\"widget\" data-widget_type=\"st_faq.default\">\n\t\t\t\t<div class=\"elementor-widget-container\">\n\t\t\t\t\t<div class=\"accordion faq style1\" id=\"accordion_how-do-i-add-my-services-to-the-platform\">\r\n    <div class=\"accordion-item\">\r\n        <h2 class=\"accordion-header\" id=\"heading_how-do-i-add-my-services-to-the-platform\">\r\n            <button class=\"accordion-button   collapsed\"\r\n                type=\"button\"\r\n                data-bs-toggle=\"collapse\"\r\n                data-bs-target=\"#st-how-do-i-add-my-services-to-the-platform\"\r\n                aria-expanded=\"false\"\r\n                aria-controls=\"how-do-i-add-my-services-to-the-platform\"\r\n            >\r\n                Como adiciono meus servi\u00e7os \u00e0 plataforma?            <\/button>\r\n        <\/h2>\r\n        <div id=\"st-how-do-i-add-my-services-to-the-platform\" class=\"accordion-collapse collapse\"\r\n            aria-labelledby=\"heading_how-do-i-add-my-services-to-the-platform\"\r\n            data-bs-parent=\"#accordion_how-do-i-add-my-services-to-the-platform\"\r\n        >\r\n            <div class=\"accordion-body\">\r\n                Depois que sua inscri\u00e7\u00e3o for aprovada, voc\u00ea poder\u00e1 adicionar seus servi\u00e7os \u00e0 nossa plataforma. Basta fazer login em sua conta e seguir as instru\u00e7\u00f5es para criar uma listagem para cada servi\u00e7o que voc\u00ea oferece.            <\/div>\r\n        <\/div>\r\n    <\/div>\r\n<\/div>\r\n\t\t\t\t<\/div>\n\t\t\t\t<\/div>\n\t\t\t\t<div class=\"elementor-element elementor-element-8bff125 elementor-widget elementor-widget-st_faq\" data-id=\"8bff125\" data-element_type=\"widget\" data-e-type=\"widget\" data-widget_type=\"st_faq.default\">\n\t\t\t\t<div class=\"elementor-widget-container\">\n\t\t\t\t\t<div class=\"accordion faq style1\" id=\"accordion_how-will-i-know-if-someone-has-booked-my-services\">\r\n    <div class=\"accordion-item\">\r\n        <h2 class=\"accordion-header\" id=\"heading_how-will-i-know-if-someone-has-booked-my-services\">\r\n            <button class=\"accordion-button   collapsed\"\r\n                type=\"button\"\r\n                data-bs-toggle=\"collapse\"\r\n                data-bs-target=\"#st-how-will-i-know-if-someone-has-booked-my-services\"\r\n                aria-expanded=\"false\"\r\n                aria-controls=\"how-will-i-know-if-someone-has-booked-my-services\"\r\n            >\r\n                Como saberei se algu\u00e9m reservou meus servi\u00e7os?            <\/button>\r\n        <\/h2>\r\n        <div id=\"st-how-will-i-know-if-someone-has-booked-my-services\" class=\"accordion-collapse collapse\"\r\n            aria-labelledby=\"heading_how-will-i-know-if-someone-has-booked-my-services\"\r\n            data-bs-parent=\"#accordion_how-will-i-know-if-someone-has-booked-my-services\"\r\n        >\r\n            <div class=\"accordion-body\">\r\n                Quando algu\u00e9m reservar um de seus servi\u00e7os atrav\u00e9s de nossa plataforma, voc\u00ea receber\u00e1 uma notifica\u00e7\u00e3o por e-mail com todos os detalhes. Voc\u00ea tamb\u00e9m pode fazer login em sua conta a qualquer momento para ver suas pr\u00f3ximas reservas.            <\/div>\r\n        <\/div>\r\n    <\/div>\r\n<\/div>\r\n\t\t\t\t<\/div>\n\t\t\t\t<\/div>\n\t\t\t\t<div class=\"elementor-element elementor-element-12c735e elementor-widget elementor-widget-st_faq\" data-id=\"12c735e\" data-element_type=\"widget\" data-e-type=\"widget\" data-widget_type=\"st_faq.default\">\n\t\t\t\t<div class=\"elementor-widget-container\">\n\t\t\t\t\t<div class=\"accordion faq style1\" id=\"accordion_how-will-i-receive-payment-for-my-services\">\r\n    <div class=\"accordion-item\">\r\n        <h2 class=\"accordion-header\" id=\"heading_how-will-i-receive-payment-for-my-services\">\r\n            <button class=\"accordion-button   collapsed\"\r\n                type=\"button\"\r\n                data-bs-toggle=\"collapse\"\r\n                data-bs-target=\"#st-how-will-i-receive-payment-for-my-services\"\r\n                aria-expanded=\"false\"\r\n                aria-controls=\"how-will-i-receive-payment-for-my-services\"\r\n            >\r\n                Como receberei o pagamento pelos meus servi\u00e7os?            <\/button>\r\n        <\/h2>\r\n        <div id=\"st-how-will-i-receive-payment-for-my-services\" class=\"accordion-collapse collapse\"\r\n            aria-labelledby=\"heading_how-will-i-receive-payment-for-my-services\"\r\n            data-bs-parent=\"#accordion_how-will-i-receive-payment-for-my-services\"\r\n        >\r\n            <div class=\"accordion-body\">\r\n                Como um especialista local com Visit Sardinia\u00ae VIP, voc\u00ea receber\u00e1 o pagamento por seus servi\u00e7os diretamente de n\u00f3s. Oferecemos remunera\u00e7\u00e3o competitiva e pagamentos pontuais para garantir que voc\u00ea seja compensado de forma justa por sua experi\u00eancia e trabalho \u00e1rduo.            <\/div>\r\n        <\/div>\r\n    <\/div>\r\n<\/div>\r\n\t\t\t\t<\/div>\n\t\t\t\t<\/div>\n\t\t\t\t\t<\/div>\n\t\t<\/div>\n\t\t\t\t\t<\/div>\n\t\t<\/section>\n\t\t\t\t\t<\/div>\n\t\t<\/div>\n\t\t\t\t\t<\/div>\n\t\t<\/section>\n\t\t\t\t<\/div>","protected":false},"excerpt":{"rendered":"<p>Join the Visit Sardinia VIP Family and Achieve More Together! Collaborate, Connect and Grow Are you a business owner in Sardinia looking to attract more customers and increase your visibility? By becoming a partner with Visit Sardinia VIP, you&#8217;ll have the opportunity to showcase your business to a wide audience of travelers and tourists, and [&hellip;]<\/p>\n","protected":false},"author":1,"featured_media":0,"parent":0,"menu_order":0,"comment_status":"closed","ping_status":"closed","template":"template-blank.php","meta":{"footnotes":""},"folder":[],"class_list":["post-18831","page","type-page","status-publish","has-post-thumbnail","hentry"],"_links":{"self":[{"href":"https:\/\/old.visitsardinia.vip\/pt\/wp-json\/wp\/v2\/pages\/18831","targetHints":{"allow":["GET"]}}],"collection":[{"href":"https:\/\/old.visitsardinia.vip\/pt\/wp-json\/wp\/v2\/pages"}],"about":[{"href":"https:\/\/old.visitsardinia.vip\/pt\/wp-json\/wp\/v2\/types\/page"}],"author":[{"embeddable":true,"href":"https:\/\/old.visitsardinia.vip\/pt\/wp-json\/wp\/v2\/users\/1"}],"replies":[{"embeddable":true,"href":"https:\/\/old.visitsardinia.vip\/pt\/wp-json\/wp\/v2\/comments?post=18831"}],"version-history":[{"count":0,"href":"https:\/\/old.visitsardinia.vip\/pt\/wp-json\/wp\/v2\/pages\/18831\/revisions"}],"wp:attachment":[{"href":"https:\/\/old.visitsardinia.vip\/pt\/wp-json\/wp\/v2\/media?parent=18831"}],"wp:term":[{"taxonomy":"folder","embeddable":true,"href":"https:\/\/old.visitsardinia.vip\/pt\/wp-json\/wp\/v2\/folder?post=18831"}],"curies":[{"name":"wp","href":"https:\/\/api.w.org\/{rel}","templated":true}]}}