{"id":16984,"date":"2023-02-02T18:31:25","date_gmt":"2023-02-02T18:31:25","guid":{"rendered":"https:\/\/old.visitsardinia.vip\/?page_id=16984"},"modified":"2025-03-27T01:29:06","modified_gmt":"2025-03-27T01:29:06","slug":"especialistas-em-viagens-de-luxo","status":"publish","type":"page","link":"https:\/\/old.visitsardinia.vip\/pt\/especialistas-em-viagens-de-luxo\/","title":{"rendered":"Vip Travel Services"},"content":{"rendered":"<div data-elementor-type=\"wp-page\" data-elementor-id=\"16984\" class=\"elementor elementor-16984\" data-elementor-post-type=\"page\">\n\t\t\t\t<div class=\"elementor-element elementor-element-26e8a888 e-con-full e-flex e-con e-parent\" data-id=\"26e8a888\" data-element_type=\"container\" data-e-type=\"container\" data-settings=\"{&quot;background_background&quot;:&quot;classic&quot;}\">\n\t\t<div class=\"elementor-element elementor-element-1be8fd0b e-con-full e-flex e-con e-child\" data-id=\"1be8fd0b\" data-element_type=\"container\" data-e-type=\"container\">\n\t\t\t\t<div class=\"elementor-element elementor-element-6e43b7eb elementor-widget elementor-widget-image\" data-id=\"6e43b7eb\" data-element_type=\"widget\" data-e-type=\"widget\" data-widget_type=\"image.default\">\n\t\t\t\t<div class=\"elementor-widget-container\">\n\t\t\t\t\t\t\t\t\t\t\t\t\t\t\t<img fetchpriority=\"high\" decoding=\"async\" width=\"1024\" height=\"1024\" src=\"https:\/\/old.visitsardinia.vip\/wp-content\/uploads\/2023\/01\/Events-hospitality-1024x1024.jpg\" class=\"attachment-large size-large wp-image-14462\" alt=\"Especialistas em viagens de luxo\" srcset=\"https:\/\/old.visitsardinia.vip\/wp-content\/uploads\/2023\/01\/Events-hospitality-1024x1024.jpg 1024w, https:\/\/old.visitsardinia.vip\/wp-content\/uploads\/2023\/01\/Events-hospitality-300x300.jpg 300w, https:\/\/old.visitsardinia.vip\/wp-content\/uploads\/2023\/01\/Events-hospitality-150x150.jpg 150w, https:\/\/old.visitsardinia.vip\/wp-content\/uploads\/2023\/01\/Events-hospitality-1536x1536.jpg 1536w, https:\/\/old.visitsardinia.vip\/wp-content\/uploads\/2023\/01\/Events-hospitality-2048x2048.jpg 2048w\" sizes=\"(max-width: 1024px) 100vw, 1024px\" title=\"\">\t\t\t\t\t\t\t\t\t\t\t\t\t\t\t<\/div>\n\t\t\t\t<\/div>\n\t\t\t\t<\/div>\n\t\t<div class=\"elementor-element elementor-element-b33de81 e-con-full e-flex e-con e-child\" data-id=\"b33de81\" data-element_type=\"container\" data-e-type=\"container\">\n\t\t\t\t<div class=\"elementor-element elementor-element-ce072d0 elementor-widget elementor-widget-heading\" data-id=\"ce072d0\" data-element_type=\"widget\" data-e-type=\"widget\" data-widget_type=\"heading.default\">\n\t\t\t\t<div class=\"elementor-widget-container\">\n\t\t\t\t\t<h1 class=\"elementor-heading-title elementor-size-default\">Nossa C\u00f3rsega e Sardenha <b> <i>Especialistas em viagens <\/i> <\/b> Est\u00e3o ao seu dispor <\/h1>\t\t\t\t<\/div>\n\t\t\t\t<\/div>\n\t\t\t\t<div class=\"elementor-element elementor-element-e09575 elementor-widget elementor-widget-text-editor\" data-id=\"e09575\" data-element_type=\"widget\" data-e-type=\"widget\" data-widget_type=\"text-editor.default\">\n\t\t\t\t<div class=\"elementor-widget-container\">\n\t\t\t\t\t\t\t\t\t<p>Um operador tur\u00edstico premium n\u00e3o apenas reserva hot\u00e9is e planeja excurs\u00f5es, mas tamb\u00e9m ouve os requisitos de seus clientes e cria itiner\u00e1rios totalmente personalizados. Nossos especialistas combinar\u00e3o sua lista de desejos com nossa experi\u00eancia em primeira m\u00e3o na Sardenha e na C\u00f3rsega para criar pacotes de f\u00e9rias projetados para oferecer tudo o que voc\u00ea deseja em sua pr\u00f3xima experi\u00eancia de viagem. Temos relacionamentos de longa data e know-how para tornar sua <strong>f\u00e9rias na Sardenha ou na C\u00f3rsega<\/strong> a memory you\u2019ll cherish forever.<\/p>\t\t\t\t\t\t\t\t<\/div>\n\t\t\t\t<\/div>\n\t\t\t\t<\/div>\n\t\t\t\t<\/div>\n\t\t<div class=\"elementor-element elementor-element-b8db586 e-con-full e-flex e-con e-parent\" data-id=\"b8db586\" data-element_type=\"container\" data-e-type=\"container\" data-settings=\"{&quot;background_background&quot;:&quot;classic&quot;}\">\n\t\t<div class=\"elementor-element elementor-element-3ac0707 e-con-full e-flex e-con e-child\" data-id=\"3ac0707\" data-element_type=\"container\" data-e-type=\"container\">\n\t\t\t\t<div class=\"elementor-element elementor-element-77e792aa elementor-widget elementor-widget-heading\" data-id=\"77e792aa\" data-element_type=\"widget\" data-e-type=\"widget\" data-widget_type=\"heading.default\">\n\t\t\t\t<div class=\"elementor-widget-container\">\n\t\t\t\t\t<h2 class=\"elementor-heading-title elementor-size-default\">Planejamento de f\u00e9rias por especialistas locais<\/h2>\t\t\t\t<\/div>\n\t\t\t\t<\/div>\n\t\t\t\t<div class=\"elementor-element elementor-element-364222fa elementor-widget elementor-widget-text-editor\" data-id=\"364222fa\" data-element_type=\"widget\" data-e-type=\"widget\" data-widget_type=\"text-editor.default\">\n\t\t\t\t<div class=\"elementor-widget-container\">\n\t\t\t\t\t\t\t\t\t<p>Embora seja \u00f3timo seguir o fluxo durante as f\u00e9rias, planejar com anteced\u00eancia garante que cada minuto na Sardenha ou na C\u00f3rsega seja gasto absorvendo o melhor da vida mediterr\u00e2nea. \u00c9 por isso que nossos guias tur\u00edsticos particulares na It\u00e1lia cuidar\u00e3o de tudo, incluindo:<\/p><ul><li>Um itiner\u00e1rio de f\u00e9rias sob medida na Sardenha<\/li><li>Assist\u00eancia estilo concierge<\/li><li>Visitas guiadas por locais apaixonados<\/li><li>experi\u00eancias VIP<\/li><li>Atendimento ao cliente 24 horas por dia<\/li><li>Um servi\u00e7o de host e int\u00e9rprete<\/li><li>Companheiros de viagem amig\u00e1veis e informativos<\/li><li>Tudo o que \u00e9 necess\u00e1rio para umas f\u00e9rias de luxo na Sardenha e na C\u00f3rsega<\/li><\/ul>\t\t\t\t\t\t\t\t<\/div>\n\t\t\t\t<\/div>\n\t\t\t\t<\/div>\n\t\t<div class=\"elementor-element elementor-element-167aea12 e-con-full e-flex e-con e-child\" data-id=\"167aea12\" data-element_type=\"container\" data-e-type=\"container\">\n\t\t\t\t<div class=\"elementor-element elementor-element-3f2bfb2 elementor-widget elementor-widget-image\" data-id=\"3f2bfb2\" data-element_type=\"widget\" data-e-type=\"widget\" data-widget_type=\"image.default\">\n\t\t\t\t<div class=\"elementor-widget-container\">\n\t\t\t\t\t\t\t\t\t\t\t\t\t\t\t<img decoding=\"async\" width=\"1024\" height=\"1024\" src=\"https:\/\/old.visitsardinia.vip\/wp-content\/uploads\/2023\/01\/DSC_0009-scaled-1024x1024.jpg\" class=\"attachment-large size-large wp-image-16370\" alt=\"Especialistas em viagens de luxo\" srcset=\"https:\/\/old.visitsardinia.vip\/wp-content\/uploads\/2023\/01\/DSC_0009-scaled-1024x1024.jpg 1024w, https:\/\/old.visitsardinia.vip\/wp-content\/uploads\/2023\/01\/DSC_0009-scaled-300x300.jpg 300w, https:\/\/old.visitsardinia.vip\/wp-content\/uploads\/2023\/01\/DSC_0009-scaled-150x150.jpg 150w, https:\/\/old.visitsardinia.vip\/wp-content\/uploads\/2023\/01\/DSC_0009-scaled-768x768.jpg 768w, https:\/\/old.visitsardinia.vip\/wp-content\/uploads\/2023\/01\/DSC_0009-scaled-1536x1536.jpg 1536w, https:\/\/old.visitsardinia.vip\/wp-content\/uploads\/2023\/01\/DSC_0009-scaled-2048x2048.jpg 2048w\" sizes=\"(max-width: 1024px) 100vw, 1024px\" title=\"\">\t\t\t\t\t\t\t\t\t\t\t\t\t\t\t<\/div>\n\t\t\t\t<\/div>\n\t\t\t\t<\/div>\n\t\t\t\t<\/div>\n\t\t<div class=\"elementor-element elementor-element-43ae836d e-con-full e-flex e-con e-parent\" data-id=\"43ae836d\" data-element_type=\"container\" data-e-type=\"container\" data-settings=\"{&quot;background_background&quot;:&quot;classic&quot;}\">\n\t\t<div class=\"elementor-element elementor-element-22f2be06 e-con-full e-flex e-con e-child\" data-id=\"22f2be06\" data-element_type=\"container\" data-e-type=\"container\">\n\t\t\t\t<div class=\"elementor-element elementor-element-8d663ee elementor-widget elementor-widget-heading\" data-id=\"8d663ee\" data-element_type=\"widget\" data-e-type=\"widget\" data-widget_type=\"heading.default\">\n\t\t\t\t<div class=\"elementor-widget-container\">\n\t\t\t\t\t<h2 class=\"elementor-heading-title elementor-size-default\">Viagens VIP<\/h2>\t\t\t\t<\/div>\n\t\t\t\t<\/div>\n\t\t\t\t<div class=\"elementor-element elementor-element-6cdea12b elementor-widget elementor-widget-text-editor\" data-id=\"6cdea12b\" data-element_type=\"widget\" data-e-type=\"widget\" data-widget_type=\"text-editor.default\">\n\t\t\t\t<div class=\"elementor-widget-container\">\n\t\t\t\t\t\t\t\t\t<p>Queremos que cada segundo da sua aventura na Sardenha seja uma experi\u00eancia relaxante e de afirma\u00e7\u00e3o de vida. N\u00e3o precisa de se preocupar com transferes, transportes, bilhetes ou em viajar com estilo quando est\u00e1 nas nossas m\u00e3os. Os nossos especialistas em viagens de luxo tratam de tudo.<\/p>\n<ul>\n<li>Traslados privados em ve\u00edculos de luxo<\/li>\n<li>Servi\u00e7o de limousine<\/li>\n<li>Traslados em grupo em \u00f4nibus de luxo<\/li>\n<li>Experi\u00eancias de helic\u00f3ptero e jato particular<\/li>\n<li>Aluguer de carros de luxo e antigos<\/li>\n<li>Aluguel de iate de luxo<\/li>\n<li>Passeios de t\u00e1xi<\/li>\n<li>Libera\u00e7\u00e3o r\u00e1pida do aeroporto<\/li>\n<\/ul>\n<p>Acreditamos que a viagem \u00e9 t\u00e3o importante como o destino. A partir do momento em que chega \u00e0 Sardenha ou \u00e0 C\u00f3rsega, levamo-lo para onde precisa de ir em grande estilo. Os nossos especialistas em viagens de luxo est\u00e3o sempre prontos a ajud\u00e1-lo com caras sorridentes.<\/p>\t\t\t\t\t\t\t\t<\/div>\n\t\t\t\t<\/div>\n\t\t\t\t<\/div>\n\t\t<div class=\"elementor-element elementor-element-559b35ae e-con-full e-flex e-con e-child\" data-id=\"559b35ae\" data-element_type=\"container\" data-e-type=\"container\">\n\t\t\t\t<div class=\"elementor-element elementor-element-bc71bb9 elementor-widget elementor-widget-image\" data-id=\"bc71bb9\" data-element_type=\"widget\" data-e-type=\"widget\" data-widget_type=\"image.default\">\n\t\t\t\t<div class=\"elementor-widget-container\">\n\t\t\t\t\t\t\t\t\t\t\t\t\t\t\t<img decoding=\"async\" width=\"1024\" height=\"1024\" src=\"https:\/\/old.visitsardinia.vip\/wp-content\/uploads\/2023\/01\/VIP-transfer-1024x1024.jpg\" class=\"attachment-large size-large wp-image-14474\" alt=\"Especialistas em viagens de luxo\" srcset=\"https:\/\/old.visitsardinia.vip\/wp-content\/uploads\/2023\/01\/VIP-transfer-1024x1024.jpg 1024w, https:\/\/old.visitsardinia.vip\/wp-content\/uploads\/2023\/01\/VIP-transfer-300x300.jpg 300w, https:\/\/old.visitsardinia.vip\/wp-content\/uploads\/2023\/01\/VIP-transfer-150x150.jpg 150w, https:\/\/old.visitsardinia.vip\/wp-content\/uploads\/2023\/01\/VIP-transfer-1536x1536.jpg 1536w, https:\/\/old.visitsardinia.vip\/wp-content\/uploads\/2023\/01\/VIP-transfer-2048x2048.jpg 2048w\" sizes=\"(max-width: 1024px) 100vw, 1024px\" title=\"\">\t\t\t\t\t\t\t\t\t\t\t\t\t\t\t<\/div>\n\t\t\t\t<\/div>\n\t\t\t\t<\/div>\n\t\t\t\t<\/div>\n\t\t<div class=\"elementor-element elementor-element-1409c34c e-con-full e-flex e-con e-parent\" data-id=\"1409c34c\" data-element_type=\"container\" data-e-type=\"container\" data-settings=\"{&quot;background_background&quot;:&quot;classic&quot;}\">\n\t\t<div class=\"elementor-element elementor-element-7e12c2e e-con-full e-flex e-con e-child\" data-id=\"7e12c2e\" data-element_type=\"container\" data-e-type=\"container\">\n\t\t\t\t<div class=\"elementor-element elementor-element-4a6af353 elementor-widget elementor-widget-heading\" data-id=\"4a6af353\" data-element_type=\"widget\" data-e-type=\"widget\" data-widget_type=\"heading.default\">\n\t\t\t\t<div class=\"elementor-widget-container\">\n\t\t\t\t\t<h2 class=\"elementor-heading-title elementor-size-default\">Aluguel de iate particular na Sardenha<\/h2>\t\t\t\t<\/div>\n\t\t\t\t<\/div>\n\t\t\t\t<div class=\"elementor-element elementor-element-3e46692f elementor-widget elementor-widget-text-editor\" data-id=\"3e46692f\" data-element_type=\"widget\" data-e-type=\"widget\" data-widget_type=\"text-editor.default\">\n\t\t\t\t<div class=\"elementor-widget-container\">\n\t\t\t\t\t\t\t\t\t<p>Cerque-se das armadilhas do luxo e sua experi\u00eancia na Sardenha alcan\u00e7ar\u00e1 novos patamares. Vamos organizar uma viagem mar\u00edtima em iate, barco ou veleiro de luxo ? e voc\u00ea ver\u00e1 essas ilhas deslumbrantes de uma perspectiva completamente nova. Beba champanhe, belisque canap\u00e9s e compartilhe momentos de afirma\u00e7\u00e3o da vida com as pessoas que voc\u00ea ama enquanto percorre as espetaculares costas do Mediterr\u00e2neo.<\/p>\n<ul>\n<li><strong>excurs\u00f5es mar\u00edtimas na Sardenha<\/strong><\/li>\n<li><strong>Excurs\u00f5es mar\u00edtimas na C\u00f3rsega<\/strong><\/li>\n<\/ul>\t\t\t\t\t\t\t\t<\/div>\n\t\t\t\t<\/div>\n\t\t\t\t<\/div>\n\t\t<div class=\"elementor-element elementor-element-65005622 e-con-full e-flex e-con e-child\" data-id=\"65005622\" data-element_type=\"container\" data-e-type=\"container\">\n\t\t\t\t<div class=\"elementor-element elementor-element-5dace2d elementor-widget elementor-widget-image\" data-id=\"5dace2d\" data-element_type=\"widget\" data-e-type=\"widget\" data-widget_type=\"image.default\">\n\t\t\t\t<div class=\"elementor-widget-container\">\n\t\t\t\t\t\t\t\t\t\t\t\t\t\t\t<img loading=\"lazy\" decoding=\"async\" width=\"1024\" height=\"1024\" src=\"https:\/\/old.visitsardinia.vip\/wp-content\/uploads\/2019\/10\/IMG_5538-1024x1024.jpg\" class=\"attachment-large size-large wp-image-10462\" alt=\"Especialistas em viagens de luxo\" srcset=\"https:\/\/old.visitsardinia.vip\/wp-content\/uploads\/2019\/10\/IMG_5538-1024x1024.jpg 1024w, https:\/\/old.visitsardinia.vip\/wp-content\/uploads\/2019\/10\/IMG_5538-300x300.jpg 300w, https:\/\/old.visitsardinia.vip\/wp-content\/uploads\/2019\/10\/IMG_5538-150x150.jpg 150w, https:\/\/old.visitsardinia.vip\/wp-content\/uploads\/2019\/10\/IMG_5538-1536x1536.jpg 1536w, https:\/\/old.visitsardinia.vip\/wp-content\/uploads\/2019\/10\/IMG_5538-2048x2048.jpg 2048w\" sizes=\"(max-width: 1024px) 100vw, 1024px\" title=\"\">\t\t\t\t\t\t\t\t\t\t\t\t\t\t\t<\/div>\n\t\t\t\t<\/div>\n\t\t\t\t<\/div>\n\t\t\t\t<\/div>\n\t\t<div class=\"elementor-element elementor-element-6d0912b e-con-full e-flex e-con e-parent\" data-id=\"6d0912b\" data-element_type=\"container\" data-e-type=\"container\" data-settings=\"{&quot;background_background&quot;:&quot;classic&quot;}\">\n\t\t<div class=\"elementor-element elementor-element-6ab70a4 e-con-full e-flex e-con e-child\" data-id=\"6ab70a4\" data-element_type=\"container\" data-e-type=\"container\">\n\t\t\t\t<div class=\"elementor-element elementor-element-2fad705 elementor-widget elementor-widget-heading\" data-id=\"2fad705\" data-element_type=\"widget\" data-e-type=\"widget\" data-widget_type=\"heading.default\">\n\t\t\t\t<div class=\"elementor-widget-container\">\n\t\t\t\t\t<h2 class=\"elementor-heading-title elementor-size-default\">Grupos e Eventos Corporativos <\/h2>\t\t\t\t<\/div>\n\t\t\t\t<\/div>\n\t\t\t\t<div class=\"elementor-element elementor-element-68c5f05 elementor-widget elementor-widget-text-editor\" data-id=\"68c5f05\" data-element_type=\"widget\" data-e-type=\"widget\" data-widget_type=\"text-editor.default\">\n\t\t\t\t<div class=\"elementor-widget-container\">\n\t\t\t\t\t\t\t\t\t<p>Whether you\u2019re looking for group tours in Sardinia or corporate events in Corsica, our VIP travel experts can take care of everything. Visiting Sardinia and Corsica gives you something you won\u2019t find in the more famous Mediterranean holiday resorts.<br \/>Arrange a once-in-a-lifetime trip for all the family, or impress your existing and prospective clients with excursions and group activities they\u2019ll never forget. From its crystal-clear, turquoise coastal waters to its historic landmarks and architecture, these two gorgeous islands are always best enjoyed with others and our luxury travel experts.<\/p>\t\t\t\t\t\t\t\t<\/div>\n\t\t\t\t<\/div>\n\t\t\t\t<\/div>\n\t\t<div class=\"elementor-element elementor-element-f904b77 e-con-full e-flex e-con e-child\" data-id=\"f904b77\" data-element_type=\"container\" data-e-type=\"container\">\n\t\t\t\t<div class=\"elementor-element elementor-element-f94f5b8 elementor-widget elementor-widget-image\" data-id=\"f94f5b8\" data-element_type=\"widget\" data-e-type=\"widget\" data-widget_type=\"image.default\">\n\t\t\t\t<div class=\"elementor-widget-container\">\n\t\t\t\t\t\t\t\t\t\t\t\t\t\t\t<img loading=\"lazy\" decoding=\"async\" width=\"1024\" height=\"1024\" src=\"https:\/\/old.visitsardinia.vip\/wp-content\/uploads\/2023\/01\/A20C6DA6-7734-4878-9EE8-806576821437-1024x768-1-1024x1024.jpeg\" class=\"attachment-large size-large wp-image-16518\" alt=\"Especialistas em viagens de luxo\" srcset=\"https:\/\/old.visitsardinia.vip\/wp-content\/uploads\/2023\/01\/A20C6DA6-7734-4878-9EE8-806576821437-1024x768-1-1024x1024.jpeg 1024w, https:\/\/old.visitsardinia.vip\/wp-content\/uploads\/2023\/01\/A20C6DA6-7734-4878-9EE8-806576821437-1024x768-1-300x300.jpeg 300w, https:\/\/old.visitsardinia.vip\/wp-content\/uploads\/2023\/01\/A20C6DA6-7734-4878-9EE8-806576821437-1024x768-1-150x150.jpeg 150w, https:\/\/old.visitsardinia.vip\/wp-content\/uploads\/2023\/01\/A20C6DA6-7734-4878-9EE8-806576821437-1024x768-1-1536x1536.jpeg 1536w, https:\/\/old.visitsardinia.vip\/wp-content\/uploads\/2023\/01\/A20C6DA6-7734-4878-9EE8-806576821437-1024x768-1-2048x2048.jpeg 2048w\" sizes=\"(max-width: 1024px) 100vw, 1024px\" title=\"\">\t\t\t\t\t\t\t\t\t\t\t\t\t\t\t<\/div>\n\t\t\t\t<\/div>\n\t\t\t\t<\/div>\n\t\t\t\t<\/div>\n\t\t<div class=\"elementor-element elementor-element-898d4e7 e-con-full e-flex e-con e-parent\" data-id=\"898d4e7\" data-element_type=\"container\" data-e-type=\"container\" data-settings=\"{&quot;background_background&quot;:&quot;classic&quot;}\">\n\t\t<div class=\"elementor-element elementor-element-111e036 e-con-full e-flex e-con e-child\" data-id=\"111e036\" data-element_type=\"container\" data-e-type=\"container\">\n\t\t\t\t<div class=\"elementor-element elementor-element-4dbd73a elementor-widget elementor-widget-heading\" data-id=\"4dbd73a\" data-element_type=\"widget\" data-e-type=\"widget\" data-widget_type=\"heading.default\">\n\t\t\t\t<div class=\"elementor-widget-container\">\n\t\t\t\t\t<h2 class=\"elementor-heading-title elementor-size-default\">Casamentos e lua de mel na Sardenha e na C\u00f3rsega<\/h2>\t\t\t\t<\/div>\n\t\t\t\t<\/div>\n\t\t\t\t<div class=\"elementor-element elementor-element-b1ff5fd elementor-widget elementor-widget-text-editor\" data-id=\"b1ff5fd\" data-element_type=\"widget\" data-e-type=\"widget\" data-widget_type=\"text-editor.default\">\n\t\t\t\t<div class=\"elementor-widget-container\">\n\t\t\t\t\t\t\t\t\t<p>We can honestly say that there\u2019s no more beautiful place for a wedding or honeymoon in the world than Sardinia. That\u2019s why we love organising bespoke wedding packages that include luxury hotels, breathtaking vistas, local delicacies, sun-kissed beaches and stunning natural beauty at every turn.<br>Whether you\u2019re getting married for the first time, renewing your vows or whisking your loved one away on a romantic honeymoon, our travel experts will take care of everything. We\u2019ll give you a choice of stunning wedding and honeymoon locations that befit such a momentous occasion. True love deserves a beautiful backdrop for such beautiful acts of love \u2014 and that\u2019s exactly what you, your partner, and your families will get with a bespoke wedding and honeymoon in Sardinia.<\/p>\n<p>&nbsp;Os nossos especialistas em viagens de luxo oferecem servi\u00e7os de viagem sem paralelo que satisfazem os que procuram as melhores experi\u00eancias. Quer esteja a explorar as paisagens deslumbrantes de<a href=\"https:\/\/old.visitsardinia.vip\/pt\/\"> Sardenha <\/a>ou desfrutar do encanto da C\u00f3rsega, os nossos especialistas oferecem itiner\u00e1rios personalizados e acesso exclusivo ao melhor que estes destinos oferecem. <span style=\"letter-spacing: 0px; word-spacing: 0em;\">Para mais informa\u00e7\u00f5es sobre a Sardenha e a C\u00f3rsega, <\/span><a style=\"letter-spacing: 0px; word-spacing: 0em;\" href=\"https:\/\/en.wikipedia.org\/wiki\/Sardinia_and_Corsica\" target=\"_blank\" rel=\"noopener\">click here<\/a><span style=\"letter-spacing: 0px; word-spacing: 0em;\">.<\/span><\/p>\n<p class=\"MsoNormal\" style=\"border: none; mso-padding-alt: 31.0pt 31.0pt 31.0pt 31.0pt; mso-border-shadow: yes;\">\n<\/p>\t\t\t\t\t\t\t\t<\/div>\n\t\t\t\t<\/div>\n\t\t\t\t<\/div>\n\t\t<div class=\"elementor-element elementor-element-5a22954 e-con-full e-flex e-con e-child\" data-id=\"5a22954\" data-element_type=\"container\" data-e-type=\"container\">\n\t\t\t\t<div class=\"elementor-element elementor-element-b9f4d4a elementor-widget elementor-widget-image\" data-id=\"b9f4d4a\" data-element_type=\"widget\" data-e-type=\"widget\" data-widget_type=\"image.default\">\n\t\t\t\t<div class=\"elementor-widget-container\">\n\t\t\t\t\t\t\t\t\t\t\t\t\t\t\t<img loading=\"lazy\" decoding=\"async\" width=\"1024\" height=\"1024\" src=\"https:\/\/old.visitsardinia.vip\/wp-content\/uploads\/2019\/03\/IMG_0588-1024x1024.jpg\" class=\"attachment-large size-large wp-image-9907\" alt=\"Especialistas em viagens de luxo\" srcset=\"https:\/\/old.visitsardinia.vip\/wp-content\/uploads\/2019\/03\/IMG_0588-1024x1024.jpg 1024w, https:\/\/old.visitsardinia.vip\/wp-content\/uploads\/2019\/03\/IMG_0588-300x300.jpg 300w, https:\/\/old.visitsardinia.vip\/wp-content\/uploads\/2019\/03\/IMG_0588-150x150.jpg 150w, https:\/\/old.visitsardinia.vip\/wp-content\/uploads\/2019\/03\/IMG_0588-1536x1536.jpg 1536w, https:\/\/old.visitsardinia.vip\/wp-content\/uploads\/2019\/03\/IMG_0588-2048x2048.jpg 2048w\" sizes=\"(max-width: 1024px) 100vw, 1024px\" title=\"\">\t\t\t\t\t\t\t\t\t\t\t\t\t\t\t<\/div>\n\t\t\t\t<\/div>\n\t\t\t\t<\/div>\n\t\t\t\t<\/div>\n\t\t<div class=\"elementor-element elementor-element-176a6de e-flex e-con-boxed e-con e-parent\" data-id=\"176a6de\" data-element_type=\"container\" data-e-type=\"container\" data-settings=\"{&quot;background_background&quot;:&quot;gradient&quot;}\">\n\t\t\t\t\t<div class=\"e-con-inner\">\n\t\t\t\t<div class=\"elementor-element elementor-element-5c2d6521 elementor-widget elementor-widget-heading\" data-id=\"5c2d6521\" data-element_type=\"widget\" data-e-type=\"widget\" data-widget_type=\"heading.default\">\n\t\t\t\t<div class=\"elementor-widget-container\">\n\t\t\t\t\t<h3 class=\"elementor-heading-title elementor-size-default\">Suas f\u00e9rias sob medida na Sardenha est\u00e3o a apenas uma conversa amig\u00e1vel de dist\u00e2ncia<\/h3>\t\t\t\t<\/div>\n\t\t\t\t<\/div>\n\t\t\t\t<div class=\"elementor-element elementor-element-59d63886 elementor-widget elementor-widget-text-editor\" data-id=\"59d63886\" data-element_type=\"widget\" data-e-type=\"widget\" data-widget_type=\"text-editor.default\">\n\t\t\t\t<div class=\"elementor-widget-container\">\n\t\t\t\t\t\t\t\t\t<p>Conte-nos como podemos realizar seus sonhos de viagens de luxo no Mediterr\u00e2neo<\/p>\t\t\t\t\t\t\t\t<\/div>\n\t\t\t\t<\/div>\n\t\t\t\t<div class=\"elementor-element elementor-element-60e1deac elementor-mobile-align-center elementor-align-center elementor-widget elementor-widget-button\" data-id=\"60e1deac\" data-element_type=\"widget\" data-e-type=\"widget\" data-widget_type=\"button.default\">\n\t\t\t\t<div class=\"elementor-widget-container\">\n\t\t\t\t\t\t\t\t\t<div class=\"elementor-button-wrapper\">\n\t\t\t\t\t<a class=\"elementor-button elementor-button-link elementor-size-sm\" href=\"https:\/\/old.visitsardinia.vip\/pt\/planear-uma-viagem\/\">\n\t\t\t\t\t\t<span class=\"elementor-button-content-wrapper\">\n\t\t\t\t\t\t\t\t\t<span class=\"elementor-button-text\">PLANEJAR UMA VIAGEM<\/span>\n\t\t\t\t\t<\/span>\n\t\t\t\t\t<\/a>\n\t\t\t\t<\/div>\n\t\t\t\t\t\t\t\t<\/div>\n\t\t\t\t<\/div>\n\t\t\t\t\t<\/div>\n\t\t\t\t<\/div>\n\t\t\t\t<\/div>","protected":false},"excerpt":{"rendered":"<p>Our Corsica and Sardinia Travel Experts Are at Your Service A premium tour operator doesn\u2019t just book hotels and plan excursions, they listen to the requirements of their clients and create fully bespoke itineraries. Our luxury travel experts will combine your wish list with our first-hand experience of both Sardinia and Corsica to create vacation [&hellip;]<\/p>\n","protected":false},"author":1,"featured_media":0,"parent":0,"menu_order":0,"comment_status":"closed","ping_status":"closed","template":"template-blank.php","meta":{"footnotes":""},"folder":[],"class_list":["post-16984","page","type-page","status-publish","has-post-thumbnail","hentry"],"_links":{"self":[{"href":"https:\/\/old.visitsardinia.vip\/pt\/wp-json\/wp\/v2\/pages\/16984","targetHints":{"allow":["GET"]}}],"collection":[{"href":"https:\/\/old.visitsardinia.vip\/pt\/wp-json\/wp\/v2\/pages"}],"about":[{"href":"https:\/\/old.visitsardinia.vip\/pt\/wp-json\/wp\/v2\/types\/page"}],"author":[{"embeddable":true,"href":"https:\/\/old.visitsardinia.vip\/pt\/wp-json\/wp\/v2\/users\/1"}],"replies":[{"embeddable":true,"href":"https:\/\/old.visitsardinia.vip\/pt\/wp-json\/wp\/v2\/comments?post=16984"}],"version-history":[{"count":0,"href":"https:\/\/old.visitsardinia.vip\/pt\/wp-json\/wp\/v2\/pages\/16984\/revisions"}],"wp:attachment":[{"href":"https:\/\/old.visitsardinia.vip\/pt\/wp-json\/wp\/v2\/media?parent=16984"}],"wp:term":[{"taxonomy":"folder","embeddable":true,"href":"https:\/\/old.visitsardinia.vip\/pt\/wp-json\/wp\/v2\/folder?post=16984"}],"curies":[{"name":"wp","href":"https:\/\/api.w.org\/{rel}","templated":true}]}}