{"id":13341,"date":"2021-11-24T12:38:18","date_gmt":"2021-11-24T12:38:18","guid":{"rendered":"https:\/\/staging.visitsardinia.vip\/?page_id=13341"},"modified":"2024-02-06T15:52:24","modified_gmt":"2024-02-06T15:52:24","slug":"agentes","status":"publish","type":"page","link":"https:\/\/old.visitsardinia.vip\/pt\/agentes\/","title":{"rendered":"Agentes"},"content":{"rendered":"<div data-elementor-type=\"wp-page\" data-elementor-id=\"13341\" class=\"elementor elementor-13341\" data-elementor-post-type=\"page\">\n\t\t\t\t\t\t<section class=\"elementor-section elementor-top-section elementor-element elementor-element-6f637f3c elementor-section-boxed elementor-section-height-default elementor-section-height-default\" data-id=\"6f637f3c\" data-element_type=\"section\" data-e-type=\"section\">\n\t\t\t\t\t\t<div class=\"elementor-container elementor-column-gap-default\">\n\t\t\t\t\t<div class=\"elementor-column elementor-col-100 elementor-top-column elementor-element elementor-element-5f200ca4\" data-id=\"5f200ca4\" data-element_type=\"column\" data-e-type=\"column\">\n\t\t\t<div class=\"elementor-widget-wrap elementor-element-populated\">\n\t\t\t\t\t\t<div class=\"elementor-element elementor-element-30a0c506 elementor-widget elementor-widget-text-editor\" data-id=\"30a0c506\" data-element_type=\"widget\" data-e-type=\"widget\" data-widget_type=\"text-editor.default\">\n\t\t\t\t<div class=\"elementor-widget-container\">\n\t\t\t\t\t\t\t\t\t<h5>\u00c9 um agente de viagens que procura um parceiro de confian\u00e7a que o ajude a proporcionar aos seus clientes uma viagem inesquec\u00edvel \u00e0 Sardenha ou \u00e0 C\u00f3rsega?<\/h5><h5>Look no further than Visit Sardinia\u00ae VIP.<\/h5><p>\u00a0<\/p><p>Como um <strong>operadora l\u00edder de turismo receptivo de luxo e empresa de gerenciamento de destinos premiada com sede na Sardenha<\/strong>, trabalhamos com ag\u00eancias de viagens de primeira linha de todo o mundo para fornecer servi\u00e7os inigual\u00e1veis para clientes que viajam para a Sardenha, C\u00f3rsega e toda a It\u00e1lia.<\/p><p>Nossos programas B2B oferecem aos agentes de viagens a oportunidade de fornecer a seus clientes um novo produto de viagens de alto padr\u00e3o com tarifas exclusivas. E com nossas tarifas competitivas de hospedagem e passeios, roteiros personalizados sob medida para seus clientes? necessidades e or\u00e7amento, e servi\u00e7o profissional de nossa equipe de especialistas locais altamente qualificados, voc\u00ea pode ter certeza de que seus clientes estar\u00e3o em boas m\u00e3os.<\/p><h6>\u00a0<\/h6><p>Mas isso n\u00e3o \u00e9 tudo. Quando voc\u00ea faz parceria conosco, seus clientes tamb\u00e9m desfrutam de tratamento especial, servi\u00e7o dedicado, upgrades e benef\u00edcios durante toda a estadia. E com nosso servi\u00e7o pessoal 24 horas por dia, 7 dias por semana, webinars, consultas e viagens em fam\u00edlia, voc\u00ea ter\u00e1 todo o suporte necess\u00e1rio para proporcionar aos seus clientes uma experi\u00eancia de viagem inesquec\u00edvel.<\/p><p>\u00a0<\/p><h6>Pronto para iniciar nossa parceria?<\/h6><p>Basta enviar-nos os dados da sua empresa para se registar como nosso parceiro e usufruir de tarifas e vantagens especiais reservadas \u00e0s ag\u00eancias de viagens.<\/p><p>Se voc\u00ea tiver alguma d\u00favida ou pergunta, n\u00e3o hesite em nos enviar um e-mail para <a href=\"\/pt\/info@old.visitsardinia.vip\/\">info@old.visitsardinia.vip<\/a><\/p><p>Estamos ansiosos para receb\u00ea-lo como um de nossos valiosos parceiros!<\/p>\t\t\t\t\t\t\t\t<\/div>\n\t\t\t\t<\/div>\n\t\t\t\t\t<\/div>\n\t\t<\/div>\n\t\t\t\t\t<\/div>\n\t\t<\/section>\n\t\t\t\t<\/div>","protected":false},"excerpt":{"rendered":"<p>Are you a travel agent looking for a reliable partner to help you provide your clients with an unforgettable trip to Sardinia or Corsica? Look no further than Visit Sardinia\u00ae VIP. As a leading luxury inbound tour operator and award-winning destination management company based in Sardinia, we work with top-tier travel agencies from around the [&hellip;]<\/p>\n","protected":false},"author":1,"featured_media":9693,"parent":0,"menu_order":0,"comment_status":"closed","ping_status":"closed","template":"","meta":{"footnotes":""},"folder":[],"class_list":["post-13341","page","type-page","status-publish","has-post-thumbnail","hentry"],"_links":{"self":[{"href":"https:\/\/old.visitsardinia.vip\/pt\/wp-json\/wp\/v2\/pages\/13341","targetHints":{"allow":["GET"]}}],"collection":[{"href":"https:\/\/old.visitsardinia.vip\/pt\/wp-json\/wp\/v2\/pages"}],"about":[{"href":"https:\/\/old.visitsardinia.vip\/pt\/wp-json\/wp\/v2\/types\/page"}],"author":[{"embeddable":true,"href":"https:\/\/old.visitsardinia.vip\/pt\/wp-json\/wp\/v2\/users\/1"}],"replies":[{"embeddable":true,"href":"https:\/\/old.visitsardinia.vip\/pt\/wp-json\/wp\/v2\/comments?post=13341"}],"version-history":[{"count":0,"href":"https:\/\/old.visitsardinia.vip\/pt\/wp-json\/wp\/v2\/pages\/13341\/revisions"}],"wp:featuredmedia":[{"embeddable":true,"href":"https:\/\/old.visitsardinia.vip\/pt\/wp-json\/wp\/v2\/media\/9693"}],"wp:attachment":[{"href":"https:\/\/old.visitsardinia.vip\/pt\/wp-json\/wp\/v2\/media?parent=13341"}],"wp:term":[{"taxonomy":"folder","embeddable":true,"href":"https:\/\/old.visitsardinia.vip\/pt\/wp-json\/wp\/v2\/folder?post=13341"}],"curies":[{"name":"wp","href":"https:\/\/api.w.org\/{rel}","templated":true}]}}