{"id":18831,"date":"2023-04-21T14:52:30","date_gmt":"2023-04-21T14:52:30","guid":{"rendered":"https:\/\/old.visitsardinia.vip\/?page_id=18831"},"modified":"2023-04-21T14:58:33","modified_gmt":"2023-04-21T14:58:33","slug":"diventare-partner","status":"publish","type":"page","link":"https:\/\/old.visitsardinia.vip\/it\/diventare-partner\/","title":{"rendered":"Diventare partner"},"content":{"rendered":"<div data-elementor-type=\"wp-page\" data-elementor-id=\"18831\" class=\"elementor elementor-18831\" data-elementor-post-type=\"page\">\n\t\t\t\t\t\t<section class=\"elementor-section elementor-top-section elementor-element elementor-element-54902a8d elementor-section-boxed elementor-section-height-default elementor-section-height-default\" data-id=\"54902a8d\" data-element_type=\"section\" data-e-type=\"section\">\n\t\t\t\t\t\t<div class=\"elementor-container elementor-column-gap-default\">\n\t\t\t\t\t<div class=\"elementor-column elementor-col-100 elementor-top-column elementor-element elementor-element-21affe29\" data-id=\"21affe29\" data-element_type=\"column\" data-e-type=\"column\">\n\t\t\t<div class=\"elementor-widget-wrap elementor-element-populated\">\n\t\t\t\t\t\t<section class=\"elementor-section elementor-inner-section elementor-element elementor-element-bc1d215 elementor-section-boxed elementor-section-height-default elementor-section-height-default\" data-id=\"bc1d215\" data-element_type=\"section\" data-e-type=\"section\" data-settings=\"{&quot;background_background&quot;:&quot;classic&quot;}\">\n\t\t\t\t\t\t<div class=\"elementor-container elementor-column-gap-default\">\n\t\t\t\t\t<div class=\"elementor-column elementor-col-16 elementor-inner-column elementor-element elementor-element-52e6a287\" data-id=\"52e6a287\" data-element_type=\"column\" data-e-type=\"column\">\n\t\t\t<div class=\"elementor-widget-wrap\">\n\t\t\t\t\t\t\t<\/div>\n\t\t<\/div>\n\t\t\t\t<div class=\"elementor-column elementor-col-66 elementor-inner-column elementor-element elementor-element-270ffd96\" data-id=\"270ffd96\" data-element_type=\"column\" data-e-type=\"column\" data-settings=\"{&quot;background_background&quot;:&quot;classic&quot;}\">\n\t\t\t<div class=\"elementor-widget-wrap elementor-element-populated\">\n\t\t\t\t\t\t<div class=\"elementor-element elementor-element-4fcccc2e elementor-widget elementor-widget-heading\" data-id=\"4fcccc2e\" data-element_type=\"widget\" data-e-type=\"widget\" data-widget_type=\"heading.default\">\n\t\t\t\t<div class=\"elementor-widget-container\">\n\t\t\t\t\t<h2 class=\"elementor-heading-title elementor-size-default\">Unisciti alla famiglia VIP di Visit Sardinia e ottieni di pi\u00f9 insieme!<\/h2>\t\t\t\t<\/div>\n\t\t\t\t<\/div>\n\t\t\t\t\t<\/div>\n\t\t<\/div>\n\t\t\t\t<div class=\"elementor-column elementor-col-16 elementor-inner-column elementor-element elementor-element-321dc2c4\" data-id=\"321dc2c4\" data-element_type=\"column\" data-e-type=\"column\">\n\t\t\t<div class=\"elementor-widget-wrap\">\n\t\t\t\t\t\t\t<\/div>\n\t\t<\/div>\n\t\t\t\t\t<\/div>\n\t\t<\/section>\n\t\t\t\t\t<\/div>\n\t\t<\/div>\n\t\t\t\t\t<\/div>\n\t\t<\/section>\n\t\t<div class=\"elementor-element elementor-element-0b42639 e-flex e-con-boxed e-con e-parent\" data-id=\"0b42639\" data-element_type=\"container\" data-e-type=\"container\">\n\t\t\t\t\t<div class=\"e-con-inner\">\n\t\t\t\t<div class=\"elementor-element elementor-element-53fdd8d elementor-widget elementor-widget-text-editor\" data-id=\"53fdd8d\" data-element_type=\"widget\" data-e-type=\"widget\" data-widget_type=\"text-editor.default\">\n\t\t\t\t<div class=\"elementor-widget-container\">\n\t\t\t\t\t\t\t\t\t<h5>Collaborare, connettersi e crescere<\/h5><p>Siete titolari di un'attivit\u00e0 commerciale in Sardegna e volete attirare pi\u00f9 clienti e aumentare la vostra visibilit\u00e0? Diventando partner di Visit Sardinia VIP, avrete l'opportunit\u00e0 di mostrare la vostra attivit\u00e0 a un vasto pubblico di viaggiatori e turisti, e vedrete crescere la vostra clientela!<\/p><p>In qualit\u00e0 di partner, potrete creare un profilo straordinario per la vostra attivit\u00e0 sul nostro sito web, completo di foto accattivanti, descrizioni allettanti e tutte le informazioni di contatto necessarie ai visitatori per trovarvi. Inoltre, avrete la possibilit\u00e0 di offrire offerte e promozioni esclusive agli utenti VIP di Visit Sardinia.<\/p><p><strong>As a partner, you&#8217;ll also benefit from:<\/strong><br \/>&#8211; Increased visibility on our website and social media channels<br \/>&#8211; Access to our extensive network of partners and collaborators<br \/>&#8211; Opportunities for cross-promotion and collaboration with other businesses<br \/>&#8211; Dedicated support from our team to help you make the most of your partnership<\/p><p>Non perdete questa incredibile opportunit\u00e0 di far crescere il vostro business e raggiungere nuovi clienti. Contattateci oggi stesso per saperne di pi\u00f9 su come diventare partner di Visit Sardinia VIP!<\/p><p>\u00a0<\/p>\t\t\t\t\t\t\t\t<\/div>\n\t\t\t\t<\/div>\n\t\t\t\t\t<\/div>\n\t\t\t\t<\/div>\n\t\t<div class=\"elementor-element elementor-element-7019eb0 e-flex e-con-boxed e-con e-parent\" data-id=\"7019eb0\" data-element_type=\"container\" data-e-type=\"container\" data-settings=\"{&quot;background_background&quot;:&quot;gradient&quot;}\">\n\t\t\t\t\t<div class=\"e-con-inner\">\n\t\t\t\t<div class=\"elementor-element elementor-element-ac0f179 elementor-widget elementor-widget-heading\" data-id=\"ac0f179\" data-element_type=\"widget\" data-e-type=\"widget\" data-widget_type=\"heading.default\">\n\t\t\t\t<div class=\"elementor-widget-container\">\n\t\t\t\t\t<h3 class=\"elementor-heading-title elementor-size-default\">Come funziona<\/h3>\t\t\t\t<\/div>\n\t\t\t\t<\/div>\n\t\t\t\t<div class=\"elementor-element elementor-element-842e24b elementor-widget elementor-widget-text-editor\" data-id=\"842e24b\" data-element_type=\"widget\" data-e-type=\"widget\" data-widget_type=\"text-editor.default\">\n\t\t\t\t<div class=\"elementor-widget-container\">\n\t\t\t\t\t\t\t\t\t<h5>Ecco i passaggi per registrarsi come azienda partner di Visit Sardinia VIP:<\/h5><ol><li><p>Contattare Visit Sardinia VIP per telefono o via e-mail a <a class=\"Markdown_link__9ACHA\" href=\"mailto:partners@visitsardiniavip.com\" target=\"_blank\" rel=\"noopener\">partners@old.visitsardinia.vip<\/a>. Esprimete il vostro interesse a diventare partner e fornite alcuni dettagli sulla vostra attivit\u00e0, sulla sede, sui servizi e sugli obiettivi della partnership.<\/p><\/li><li><p><a class=\"Markdown_link__9ACHA MarkdownLink_linkifiedLink__KxC9G\">Visitare la Sardegna VIP<\/a>\u00a0fisser\u00e0 una telefonata o un incontro per discutere pi\u00f9 approfonditamente della partnership. Portate con voi informazioni quali\u00a0<a class=\"Markdown_link__9ACHA MarkdownLink_linkifiedLink__KxC9G\">nome dell'azienda<\/a>, indirizzo,\u00a0<a class=\"Markdown_link__9ACHA MarkdownLink_linkifiedLink__KxC9G\">dettagli di contatto<\/a>, immagini aziendali, URL del sito web, descrizione dei servizi, ecc.<\/p><\/li><li><p>Se approvato per la partnership, riceverete\u00a0<a class=\"Markdown_link__9ACHA MarkdownLink_linkifiedLink__KxC9G\">dettagli di accesso<\/a>\u00a0per accedere al vostro nuovo profilo di partner. Lavorare con il\u00a0<a class=\"Markdown_link__9ACHA MarkdownLink_linkifiedLink__KxC9G\">Visita il team VIP della Sardegna<\/a>\u00a0per impostare e ottimizzare il vostro profilo, caricando anche immagini di alta qualit\u00e0 della vostra attivit\u00e0, dei vostri servizi e della vostra sede.<\/p><\/li><li><p>Fornire dettagli su qualsiasi\u00a0<a class=\"Markdown_link__9ACHA MarkdownLink_linkifiedLink__KxC9G\">offerte speciali di lancio<\/a>promozioni, sconti o pacchetti che volete mettere in evidenza come offerta esclusiva per i soci VIP di Visit Sardinia. Il team si occuper\u00e0 di inserire le vostre offerte nel sito web e di promuoverle ai soci.<\/p><\/li><li><p>Per un\u00a0<a class=\"Markdown_link__9ACHA MarkdownLink_linkifiedLink__KxC9G\">iscrizione a pagamento<\/a>\u00a0per accedere a servizi speciali e\u00a0<a class=\"Markdown_link__9ACHA MarkdownLink_linkifiedLink__KxC9G\">promozione rafforzata<\/a>, there is an annual partnership registration fee of \u20ac250.\u00a0 pay the annual partnership registration fee of \u20ac250, via bank transfer or credit card. The fee covers setup, <a class=\"Markdown_link__9ACHA MarkdownLink_linkifiedLink__KxC9G\">ottimizzazione del profilo<\/a>e la promozione della vostra attivit\u00e0 per tutto l'anno sulle piattaforme VIP di Visit Sardinia.<\/p><\/li><li><p>Continuare a collaborare con Visit Sardinia VIP su come incrementare le visite, i clic, le prenotazioni e le vendite dalla loro rete di viaggiatori e locali. Modificare il profilo e le offerte nel tempo in base alle prestazioni e ai feedback.<\/p><\/li><li><p>Recensione\u00a0<a class=\"Markdown_link__9ACHA MarkdownLink_linkifiedLink__KxC9G\">metriche di partnership<\/a>\u00a0almeno trimestralmente, comprese le visualizzazioni del profilo, i clic, le sessioni, le conversioni e le entrate generate. Fornite ulteriori feedback o richiedete nuove funzionalit\u00e0 in qualsiasi momento.<\/p><\/li><li><p>Rinnovate la vostra partnership prima della data dell'anniversario annuale per mantenere la visibilit\u00e0 su Visit Sardinia VIP e continuare a sfruttare tutti i vantaggi. I rinnovi costano 200 euro all'anno per i partner che ritornano.<\/p><\/li><\/ol>\t\t\t\t\t\t\t\t<\/div>\n\t\t\t\t<\/div>\n\t\t\t\t<div class=\"elementor-element elementor-element-05f3785 elementor-align-center elementor-widget elementor-widget-button\" data-id=\"05f3785\" data-element_type=\"widget\" data-e-type=\"widget\" data-widget_type=\"button.default\">\n\t\t\t\t<div class=\"elementor-widget-container\">\n\t\t\t\t\t\t\t\t\t<div class=\"elementor-button-wrapper\">\n\t\t\t\t\t<a class=\"elementor-button elementor-button-link elementor-size-sm\" href=\"https:\/\/modmixmap.wpengine.com\/register\/\" target=\"_blank\" rel=\"noopener\">\n\t\t\t\t\t\t<span class=\"elementor-button-content-wrapper\">\n\t\t\t\t\t\t\t\t\t<span class=\"elementor-button-text\">Candidarsi ora<\/span>\n\t\t\t\t\t<\/span>\n\t\t\t\t\t<\/a>\n\t\t\t\t<\/div>\n\t\t\t\t\t\t\t\t<\/div>\n\t\t\t\t<\/div>\n\t\t\t\t\t<\/div>\n\t\t\t\t<\/div>\n\t\t\t\t<section class=\"elementor-section elementor-top-section elementor-element elementor-element-3ad9a31 elementor-section-boxed elementor-section-height-default elementor-section-height-default\" data-id=\"3ad9a31\" data-element_type=\"section\" data-e-type=\"section\" data-settings=\"{&quot;background_background&quot;:&quot;classic&quot;}\">\n\t\t\t\t\t\t<div class=\"elementor-container elementor-column-gap-default\">\n\t\t\t\t\t<div class=\"elementor-column elementor-col-100 elementor-top-column elementor-element elementor-element-7a5b123\" data-id=\"7a5b123\" data-element_type=\"column\" data-e-type=\"column\">\n\t\t\t<div class=\"elementor-widget-wrap elementor-element-populated\">\n\t\t\t\t\t\t<section class=\"elementor-section elementor-inner-section elementor-element elementor-element-bf5445f elementor-section-boxed elementor-section-height-default elementor-section-height-default\" data-id=\"bf5445f\" data-element_type=\"section\" data-e-type=\"section\">\n\t\t\t\t\t\t<div class=\"elementor-container elementor-column-gap-default\">\n\t\t\t\t\t<div class=\"elementor-column elementor-col-25 elementor-inner-column elementor-element elementor-element-333a35e\" data-id=\"333a35e\" data-element_type=\"column\" data-e-type=\"column\">\n\t\t\t<div class=\"elementor-widget-wrap\">\n\t\t\t\t\t\t\t<\/div>\n\t\t<\/div>\n\t\t\t\t<div class=\"elementor-column elementor-col-50 elementor-inner-column elementor-element elementor-element-c0686e9\" data-id=\"c0686e9\" data-element_type=\"column\" data-e-type=\"column\">\n\t\t\t<div class=\"elementor-widget-wrap elementor-element-populated\">\n\t\t\t\t\t\t<div class=\"elementor-element elementor-element-dbce4c5 elementor-widget elementor-widget-heading\" data-id=\"dbce4c5\" data-element_type=\"widget\" data-e-type=\"widget\" data-widget_type=\"heading.default\">\n\t\t\t\t<div class=\"elementor-widget-container\">\n\t\t\t\t\t<h2 class=\"elementor-heading-title elementor-size-default\">Domande frequenti<\/h2>\t\t\t\t<\/div>\n\t\t\t\t<\/div>\n\t\t\t\t\t<\/div>\n\t\t<\/div>\n\t\t\t\t<div class=\"elementor-column elementor-col-25 elementor-inner-column elementor-element elementor-element-673f38d\" data-id=\"673f38d\" data-element_type=\"column\" data-e-type=\"column\">\n\t\t\t<div class=\"elementor-widget-wrap\">\n\t\t\t\t\t\t\t<\/div>\n\t\t<\/div>\n\t\t\t\t\t<\/div>\n\t\t<\/section>\n\t\t\t\t<section class=\"elementor-section elementor-inner-section elementor-element elementor-element-5a55247 elementor-section-boxed elementor-section-height-default elementor-section-height-default\" data-id=\"5a55247\" data-element_type=\"section\" data-e-type=\"section\">\n\t\t\t\t\t\t<div class=\"elementor-container elementor-column-gap-default\">\n\t\t\t\t\t<div class=\"elementor-column elementor-col-50 elementor-inner-column elementor-element elementor-element-c8999fe\" data-id=\"c8999fe\" data-element_type=\"column\" data-e-type=\"column\">\n\t\t\t<div class=\"elementor-widget-wrap elementor-element-populated\">\n\t\t\t\t\t\t<div class=\"elementor-element elementor-element-1e5dcbb elementor-widget elementor-widget-st_faq\" data-id=\"1e5dcbb\" data-element_type=\"widget\" data-e-type=\"widget\" data-widget_type=\"st_faq.default\">\n\t\t\t\t<div class=\"elementor-widget-container\">\n\t\t\t\t\t<div class=\"accordion faq style1\" id=\"accordion_who-can-become-a-local-expert-with-visit-sardinia-vip\">\r\n    <div class=\"accordion-item\">\r\n        <h2 class=\"accordion-header\" id=\"heading_who-can-become-a-local-expert-with-visit-sardinia-vip\">\r\n            <button class=\"accordion-button   collapsed\"\r\n                type=\"button\"\r\n                data-bs-toggle=\"collapse\"\r\n                data-bs-target=\"#st-who-can-become-a-local-expert-with-visit-sardinia-vip\"\r\n                aria-expanded=\"false\"\r\n                aria-controls=\"who-can-become-a-local-expert-with-visit-sardinia-vip\"\r\n            >\r\n                Who can become a local expert with Visit Sardinia\u00ae VIP?            <\/button>\r\n        <\/h2>\r\n        <div id=\"st-who-can-become-a-local-expert-with-visit-sardinia-vip\" class=\"accordion-collapse collapse\"\r\n            aria-labelledby=\"heading_who-can-become-a-local-expert-with-visit-sardinia-vip\"\r\n            data-bs-parent=\"#accordion_who-can-become-a-local-expert-with-visit-sardinia-vip\"\r\n        >\r\n            <div class=\"accordion-body\">\r\n                Chiunque abbia una vasta conoscenza della cultura locale, della storia e delle attrazioni della Sardegna e della Corsica pu\u00f2 candidarsi per diventare un esperto locale con Visit Sardinia\u00ae VIP. Cerchiamo persone appassionate e desiderose di condividere con gli altri il loro amore per queste destinazioni.            <\/div>\r\n        <\/div>\r\n    <\/div>\r\n<\/div>\r\n\t\t\t\t<\/div>\n\t\t\t\t<\/div>\n\t\t\t\t<div class=\"elementor-element elementor-element-35045b1 elementor-widget elementor-widget-st_faq\" data-id=\"35045b1\" data-element_type=\"widget\" data-e-type=\"widget\" data-widget_type=\"st_faq.default\">\n\t\t\t\t<div class=\"elementor-widget-container\">\n\t\t\t\t\t<div class=\"accordion faq style1\" id=\"accordion_how-do-i-apply-to-become-a-local-expert\">\r\n    <div class=\"accordion-item\">\r\n        <h2 class=\"accordion-header\" id=\"heading_how-do-i-apply-to-become-a-local-expert\">\r\n            <button class=\"accordion-button   collapsed\"\r\n                type=\"button\"\r\n                data-bs-toggle=\"collapse\"\r\n                data-bs-target=\"#st-how-do-i-apply-to-become-a-local-expert\"\r\n                aria-expanded=\"false\"\r\n                aria-controls=\"how-do-i-apply-to-become-a-local-expert\"\r\n            >\r\n                Come posso candidarmi per diventare un esperto locale?             <\/button>\r\n        <\/h2>\r\n        <div id=\"st-how-do-i-apply-to-become-a-local-expert\" class=\"accordion-collapse collapse\"\r\n            aria-labelledby=\"heading_how-do-i-apply-to-become-a-local-expert\"\r\n            data-bs-parent=\"#accordion_how-do-i-apply-to-become-a-local-expert\"\r\n        >\r\n            <div class=\"accordion-body\">\r\n                Per candidarsi come esperto locale con Visit Sardinia\u00ae VIP, \u00e8 sufficiente compilare il nostro modulo di candidatura online e comunicarci la vostra esperienza e le vostre qualifiche. Esamineremo la vostra candidatura e vi contatteremo al pi\u00f9 presto.            <\/div>\r\n        <\/div>\r\n    <\/div>\r\n<\/div>\r\n\t\t\t\t<\/div>\n\t\t\t\t<\/div>\n\t\t\t\t<div class=\"elementor-element elementor-element-8a3d7b1 elementor-widget elementor-widget-st_faq\" data-id=\"8a3d7b1\" data-element_type=\"widget\" data-e-type=\"widget\" data-widget_type=\"st_faq.default\">\n\t\t\t\t<div class=\"elementor-widget-container\">\n\t\t\t\t\t<div class=\"accordion faq style1\" id=\"accordion_what-are-the-benefits-of-becoming-a-local-expert-with-visit-sardinia-vip\">\r\n    <div class=\"accordion-item\">\r\n        <h2 class=\"accordion-header\" id=\"heading_what-are-the-benefits-of-becoming-a-local-expert-with-visit-sardinia-vip\">\r\n            <button class=\"accordion-button   collapsed\"\r\n                type=\"button\"\r\n                data-bs-toggle=\"collapse\"\r\n                data-bs-target=\"#st-what-are-the-benefits-of-becoming-a-local-expert-with-visit-sardinia-vip\"\r\n                aria-expanded=\"false\"\r\n                aria-controls=\"what-are-the-benefits-of-becoming-a-local-expert-with-visit-sardinia-vip\"\r\n            >\r\n                What are the benefits of becoming a local expert with Visit Sardinia\u00ae VIP?            <\/button>\r\n        <\/h2>\r\n        <div id=\"st-what-are-the-benefits-of-becoming-a-local-expert-with-visit-sardinia-vip\" class=\"accordion-collapse collapse\"\r\n            aria-labelledby=\"heading_what-are-the-benefits-of-becoming-a-local-expert-with-visit-sardinia-vip\"\r\n            data-bs-parent=\"#accordion_what-are-the-benefits-of-becoming-a-local-expert-with-visit-sardinia-vip\"\r\n        >\r\n            <div class=\"accordion-body\">\r\n                In qualit\u00e0 di esperto locale di Visit Sardinia\u00ae VIP, potrete godere di un compenso competitivo, di orari flessibili e dell'opportunit\u00e0 di lavorare con un team di professionisti appassionati di viaggi. Avrete anche la possibilit\u00e0 di mostrare la vostra esperienza e di costruirvi una reputazione come autorit\u00e0 su tutto ci\u00f2 che riguarda la Sardegna e la Corsica.            <\/div>\r\n        <\/div>\r\n    <\/div>\r\n<\/div>\r\n\t\t\t\t<\/div>\n\t\t\t\t<\/div>\n\t\t\t\t\t<\/div>\n\t\t<\/div>\n\t\t\t\t<div class=\"elementor-column elementor-col-50 elementor-inner-column elementor-element elementor-element-2861f09\" data-id=\"2861f09\" data-element_type=\"column\" data-e-type=\"column\">\n\t\t\t<div class=\"elementor-widget-wrap elementor-element-populated\">\n\t\t\t\t\t\t<div class=\"elementor-element elementor-element-8c3e523 elementor-widget elementor-widget-st_faq\" data-id=\"8c3e523\" data-element_type=\"widget\" data-e-type=\"widget\" data-widget_type=\"st_faq.default\">\n\t\t\t\t<div class=\"elementor-widget-container\">\n\t\t\t\t\t<div class=\"accordion faq style1\" id=\"accordion_how-do-i-add-my-services-to-the-platform\">\r\n    <div class=\"accordion-item\">\r\n        <h2 class=\"accordion-header\" id=\"heading_how-do-i-add-my-services-to-the-platform\">\r\n            <button class=\"accordion-button   collapsed\"\r\n                type=\"button\"\r\n                data-bs-toggle=\"collapse\"\r\n                data-bs-target=\"#st-how-do-i-add-my-services-to-the-platform\"\r\n                aria-expanded=\"false\"\r\n                aria-controls=\"how-do-i-add-my-services-to-the-platform\"\r\n            >\r\n                Come posso aggiungere i miei servizi alla piattaforma?            <\/button>\r\n        <\/h2>\r\n        <div id=\"st-how-do-i-add-my-services-to-the-platform\" class=\"accordion-collapse collapse\"\r\n            aria-labelledby=\"heading_how-do-i-add-my-services-to-the-platform\"\r\n            data-bs-parent=\"#accordion_how-do-i-add-my-services-to-the-platform\"\r\n        >\r\n            <div class=\"accordion-body\">\r\n                Una volta approvata la vostra domanda, potrete aggiungere i vostri servizi alla nostra piattaforma. \u00c8 sufficiente accedere al proprio account e seguire le istruzioni per creare un annuncio per ogni servizio offerto.            <\/div>\r\n        <\/div>\r\n    <\/div>\r\n<\/div>\r\n\t\t\t\t<\/div>\n\t\t\t\t<\/div>\n\t\t\t\t<div class=\"elementor-element elementor-element-8bff125 elementor-widget elementor-widget-st_faq\" data-id=\"8bff125\" data-element_type=\"widget\" data-e-type=\"widget\" data-widget_type=\"st_faq.default\">\n\t\t\t\t<div class=\"elementor-widget-container\">\n\t\t\t\t\t<div class=\"accordion faq style1\" id=\"accordion_how-will-i-know-if-someone-has-booked-my-services\">\r\n    <div class=\"accordion-item\">\r\n        <h2 class=\"accordion-header\" id=\"heading_how-will-i-know-if-someone-has-booked-my-services\">\r\n            <button class=\"accordion-button   collapsed\"\r\n                type=\"button\"\r\n                data-bs-toggle=\"collapse\"\r\n                data-bs-target=\"#st-how-will-i-know-if-someone-has-booked-my-services\"\r\n                aria-expanded=\"false\"\r\n                aria-controls=\"how-will-i-know-if-someone-has-booked-my-services\"\r\n            >\r\n                Come faccio a sapere se qualcuno ha prenotato i miei servizi?            <\/button>\r\n        <\/h2>\r\n        <div id=\"st-how-will-i-know-if-someone-has-booked-my-services\" class=\"accordion-collapse collapse\"\r\n            aria-labelledby=\"heading_how-will-i-know-if-someone-has-booked-my-services\"\r\n            data-bs-parent=\"#accordion_how-will-i-know-if-someone-has-booked-my-services\"\r\n        >\r\n            <div class=\"accordion-body\">\r\n                Quando qualcuno prenota uno dei vostri servizi attraverso la nostra piattaforma, riceverete una notifica via e-mail con tutti i dettagli. Potete anche accedere al vostro account in qualsiasi momento per visualizzare le vostre prenotazioni imminenti.            <\/div>\r\n        <\/div>\r\n    <\/div>\r\n<\/div>\r\n\t\t\t\t<\/div>\n\t\t\t\t<\/div>\n\t\t\t\t<div class=\"elementor-element elementor-element-12c735e elementor-widget elementor-widget-st_faq\" data-id=\"12c735e\" data-element_type=\"widget\" data-e-type=\"widget\" data-widget_type=\"st_faq.default\">\n\t\t\t\t<div class=\"elementor-widget-container\">\n\t\t\t\t\t<div class=\"accordion faq style1\" id=\"accordion_how-will-i-receive-payment-for-my-services\">\r\n    <div class=\"accordion-item\">\r\n        <h2 class=\"accordion-header\" id=\"heading_how-will-i-receive-payment-for-my-services\">\r\n            <button class=\"accordion-button   collapsed\"\r\n                type=\"button\"\r\n                data-bs-toggle=\"collapse\"\r\n                data-bs-target=\"#st-how-will-i-receive-payment-for-my-services\"\r\n                aria-expanded=\"false\"\r\n                aria-controls=\"how-will-i-receive-payment-for-my-services\"\r\n            >\r\n                Come ricever\u00f2 il pagamento per i miei servizi?            <\/button>\r\n        <\/h2>\r\n        <div id=\"st-how-will-i-receive-payment-for-my-services\" class=\"accordion-collapse collapse\"\r\n            aria-labelledby=\"heading_how-will-i-receive-payment-for-my-services\"\r\n            data-bs-parent=\"#accordion_how-will-i-receive-payment-for-my-services\"\r\n        >\r\n            <div class=\"accordion-body\">\r\n                In qualit\u00e0 di esperto locale di Visit Sardinia\u00ae VIP, riceverete il pagamento per i vostri servizi direttamente da noi. Offriamo compensi competitivi e pagamenti tempestivi per garantire un compenso equo per la vostra esperienza e il vostro duro lavoro.            <\/div>\r\n        <\/div>\r\n    <\/div>\r\n<\/div>\r\n\t\t\t\t<\/div>\n\t\t\t\t<\/div>\n\t\t\t\t\t<\/div>\n\t\t<\/div>\n\t\t\t\t\t<\/div>\n\t\t<\/section>\n\t\t\t\t\t<\/div>\n\t\t<\/div>\n\t\t\t\t\t<\/div>\n\t\t<\/section>\n\t\t\t\t<\/div>","protected":false},"excerpt":{"rendered":"<p>Join the Visit Sardinia VIP Family and Achieve More Together! Collaborate, Connect and Grow Are you a business owner in Sardinia looking to attract more customers and increase your visibility? By becoming a partner with Visit Sardinia VIP, you&#8217;ll have the opportunity to showcase your business to a wide audience of travelers and tourists, and [&hellip;]<\/p>\n","protected":false},"author":1,"featured_media":0,"parent":0,"menu_order":0,"comment_status":"closed","ping_status":"closed","template":"template-blank.php","meta":{"footnotes":""},"folder":[],"class_list":["post-18831","page","type-page","status-publish","has-post-thumbnail","hentry"],"_links":{"self":[{"href":"https:\/\/old.visitsardinia.vip\/it\/wp-json\/wp\/v2\/pages\/18831","targetHints":{"allow":["GET"]}}],"collection":[{"href":"https:\/\/old.visitsardinia.vip\/it\/wp-json\/wp\/v2\/pages"}],"about":[{"href":"https:\/\/old.visitsardinia.vip\/it\/wp-json\/wp\/v2\/types\/page"}],"author":[{"embeddable":true,"href":"https:\/\/old.visitsardinia.vip\/it\/wp-json\/wp\/v2\/users\/1"}],"replies":[{"embeddable":true,"href":"https:\/\/old.visitsardinia.vip\/it\/wp-json\/wp\/v2\/comments?post=18831"}],"version-history":[{"count":0,"href":"https:\/\/old.visitsardinia.vip\/it\/wp-json\/wp\/v2\/pages\/18831\/revisions"}],"wp:attachment":[{"href":"https:\/\/old.visitsardinia.vip\/it\/wp-json\/wp\/v2\/media?parent=18831"}],"wp:term":[{"taxonomy":"folder","embeddable":true,"href":"https:\/\/old.visitsardinia.vip\/it\/wp-json\/wp\/v2\/folder?post=18831"}],"curies":[{"name":"wp","href":"https:\/\/api.w.org\/{rel}","templated":true}]}}