{"id":18831,"date":"2023-04-21T14:52:30","date_gmt":"2023-04-21T14:52:30","guid":{"rendered":"https:\/\/old.visitsardinia.vip\/?page_id=18831"},"modified":"2023-04-21T14:58:33","modified_gmt":"2023-04-21T14:58:33","slug":"devenir-partenaire","status":"publish","type":"page","link":"https:\/\/old.visitsardinia.vip\/fr\/devenir-partenaire\/","title":{"rendered":"Devenez partenaire"},"content":{"rendered":"<div data-elementor-type=\"wp-page\" data-elementor-id=\"18831\" class=\"elementor elementor-18831\" data-elementor-post-type=\"page\">\n\t\t\t\t\t\t<section class=\"elementor-section elementor-top-section elementor-element elementor-element-54902a8d elementor-section-boxed elementor-section-height-default elementor-section-height-default\" data-id=\"54902a8d\" data-element_type=\"section\" data-e-type=\"section\">\n\t\t\t\t\t\t<div class=\"elementor-container elementor-column-gap-default\">\n\t\t\t\t\t<div class=\"elementor-column elementor-col-100 elementor-top-column elementor-element elementor-element-21affe29\" data-id=\"21affe29\" data-element_type=\"column\" data-e-type=\"column\">\n\t\t\t<div class=\"elementor-widget-wrap elementor-element-populated\">\n\t\t\t\t\t\t<section class=\"elementor-section elementor-inner-section elementor-element elementor-element-bc1d215 elementor-section-boxed elementor-section-height-default elementor-section-height-default\" data-id=\"bc1d215\" data-element_type=\"section\" data-e-type=\"section\" data-settings=\"{&quot;background_background&quot;:&quot;classic&quot;}\">\n\t\t\t\t\t\t<div class=\"elementor-container elementor-column-gap-default\">\n\t\t\t\t\t<div class=\"elementor-column elementor-col-16 elementor-inner-column elementor-element elementor-element-52e6a287\" data-id=\"52e6a287\" data-element_type=\"column\" data-e-type=\"column\">\n\t\t\t<div class=\"elementor-widget-wrap\">\n\t\t\t\t\t\t\t<\/div>\n\t\t<\/div>\n\t\t\t\t<div class=\"elementor-column elementor-col-66 elementor-inner-column elementor-element elementor-element-270ffd96\" data-id=\"270ffd96\" data-element_type=\"column\" data-e-type=\"column\" data-settings=\"{&quot;background_background&quot;:&quot;classic&quot;}\">\n\t\t\t<div class=\"elementor-widget-wrap elementor-element-populated\">\n\t\t\t\t\t\t<div class=\"elementor-element elementor-element-4fcccc2e elementor-widget elementor-widget-heading\" data-id=\"4fcccc2e\" data-element_type=\"widget\" data-e-type=\"widget\" data-widget_type=\"heading.default\">\n\t\t\t\t<div class=\"elementor-widget-container\">\n\t\t\t\t\t<h2 class=\"elementor-heading-title elementor-size-default\">Rejoignez la famille VIP Visit Sardinia et accomplissez plus ensemble !<\/h2>\t\t\t\t<\/div>\n\t\t\t\t<\/div>\n\t\t\t\t\t<\/div>\n\t\t<\/div>\n\t\t\t\t<div class=\"elementor-column elementor-col-16 elementor-inner-column elementor-element elementor-element-321dc2c4\" data-id=\"321dc2c4\" data-element_type=\"column\" data-e-type=\"column\">\n\t\t\t<div class=\"elementor-widget-wrap\">\n\t\t\t\t\t\t\t<\/div>\n\t\t<\/div>\n\t\t\t\t\t<\/div>\n\t\t<\/section>\n\t\t\t\t\t<\/div>\n\t\t<\/div>\n\t\t\t\t\t<\/div>\n\t\t<\/section>\n\t\t<div class=\"elementor-element elementor-element-0b42639 e-flex e-con-boxed e-con e-parent\" data-id=\"0b42639\" data-element_type=\"container\" data-e-type=\"container\">\n\t\t\t\t\t<div class=\"e-con-inner\">\n\t\t\t\t<div class=\"elementor-element elementor-element-53fdd8d elementor-widget elementor-widget-text-editor\" data-id=\"53fdd8d\" data-element_type=\"widget\" data-e-type=\"widget\" data-widget_type=\"text-editor.default\">\n\t\t\t\t<div class=\"elementor-widget-container\">\n\t\t\t\t\t\t\t\t\t<h5>Collaborer, se connecter et grandir<\/h5><p>Vous \u00eates propri\u00e9taire d&#039;une entreprise en Sardaigne et cherchez \u00e0 attirer plus de clients et \u00e0 augmenter votre visibilit\u00e9 ? En devenant partenaire de Visit Sardinia VIP, vous aurez l&#039;opportunit\u00e9 de pr\u00e9senter votre entreprise \u00e0 un large public de voyageurs et de touristes, et de voir votre client\u00e8le grandir !<\/p><p>En tant que partenaire, vous pourrez cr\u00e9er un profil \u00e9poustouflant pour votre entreprise sur notre site Web, avec des photos accrocheuses, des descriptions attrayantes et toutes les informations de contact dont les visiteurs ont besoin pour vous trouver. De plus, vous aurez la possibilit\u00e9 d&#039;offrir des offres et des promotions exclusives aux utilisateurs VIP de Visit Sardinia.<\/p><p><strong>As a partner, you&#8217;ll also benefit from:<\/strong><br \/>&#8211; Increased visibility on our website and social media channels<br \/>&#8211; Access to our extensive network of partners and collaborators<br \/>&#8211; Opportunities for cross-promotion and collaboration with other businesses<br \/>&#8211; Dedicated support from our team to help you make the most of your partnership<\/p><p>Ne manquez pas cette incroyable opportunit\u00e9 de d\u00e9velopper votre entreprise et d&#039;atteindre de nouveaux clients. Contactez-nous d\u00e8s aujourd&#039;hui pour en savoir plus sur la mani\u00e8re de devenir partenaire de Visit Sardinia VIP !<\/p><p>\u00a0<\/p>\t\t\t\t\t\t\t\t<\/div>\n\t\t\t\t<\/div>\n\t\t\t\t\t<\/div>\n\t\t\t\t<\/div>\n\t\t<div class=\"elementor-element elementor-element-7019eb0 e-flex e-con-boxed e-con e-parent\" data-id=\"7019eb0\" data-element_type=\"container\" data-e-type=\"container\" data-settings=\"{&quot;background_background&quot;:&quot;gradient&quot;}\">\n\t\t\t\t\t<div class=\"e-con-inner\">\n\t\t\t\t<div class=\"elementor-element elementor-element-ac0f179 elementor-widget elementor-widget-heading\" data-id=\"ac0f179\" data-element_type=\"widget\" data-e-type=\"widget\" data-widget_type=\"heading.default\">\n\t\t\t\t<div class=\"elementor-widget-container\">\n\t\t\t\t\t<h3 class=\"elementor-heading-title elementor-size-default\">Comment \u00e7a marche<\/h3>\t\t\t\t<\/div>\n\t\t\t\t<\/div>\n\t\t\t\t<div class=\"elementor-element elementor-element-842e24b elementor-widget elementor-widget-text-editor\" data-id=\"842e24b\" data-element_type=\"widget\" data-e-type=\"widget\" data-widget_type=\"text-editor.default\">\n\t\t\t\t<div class=\"elementor-widget-container\">\n\t\t\t\t\t\t\t\t\t<h5>Voici les \u00e9tapes pour vous inscrire en tant qu&#039;entreprise partenaire de Visit Sardinia VIP :<\/h5><ol><li><p>Contactez Visit Sardinia VIP par t\u00e9l\u00e9phone ou par e-mail \u00e0 <a class=\"Markdown_link__9ACHA\" href=\"mailto:partners@visitsardiniavip.com\" target=\"_blank\" rel=\"noopener\">partners@old.visitsardinia.vip<\/a>. Exprimez votre int\u00e9r\u00eat \u00e0 devenir partenaire et fournissez quelques d\u00e9tails sur votre entreprise, votre emplacement, vos services et vos objectifs pour le partenariat.<\/p><\/li><li><p><a class=\"Markdown_link__9ACHA MarkdownLink_linkifiedLink__KxC9G\">Visiter la Sardaigne VIP<\/a>\u00a0organisera un appel ou une r\u00e9union pour discuter plus en profondeur du partenariat. Apportez des informations telles que votre\u00a0<a class=\"Markdown_link__9ACHA MarkdownLink_linkifiedLink__KxC9G\">nom de l&#039;entreprise<\/a>, adresse,\u00a0<a class=\"Markdown_link__9ACHA MarkdownLink_linkifiedLink__KxC9G\">d\u00e9tails du contact<\/a>, images d&#039;entreprise, URL du site Web, description des services, etc.<\/p><\/li><li><p>Si votre partenariat est approuv\u00e9, vous recevrez\u00a0<a class=\"Markdown_link__9ACHA MarkdownLink_linkifiedLink__KxC9G\">d\u00e9tails de connexion<\/a>\u00a0pour acc\u00e9der \u00e0 votre nouveau profil de partenaire. Travailler avec le\u00a0<a class=\"Markdown_link__9ACHA MarkdownLink_linkifiedLink__KxC9G\">Visitez l&#039;\u00e9quipe VIP Sardaigne<\/a>\u00a0pour configurer et optimiser votre profil, notamment en t\u00e9l\u00e9chargeant des images de haute qualit\u00e9 de votre entreprise, de vos services et de votre emplacement.<\/p><\/li><li><p>Fournissez des d\u00e9tails sur tout\u00a0<a class=\"Markdown_link__9ACHA MarkdownLink_linkifiedLink__KxC9G\">lancer des promotions<\/a>, promotions, remises ou forfaits que vous souhaitez mettre en avant comme offre exclusive pour les membres VIP de Visit Sardinia. L&#039;\u00e9quipe pr\u00e9sentera vos offres sur le site Web et en fera la promotion aupr\u00e8s des membres.<\/p><\/li><li><p>Pour un\u00a0<a class=\"Markdown_link__9ACHA MarkdownLink_linkifiedLink__KxC9G\">adh\u00e9sion payante<\/a>\u00a0pour acc\u00e9der \u00e0 des commodit\u00e9s sp\u00e9ciales et\u00a0<a class=\"Markdown_link__9ACHA MarkdownLink_linkifiedLink__KxC9G\">promotion renforc\u00e9e<\/a>, there is an annual partnership registration fee of \u20ac250.\u00a0 pay the annual partnership registration fee of \u20ac250, via bank transfer or credit card. The fee covers setup, <a class=\"Markdown_link__9ACHA MarkdownLink_linkifiedLink__KxC9G\">optimisation du profil<\/a>, et la promotion de votre entreprise tout au long de l&#039;ann\u00e9e sur les plateformes VIP de Visit Sardinia.<\/p><\/li><li><p>Continuez \u00e0 collaborer avec Visit Sardinia VIP sur les moyens d&#039;augmenter les visites, les clics, les r\u00e9servations et les ventes de leur r\u00e9seau de voyageurs et de locaux. Apportez des modifications \u00e0 votre profil et \u00e0 vos offres au fil du temps en fonction des performances et des commentaires.<\/p><\/li><li><p>Examen\u00a0<a class=\"Markdown_link__9ACHA MarkdownLink_linkifiedLink__KxC9G\">m\u00e9triques de partenariat<\/a>\u00a0au moins trimestriellement, y compris les vues de profil, les clics, les sessions, les conversions et les revenus g\u00e9n\u00e9r\u00e9s. Fournissez des commentaires suppl\u00e9mentaires ou demandez de nouvelles fonctionnalit\u00e9s \u00e0 tout moment.<\/p><\/li><li><p>Renouvelez votre partenariat avant la date anniversaire annuelle pour maintenir la visibilit\u00e9 sur Visit Sardinia VIP et continuer \u00e0 profiter de tous les avantages. Les renouvellements sont ?200 par an pour le partenaire de retour<\/p><\/li><\/ol>\t\t\t\t\t\t\t\t<\/div>\n\t\t\t\t<\/div>\n\t\t\t\t<div class=\"elementor-element elementor-element-05f3785 elementor-align-center elementor-widget elementor-widget-button\" data-id=\"05f3785\" data-element_type=\"widget\" data-e-type=\"widget\" data-widget_type=\"button.default\">\n\t\t\t\t<div class=\"elementor-widget-container\">\n\t\t\t\t\t\t\t\t\t<div class=\"elementor-button-wrapper\">\n\t\t\t\t\t<a class=\"elementor-button elementor-button-link elementor-size-sm\" href=\"https:\/\/modmixmap.wpengine.com\/register\/\" target=\"_blank\" rel=\"noopener\">\n\t\t\t\t\t\t<span class=\"elementor-button-content-wrapper\">\n\t\t\t\t\t\t\t\t\t<span class=\"elementor-button-text\">Appliquer maintenant<\/span>\n\t\t\t\t\t<\/span>\n\t\t\t\t\t<\/a>\n\t\t\t\t<\/div>\n\t\t\t\t\t\t\t\t<\/div>\n\t\t\t\t<\/div>\n\t\t\t\t\t<\/div>\n\t\t\t\t<\/div>\n\t\t\t\t<section class=\"elementor-section elementor-top-section elementor-element elementor-element-3ad9a31 elementor-section-boxed elementor-section-height-default elementor-section-height-default\" data-id=\"3ad9a31\" data-element_type=\"section\" data-e-type=\"section\" data-settings=\"{&quot;background_background&quot;:&quot;classic&quot;}\">\n\t\t\t\t\t\t<div class=\"elementor-container elementor-column-gap-default\">\n\t\t\t\t\t<div class=\"elementor-column elementor-col-100 elementor-top-column elementor-element elementor-element-7a5b123\" data-id=\"7a5b123\" data-element_type=\"column\" data-e-type=\"column\">\n\t\t\t<div class=\"elementor-widget-wrap elementor-element-populated\">\n\t\t\t\t\t\t<section class=\"elementor-section elementor-inner-section elementor-element elementor-element-bf5445f elementor-section-boxed elementor-section-height-default elementor-section-height-default\" data-id=\"bf5445f\" data-element_type=\"section\" data-e-type=\"section\">\n\t\t\t\t\t\t<div class=\"elementor-container elementor-column-gap-default\">\n\t\t\t\t\t<div class=\"elementor-column elementor-col-25 elementor-inner-column elementor-element elementor-element-333a35e\" data-id=\"333a35e\" data-element_type=\"column\" data-e-type=\"column\">\n\t\t\t<div class=\"elementor-widget-wrap\">\n\t\t\t\t\t\t\t<\/div>\n\t\t<\/div>\n\t\t\t\t<div class=\"elementor-column elementor-col-50 elementor-inner-column elementor-element elementor-element-c0686e9\" data-id=\"c0686e9\" data-element_type=\"column\" data-e-type=\"column\">\n\t\t\t<div class=\"elementor-widget-wrap elementor-element-populated\">\n\t\t\t\t\t\t<div class=\"elementor-element elementor-element-dbce4c5 elementor-widget elementor-widget-heading\" data-id=\"dbce4c5\" data-element_type=\"widget\" data-e-type=\"widget\" data-widget_type=\"heading.default\">\n\t\t\t\t<div class=\"elementor-widget-container\">\n\t\t\t\t\t<h2 class=\"elementor-heading-title elementor-size-default\">Questions fr\u00e9quemment pos\u00e9es<\/h2>\t\t\t\t<\/div>\n\t\t\t\t<\/div>\n\t\t\t\t\t<\/div>\n\t\t<\/div>\n\t\t\t\t<div class=\"elementor-column elementor-col-25 elementor-inner-column elementor-element elementor-element-673f38d\" data-id=\"673f38d\" data-element_type=\"column\" data-e-type=\"column\">\n\t\t\t<div class=\"elementor-widget-wrap\">\n\t\t\t\t\t\t\t<\/div>\n\t\t<\/div>\n\t\t\t\t\t<\/div>\n\t\t<\/section>\n\t\t\t\t<section class=\"elementor-section elementor-inner-section elementor-element elementor-element-5a55247 elementor-section-boxed elementor-section-height-default elementor-section-height-default\" data-id=\"5a55247\" data-element_type=\"section\" data-e-type=\"section\">\n\t\t\t\t\t\t<div class=\"elementor-container elementor-column-gap-default\">\n\t\t\t\t\t<div class=\"elementor-column elementor-col-50 elementor-inner-column elementor-element elementor-element-c8999fe\" data-id=\"c8999fe\" data-element_type=\"column\" data-e-type=\"column\">\n\t\t\t<div class=\"elementor-widget-wrap elementor-element-populated\">\n\t\t\t\t\t\t<div class=\"elementor-element elementor-element-1e5dcbb elementor-widget elementor-widget-st_faq\" data-id=\"1e5dcbb\" data-element_type=\"widget\" data-e-type=\"widget\" data-widget_type=\"st_faq.default\">\n\t\t\t\t<div class=\"elementor-widget-container\">\n\t\t\t\t\t<div class=\"accordion faq style1\" id=\"accordion_who-can-become-a-local-expert-with-visit-sardinia-vip\">\r\n    <div class=\"accordion-item\">\r\n        <h2 class=\"accordion-header\" id=\"heading_who-can-become-a-local-expert-with-visit-sardinia-vip\">\r\n            <button class=\"accordion-button   collapsed\"\r\n                type=\"button\"\r\n                data-bs-toggle=\"collapse\"\r\n                data-bs-target=\"#st-who-can-become-a-local-expert-with-visit-sardinia-vip\"\r\n                aria-expanded=\"false\"\r\n                aria-controls=\"who-can-become-a-local-expert-with-visit-sardinia-vip\"\r\n            >\r\n                Who can become a local expert with Visit Sardinia\u00ae VIP?            <\/button>\r\n        <\/h2>\r\n        <div id=\"st-who-can-become-a-local-expert-with-visit-sardinia-vip\" class=\"accordion-collapse collapse\"\r\n            aria-labelledby=\"heading_who-can-become-a-local-expert-with-visit-sardinia-vip\"\r\n            data-bs-parent=\"#accordion_who-can-become-a-local-expert-with-visit-sardinia-vip\"\r\n        >\r\n            <div class=\"accordion-body\">\r\n                Toute personne ayant une connaissance approfondie de la culture locale, de l&#039;histoire et des attractions de la Sardaigne et de la Corse peut postuler pour devenir un expert local avec Visit Sardinia\u00ae VIP. Nous recherchons des personnes passionn\u00e9es d\u00e9sireuses de partager leur amour de ces destinations avec d&#039;autres.            <\/div>\r\n        <\/div>\r\n    <\/div>\r\n<\/div>\r\n\t\t\t\t<\/div>\n\t\t\t\t<\/div>\n\t\t\t\t<div class=\"elementor-element elementor-element-35045b1 elementor-widget elementor-widget-st_faq\" data-id=\"35045b1\" data-element_type=\"widget\" data-e-type=\"widget\" data-widget_type=\"st_faq.default\">\n\t\t\t\t<div class=\"elementor-widget-container\">\n\t\t\t\t\t<div class=\"accordion faq style1\" id=\"accordion_how-do-i-apply-to-become-a-local-expert\">\r\n    <div class=\"accordion-item\">\r\n        <h2 class=\"accordion-header\" id=\"heading_how-do-i-apply-to-become-a-local-expert\">\r\n            <button class=\"accordion-button   collapsed\"\r\n                type=\"button\"\r\n                data-bs-toggle=\"collapse\"\r\n                data-bs-target=\"#st-how-do-i-apply-to-become-a-local-expert\"\r\n                aria-expanded=\"false\"\r\n                aria-controls=\"how-do-i-apply-to-become-a-local-expert\"\r\n            >\r\n                Comment puis-je postuler pour devenir un expert local\u00a0?             <\/button>\r\n        <\/h2>\r\n        <div id=\"st-how-do-i-apply-to-become-a-local-expert\" class=\"accordion-collapse collapse\"\r\n            aria-labelledby=\"heading_how-do-i-apply-to-become-a-local-expert\"\r\n            data-bs-parent=\"#accordion_how-do-i-apply-to-become-a-local-expert\"\r\n        >\r\n            <div class=\"accordion-body\">\r\n                Pour postuler pour devenir un expert local avec Visit Sardinia\u00ae VIP, remplissez simplement notre formulaire de candidature en ligne et parlez-nous de votre exp\u00e9rience et de vos qualifications. Nous examinerons votre candidature et vous r\u00e9pondrons dans les plus brefs d\u00e9lais.            <\/div>\r\n        <\/div>\r\n    <\/div>\r\n<\/div>\r\n\t\t\t\t<\/div>\n\t\t\t\t<\/div>\n\t\t\t\t<div class=\"elementor-element elementor-element-8a3d7b1 elementor-widget elementor-widget-st_faq\" data-id=\"8a3d7b1\" data-element_type=\"widget\" data-e-type=\"widget\" data-widget_type=\"st_faq.default\">\n\t\t\t\t<div class=\"elementor-widget-container\">\n\t\t\t\t\t<div class=\"accordion faq style1\" id=\"accordion_what-are-the-benefits-of-becoming-a-local-expert-with-visit-sardinia-vip\">\r\n    <div class=\"accordion-item\">\r\n        <h2 class=\"accordion-header\" id=\"heading_what-are-the-benefits-of-becoming-a-local-expert-with-visit-sardinia-vip\">\r\n            <button class=\"accordion-button   collapsed\"\r\n                type=\"button\"\r\n                data-bs-toggle=\"collapse\"\r\n                data-bs-target=\"#st-what-are-the-benefits-of-becoming-a-local-expert-with-visit-sardinia-vip\"\r\n                aria-expanded=\"false\"\r\n                aria-controls=\"what-are-the-benefits-of-becoming-a-local-expert-with-visit-sardinia-vip\"\r\n            >\r\n                What are the benefits of becoming a local expert with Visit Sardinia\u00ae VIP?            <\/button>\r\n        <\/h2>\r\n        <div id=\"st-what-are-the-benefits-of-becoming-a-local-expert-with-visit-sardinia-vip\" class=\"accordion-collapse collapse\"\r\n            aria-labelledby=\"heading_what-are-the-benefits-of-becoming-a-local-expert-with-visit-sardinia-vip\"\r\n            data-bs-parent=\"#accordion_what-are-the-benefits-of-becoming-a-local-expert-with-visit-sardinia-vip\"\r\n        >\r\n            <div class=\"accordion-body\">\r\n                En tant qu&#039;expert local avec Visit Sardinia\u00ae VIP, vous b\u00e9n\u00e9ficierez d&#039;une r\u00e9mun\u00e9ration comp\u00e9titive, d&#039;horaires flexibles et de la possibilit\u00e9 de travailler avec une \u00e9quipe de professionnels du voyage passionn\u00e9s. Vous aurez \u00e9galement la chance de mettre en valeur votre expertise et de b\u00e2tir votre r\u00e9putation en tant qu&#039;autorit\u00e9 de premier plan sur tout ce qui concerne la Sardaigne et la Corse.            <\/div>\r\n        <\/div>\r\n    <\/div>\r\n<\/div>\r\n\t\t\t\t<\/div>\n\t\t\t\t<\/div>\n\t\t\t\t\t<\/div>\n\t\t<\/div>\n\t\t\t\t<div class=\"elementor-column elementor-col-50 elementor-inner-column elementor-element elementor-element-2861f09\" data-id=\"2861f09\" data-element_type=\"column\" data-e-type=\"column\">\n\t\t\t<div class=\"elementor-widget-wrap elementor-element-populated\">\n\t\t\t\t\t\t<div class=\"elementor-element elementor-element-8c3e523 elementor-widget elementor-widget-st_faq\" data-id=\"8c3e523\" data-element_type=\"widget\" data-e-type=\"widget\" data-widget_type=\"st_faq.default\">\n\t\t\t\t<div class=\"elementor-widget-container\">\n\t\t\t\t\t<div class=\"accordion faq style1\" id=\"accordion_how-do-i-add-my-services-to-the-platform\">\r\n    <div class=\"accordion-item\">\r\n        <h2 class=\"accordion-header\" id=\"heading_how-do-i-add-my-services-to-the-platform\">\r\n            <button class=\"accordion-button   collapsed\"\r\n                type=\"button\"\r\n                data-bs-toggle=\"collapse\"\r\n                data-bs-target=\"#st-how-do-i-add-my-services-to-the-platform\"\r\n                aria-expanded=\"false\"\r\n                aria-controls=\"how-do-i-add-my-services-to-the-platform\"\r\n            >\r\n                Comment ajouter mes services \u00e0 la plateforme ?            <\/button>\r\n        <\/h2>\r\n        <div id=\"st-how-do-i-add-my-services-to-the-platform\" class=\"accordion-collapse collapse\"\r\n            aria-labelledby=\"heading_how-do-i-add-my-services-to-the-platform\"\r\n            data-bs-parent=\"#accordion_how-do-i-add-my-services-to-the-platform\"\r\n        >\r\n            <div class=\"accordion-body\">\r\n                Une fois votre demande approuv\u00e9e, vous pourrez ajouter vos services \u00e0 notre plateforme. Connectez-vous simplement \u00e0 votre compte et suivez les instructions pour cr\u00e9er une liste pour chaque service que vous proposez.            <\/div>\r\n        <\/div>\r\n    <\/div>\r\n<\/div>\r\n\t\t\t\t<\/div>\n\t\t\t\t<\/div>\n\t\t\t\t<div class=\"elementor-element elementor-element-8bff125 elementor-widget elementor-widget-st_faq\" data-id=\"8bff125\" data-element_type=\"widget\" data-e-type=\"widget\" data-widget_type=\"st_faq.default\">\n\t\t\t\t<div class=\"elementor-widget-container\">\n\t\t\t\t\t<div class=\"accordion faq style1\" id=\"accordion_how-will-i-know-if-someone-has-booked-my-services\">\r\n    <div class=\"accordion-item\">\r\n        <h2 class=\"accordion-header\" id=\"heading_how-will-i-know-if-someone-has-booked-my-services\">\r\n            <button class=\"accordion-button   collapsed\"\r\n                type=\"button\"\r\n                data-bs-toggle=\"collapse\"\r\n                data-bs-target=\"#st-how-will-i-know-if-someone-has-booked-my-services\"\r\n                aria-expanded=\"false\"\r\n                aria-controls=\"how-will-i-know-if-someone-has-booked-my-services\"\r\n            >\r\n                Comment saurai-je si quelqu&#039;un a r\u00e9serv\u00e9 mes services ?            <\/button>\r\n        <\/h2>\r\n        <div id=\"st-how-will-i-know-if-someone-has-booked-my-services\" class=\"accordion-collapse collapse\"\r\n            aria-labelledby=\"heading_how-will-i-know-if-someone-has-booked-my-services\"\r\n            data-bs-parent=\"#accordion_how-will-i-know-if-someone-has-booked-my-services\"\r\n        >\r\n            <div class=\"accordion-body\">\r\n                Lorsqu&#039;une personne r\u00e9serve l&#039;un de vos services via notre plateforme, vous recevez une notification par e-mail avec tous les d\u00e9tails. Vous pouvez \u00e9galement vous connecter \u00e0 tout moment \u00e0 votre compte pour consulter vos r\u00e9servations \u00e0 venir.            <\/div>\r\n        <\/div>\r\n    <\/div>\r\n<\/div>\r\n\t\t\t\t<\/div>\n\t\t\t\t<\/div>\n\t\t\t\t<div class=\"elementor-element elementor-element-12c735e elementor-widget elementor-widget-st_faq\" data-id=\"12c735e\" data-element_type=\"widget\" data-e-type=\"widget\" data-widget_type=\"st_faq.default\">\n\t\t\t\t<div class=\"elementor-widget-container\">\n\t\t\t\t\t<div class=\"accordion faq style1\" id=\"accordion_how-will-i-receive-payment-for-my-services\">\r\n    <div class=\"accordion-item\">\r\n        <h2 class=\"accordion-header\" id=\"heading_how-will-i-receive-payment-for-my-services\">\r\n            <button class=\"accordion-button   collapsed\"\r\n                type=\"button\"\r\n                data-bs-toggle=\"collapse\"\r\n                data-bs-target=\"#st-how-will-i-receive-payment-for-my-services\"\r\n                aria-expanded=\"false\"\r\n                aria-controls=\"how-will-i-receive-payment-for-my-services\"\r\n            >\r\n                Comment vais-je recevoir le paiement de mes services ?            <\/button>\r\n        <\/h2>\r\n        <div id=\"st-how-will-i-receive-payment-for-my-services\" class=\"accordion-collapse collapse\"\r\n            aria-labelledby=\"heading_how-will-i-receive-payment-for-my-services\"\r\n            data-bs-parent=\"#accordion_how-will-i-receive-payment-for-my-services\"\r\n        >\r\n            <div class=\"accordion-body\">\r\n                En tant qu&#039;expert local avec Visit Sardinia\u00ae VIP, vous recevrez le paiement de vos services directement de notre part. Nous offrons une r\u00e9mun\u00e9ration comp\u00e9titive et des paiements en temps opportun pour vous assurer que vous \u00eates \u00e9quitablement r\u00e9mun\u00e9r\u00e9 pour votre expertise et votre travail acharn\u00e9.            <\/div>\r\n        <\/div>\r\n    <\/div>\r\n<\/div>\r\n\t\t\t\t<\/div>\n\t\t\t\t<\/div>\n\t\t\t\t\t<\/div>\n\t\t<\/div>\n\t\t\t\t\t<\/div>\n\t\t<\/section>\n\t\t\t\t\t<\/div>\n\t\t<\/div>\n\t\t\t\t\t<\/div>\n\t\t<\/section>\n\t\t\t\t<\/div>","protected":false},"excerpt":{"rendered":"<p>Join the Visit Sardinia VIP Family and Achieve More Together! Collaborate, Connect and Grow Are you a business owner in Sardinia looking to attract more customers and increase your visibility? By becoming a partner with Visit Sardinia VIP, you&#8217;ll have the opportunity to showcase your business to a wide audience of travelers and tourists, and [&hellip;]<\/p>\n","protected":false},"author":1,"featured_media":0,"parent":0,"menu_order":0,"comment_status":"closed","ping_status":"closed","template":"template-blank.php","meta":{"footnotes":""},"folder":[],"class_list":["post-18831","page","type-page","status-publish","has-post-thumbnail","hentry"],"_links":{"self":[{"href":"https:\/\/old.visitsardinia.vip\/fr\/wp-json\/wp\/v2\/pages\/18831","targetHints":{"allow":["GET"]}}],"collection":[{"href":"https:\/\/old.visitsardinia.vip\/fr\/wp-json\/wp\/v2\/pages"}],"about":[{"href":"https:\/\/old.visitsardinia.vip\/fr\/wp-json\/wp\/v2\/types\/page"}],"author":[{"embeddable":true,"href":"https:\/\/old.visitsardinia.vip\/fr\/wp-json\/wp\/v2\/users\/1"}],"replies":[{"embeddable":true,"href":"https:\/\/old.visitsardinia.vip\/fr\/wp-json\/wp\/v2\/comments?post=18831"}],"version-history":[{"count":0,"href":"https:\/\/old.visitsardinia.vip\/fr\/wp-json\/wp\/v2\/pages\/18831\/revisions"}],"wp:attachment":[{"href":"https:\/\/old.visitsardinia.vip\/fr\/wp-json\/wp\/v2\/media?parent=18831"}],"wp:term":[{"taxonomy":"folder","embeddable":true,"href":"https:\/\/old.visitsardinia.vip\/fr\/wp-json\/wp\/v2\/folder?post=18831"}],"curies":[{"name":"wp","href":"https:\/\/api.w.org\/{rel}","templated":true}]}}