{"id":16984,"date":"2023-02-02T18:31:25","date_gmt":"2023-02-02T18:31:25","guid":{"rendered":"https:\/\/old.visitsardinia.vip\/?page_id=16984"},"modified":"2025-03-27T01:29:06","modified_gmt":"2025-03-27T01:29:06","slug":"experts-en-voyages-de-luxe","status":"publish","type":"page","link":"https:\/\/old.visitsardinia.vip\/fr\/experts-en-voyages-de-luxe\/","title":{"rendered":"Services de voyage VIP"},"content":{"rendered":"<div data-elementor-type=\"wp-page\" data-elementor-id=\"16984\" class=\"elementor elementor-16984\" data-elementor-post-type=\"page\">\n\t\t\t\t<div class=\"elementor-element elementor-element-26e8a888 e-con-full e-flex e-con e-parent\" data-id=\"26e8a888\" data-element_type=\"container\" data-e-type=\"container\" data-settings=\"{&quot;background_background&quot;:&quot;classic&quot;}\">\n\t\t<div class=\"elementor-element elementor-element-1be8fd0b e-con-full e-flex e-con e-child\" data-id=\"1be8fd0b\" data-element_type=\"container\" data-e-type=\"container\">\n\t\t\t\t<div class=\"elementor-element elementor-element-6e43b7eb elementor-widget elementor-widget-image\" data-id=\"6e43b7eb\" data-element_type=\"widget\" data-e-type=\"widget\" data-widget_type=\"image.default\">\n\t\t\t\t<div class=\"elementor-widget-container\">\n\t\t\t\t\t\t\t\t\t\t\t\t\t\t\t<img fetchpriority=\"high\" decoding=\"async\" width=\"1024\" height=\"1024\" src=\"https:\/\/old.visitsardinia.vip\/wp-content\/uploads\/2023\/01\/Events-hospitality-1024x1024.jpg\" class=\"attachment-large size-large wp-image-14462\" alt=\"Experts en voyages de luxe\" srcset=\"https:\/\/old.visitsardinia.vip\/wp-content\/uploads\/2023\/01\/Events-hospitality-1024x1024.jpg 1024w, https:\/\/old.visitsardinia.vip\/wp-content\/uploads\/2023\/01\/Events-hospitality-300x300.jpg 300w, https:\/\/old.visitsardinia.vip\/wp-content\/uploads\/2023\/01\/Events-hospitality-150x150.jpg 150w, https:\/\/old.visitsardinia.vip\/wp-content\/uploads\/2023\/01\/Events-hospitality-1536x1536.jpg 1536w, https:\/\/old.visitsardinia.vip\/wp-content\/uploads\/2023\/01\/Events-hospitality-2048x2048.jpg 2048w\" sizes=\"(max-width: 1024px) 100vw, 1024px\" title=\"\">\t\t\t\t\t\t\t\t\t\t\t\t\t\t\t<\/div>\n\t\t\t\t<\/div>\n\t\t\t\t<\/div>\n\t\t<div class=\"elementor-element elementor-element-b33de81 e-con-full e-flex e-con e-child\" data-id=\"b33de81\" data-element_type=\"container\" data-e-type=\"container\">\n\t\t\t\t<div class=\"elementor-element elementor-element-ce072d0 elementor-widget elementor-widget-heading\" data-id=\"ce072d0\" data-element_type=\"widget\" data-e-type=\"widget\" data-widget_type=\"heading.default\">\n\t\t\t\t<div class=\"elementor-widget-container\">\n\t\t\t\t\t<h1 class=\"elementor-heading-title elementor-size-default\">Notre Corse et Sardaigne <b> <i>Experts en voyages <\/i> <\/b> Sont \u00e0 votre service <\/h1>\t\t\t\t<\/div>\n\t\t\t\t<\/div>\n\t\t\t\t<div class=\"elementor-element elementor-element-e09575 elementor-widget elementor-widget-text-editor\" data-id=\"e09575\" data-element_type=\"widget\" data-e-type=\"widget\" data-widget_type=\"text-editor.default\">\n\t\t\t\t<div class=\"elementor-widget-container\">\n\t\t\t\t\t\t\t\t\t<p>Un voyagiste premium ne se contente pas de r\u00e9server des h\u00f4tels et de planifier des excursions, il \u00e9coute les exigences de ses clients et cr\u00e9e des itin\u00e9raires enti\u00e8rement sur mesure. Nos experts combineront votre liste de souhaits avec notre exp\u00e9rience directe de la Sardaigne et de la Corse pour cr\u00e9er des forfaits vacances con\u00e7us pour vous offrir tout ce que vous attendez de votre prochaine exp\u00e9rience de voyage. Nous avons les relations de longue date et le savoir-faire pour faire de votre <strong>s\u00e9jour en Sardaigne ou en Corse<\/strong> a memory you\u2019ll cherish forever.<\/p>\t\t\t\t\t\t\t\t<\/div>\n\t\t\t\t<\/div>\n\t\t\t\t<\/div>\n\t\t\t\t<\/div>\n\t\t<div class=\"elementor-element elementor-element-b8db586 e-con-full e-flex e-con e-parent\" data-id=\"b8db586\" data-element_type=\"container\" data-e-type=\"container\" data-settings=\"{&quot;background_background&quot;:&quot;classic&quot;}\">\n\t\t<div class=\"elementor-element elementor-element-3ac0707 e-con-full e-flex e-con e-child\" data-id=\"3ac0707\" data-element_type=\"container\" data-e-type=\"container\">\n\t\t\t\t<div class=\"elementor-element elementor-element-77e792aa elementor-widget elementor-widget-heading\" data-id=\"77e792aa\" data-element_type=\"widget\" data-e-type=\"widget\" data-widget_type=\"heading.default\">\n\t\t\t\t<div class=\"elementor-widget-container\">\n\t\t\t\t\t<h2 class=\"elementor-heading-title elementor-size-default\">Planification de vacances par des experts locaux<\/h2>\t\t\t\t<\/div>\n\t\t\t\t<\/div>\n\t\t\t\t<div class=\"elementor-element elementor-element-364222fa elementor-widget elementor-widget-text-editor\" data-id=\"364222fa\" data-element_type=\"widget\" data-e-type=\"widget\" data-widget_type=\"text-editor.default\">\n\t\t\t\t<div class=\"elementor-widget-container\">\n\t\t\t\t\t\t\t\t\t<p>Bien qu&#039;il soit agr\u00e9able de suivre le courant pendant vos vacances, planifier \u00e0 l&#039;avance garantit que chaque minute en Sardaigne ou en Corse est consacr\u00e9e \u00e0 s&#039;impr\u00e9gner du meilleur de la vie m\u00e9diterran\u00e9enne. C&#039;est pourquoi nos guides touristiques priv\u00e9s en Italie s&#039;occuperont de tout, y compris :<\/p><ul><li>Un itin\u00e9raire de vacances sur mesure en Sardaigne<\/li><li>Assistance de type conciergerie<\/li><li>Visites guid\u00e9es par des passionn\u00e9s<\/li><li>Exp\u00e9riences VIP<\/li><li>Service client 24h\/24<\/li><li>Un service d&#039;accueil et d&#039;interpr\u00e8te<\/li><li>Compagnons de voyage amicaux et informatifs<\/li><li>Tout le n\u00e9cessaire pour des vacances de luxe en Sardaigne et en Corse<\/li><\/ul>\t\t\t\t\t\t\t\t<\/div>\n\t\t\t\t<\/div>\n\t\t\t\t<\/div>\n\t\t<div class=\"elementor-element elementor-element-167aea12 e-con-full e-flex e-con e-child\" data-id=\"167aea12\" data-element_type=\"container\" data-e-type=\"container\">\n\t\t\t\t<div class=\"elementor-element elementor-element-3f2bfb2 elementor-widget elementor-widget-image\" data-id=\"3f2bfb2\" data-element_type=\"widget\" data-e-type=\"widget\" data-widget_type=\"image.default\">\n\t\t\t\t<div class=\"elementor-widget-container\">\n\t\t\t\t\t\t\t\t\t\t\t\t\t\t\t<img decoding=\"async\" width=\"1024\" height=\"1024\" src=\"https:\/\/old.visitsardinia.vip\/wp-content\/uploads\/2023\/01\/DSC_0009-scaled-1024x1024.jpg\" class=\"attachment-large size-large wp-image-16370\" alt=\"Experts en voyages de luxe\" srcset=\"https:\/\/old.visitsardinia.vip\/wp-content\/uploads\/2023\/01\/DSC_0009-scaled-1024x1024.jpg 1024w, https:\/\/old.visitsardinia.vip\/wp-content\/uploads\/2023\/01\/DSC_0009-scaled-300x300.jpg 300w, https:\/\/old.visitsardinia.vip\/wp-content\/uploads\/2023\/01\/DSC_0009-scaled-150x150.jpg 150w, https:\/\/old.visitsardinia.vip\/wp-content\/uploads\/2023\/01\/DSC_0009-scaled-768x768.jpg 768w, https:\/\/old.visitsardinia.vip\/wp-content\/uploads\/2023\/01\/DSC_0009-scaled-1536x1536.jpg 1536w, https:\/\/old.visitsardinia.vip\/wp-content\/uploads\/2023\/01\/DSC_0009-scaled-2048x2048.jpg 2048w\" sizes=\"(max-width: 1024px) 100vw, 1024px\" title=\"\">\t\t\t\t\t\t\t\t\t\t\t\t\t\t\t<\/div>\n\t\t\t\t<\/div>\n\t\t\t\t<\/div>\n\t\t\t\t<\/div>\n\t\t<div class=\"elementor-element elementor-element-43ae836d e-con-full e-flex e-con e-parent\" data-id=\"43ae836d\" data-element_type=\"container\" data-e-type=\"container\" data-settings=\"{&quot;background_background&quot;:&quot;classic&quot;}\">\n\t\t<div class=\"elementor-element elementor-element-22f2be06 e-con-full e-flex e-con e-child\" data-id=\"22f2be06\" data-element_type=\"container\" data-e-type=\"container\">\n\t\t\t\t<div class=\"elementor-element elementor-element-8d663ee elementor-widget elementor-widget-heading\" data-id=\"8d663ee\" data-element_type=\"widget\" data-e-type=\"widget\" data-widget_type=\"heading.default\">\n\t\t\t\t<div class=\"elementor-widget-container\">\n\t\t\t\t\t<h2 class=\"elementor-heading-title elementor-size-default\">Dispositions de voyage VIP<\/h2>\t\t\t\t<\/div>\n\t\t\t\t<\/div>\n\t\t\t\t<div class=\"elementor-element elementor-element-6cdea12b elementor-widget elementor-widget-text-editor\" data-id=\"6cdea12b\" data-element_type=\"widget\" data-e-type=\"widget\" data-widget_type=\"text-editor.default\">\n\t\t\t\t<div class=\"elementor-widget-container\">\n\t\t\t\t\t\t\t\t\t<p>Nous voulons que chaque seconde de votre aventure en Sardaigne soit une exp\u00e9rience relaxante et enrichissante. Vous n'aurez pas \u00e0 vous soucier des transferts, des transports, des billets ou du style de votre voyage lorsque vous serez entre nos mains. Nos experts en voyages de luxe s'occupent de vous.<\/p>\n<ul>\n<li>Transferts priv\u00e9s en v\u00e9hicules de luxe<\/li>\n<li>Service de limousine<\/li>\n<li>Transferts de groupe en autocar de luxe<\/li>\n<li>Exp\u00e9riences en h\u00e9licopt\u00e8re et en jet priv\u00e9<\/li>\n<li>Location de voitures de luxe et vintage<\/li>\n<li>Location de yacht de luxe<\/li>\n<li>Excursions en bateau-taxi<\/li>\n<li>D\u00e9douanement acc\u00e9l\u00e9r\u00e9 \u00e0 l&#039;a\u00e9roport<\/li>\n<\/ul>\n<p>Nous pensons que le voyage est tout aussi important que la destination. D\u00e8s votre arriv\u00e9e en Sardaigne ou en Corse, nous vous emm\u00e8nerons l\u00e0 o\u00f9 vous voulez aller avec style. Nos experts en voyages de luxe sont toujours pr\u00eats \u00e0 vous aider avec le sourire.<\/p>\t\t\t\t\t\t\t\t<\/div>\n\t\t\t\t<\/div>\n\t\t\t\t<\/div>\n\t\t<div class=\"elementor-element elementor-element-559b35ae e-con-full e-flex e-con e-child\" data-id=\"559b35ae\" data-element_type=\"container\" data-e-type=\"container\">\n\t\t\t\t<div class=\"elementor-element elementor-element-bc71bb9 elementor-widget elementor-widget-image\" data-id=\"bc71bb9\" data-element_type=\"widget\" data-e-type=\"widget\" data-widget_type=\"image.default\">\n\t\t\t\t<div class=\"elementor-widget-container\">\n\t\t\t\t\t\t\t\t\t\t\t\t\t\t\t<img decoding=\"async\" width=\"1024\" height=\"1024\" src=\"https:\/\/old.visitsardinia.vip\/wp-content\/uploads\/2023\/01\/VIP-transfer-1024x1024.jpg\" class=\"attachment-large size-large wp-image-14474\" alt=\"Experts en voyages de luxe\" srcset=\"https:\/\/old.visitsardinia.vip\/wp-content\/uploads\/2023\/01\/VIP-transfer-1024x1024.jpg 1024w, https:\/\/old.visitsardinia.vip\/wp-content\/uploads\/2023\/01\/VIP-transfer-300x300.jpg 300w, https:\/\/old.visitsardinia.vip\/wp-content\/uploads\/2023\/01\/VIP-transfer-150x150.jpg 150w, https:\/\/old.visitsardinia.vip\/wp-content\/uploads\/2023\/01\/VIP-transfer-1536x1536.jpg 1536w, https:\/\/old.visitsardinia.vip\/wp-content\/uploads\/2023\/01\/VIP-transfer-2048x2048.jpg 2048w\" sizes=\"(max-width: 1024px) 100vw, 1024px\" title=\"\">\t\t\t\t\t\t\t\t\t\t\t\t\t\t\t<\/div>\n\t\t\t\t<\/div>\n\t\t\t\t<\/div>\n\t\t\t\t<\/div>\n\t\t<div class=\"elementor-element elementor-element-1409c34c e-con-full e-flex e-con e-parent\" data-id=\"1409c34c\" data-element_type=\"container\" data-e-type=\"container\" data-settings=\"{&quot;background_background&quot;:&quot;classic&quot;}\">\n\t\t<div class=\"elementor-element elementor-element-7e12c2e e-con-full e-flex e-con e-child\" data-id=\"7e12c2e\" data-element_type=\"container\" data-e-type=\"container\">\n\t\t\t\t<div class=\"elementor-element elementor-element-4a6af353 elementor-widget elementor-widget-heading\" data-id=\"4a6af353\" data-element_type=\"widget\" data-e-type=\"widget\" data-widget_type=\"heading.default\">\n\t\t\t\t<div class=\"elementor-widget-container\">\n\t\t\t\t\t<h2 class=\"elementor-heading-title elementor-size-default\">Location de yacht priv\u00e9 en Sardaigne<\/h2>\t\t\t\t<\/div>\n\t\t\t\t<\/div>\n\t\t\t\t<div class=\"elementor-element elementor-element-3e46692f elementor-widget elementor-widget-text-editor\" data-id=\"3e46692f\" data-element_type=\"widget\" data-e-type=\"widget\" data-widget_type=\"text-editor.default\">\n\t\t\t\t<div class=\"elementor-widget-container\">\n\t\t\t\t\t\t\t\t\t<p>Entourez-vous des signes ext\u00e9rieurs du luxe et votre exp\u00e9rience sarde atteindra de nouveaux sommets. Organisons-nous un voyage en mer en yacht de luxe, bateau ou voilier ? et vous verrez ces \u00eeles magnifiques sous un angle compl\u00e8tement nouveau. Sirotez du champagne, grignotez des canap\u00e9s et partagez des moments de vie avec les personnes que vous aimez tout en parcourant les spectaculaires c\u00f4tes m\u00e9diterran\u00e9ennes.<\/p>\n<ul>\n<li><strong>Excursions en mer en Sardaigne<\/strong><\/li>\n<li><strong>Excursions en mer Corse<\/strong><\/li>\n<\/ul>\t\t\t\t\t\t\t\t<\/div>\n\t\t\t\t<\/div>\n\t\t\t\t<\/div>\n\t\t<div class=\"elementor-element elementor-element-65005622 e-con-full e-flex e-con e-child\" data-id=\"65005622\" data-element_type=\"container\" data-e-type=\"container\">\n\t\t\t\t<div class=\"elementor-element elementor-element-5dace2d elementor-widget elementor-widget-image\" data-id=\"5dace2d\" data-element_type=\"widget\" data-e-type=\"widget\" data-widget_type=\"image.default\">\n\t\t\t\t<div class=\"elementor-widget-container\">\n\t\t\t\t\t\t\t\t\t\t\t\t\t\t\t<img loading=\"lazy\" decoding=\"async\" width=\"1024\" height=\"1024\" src=\"https:\/\/old.visitsardinia.vip\/wp-content\/uploads\/2019\/10\/IMG_5538-1024x1024.jpg\" class=\"attachment-large size-large wp-image-10462\" alt=\"Experts en voyages de luxe\" srcset=\"https:\/\/old.visitsardinia.vip\/wp-content\/uploads\/2019\/10\/IMG_5538-1024x1024.jpg 1024w, https:\/\/old.visitsardinia.vip\/wp-content\/uploads\/2019\/10\/IMG_5538-300x300.jpg 300w, https:\/\/old.visitsardinia.vip\/wp-content\/uploads\/2019\/10\/IMG_5538-150x150.jpg 150w, https:\/\/old.visitsardinia.vip\/wp-content\/uploads\/2019\/10\/IMG_5538-1536x1536.jpg 1536w, https:\/\/old.visitsardinia.vip\/wp-content\/uploads\/2019\/10\/IMG_5538-2048x2048.jpg 2048w\" sizes=\"(max-width: 1024px) 100vw, 1024px\" title=\"\">\t\t\t\t\t\t\t\t\t\t\t\t\t\t\t<\/div>\n\t\t\t\t<\/div>\n\t\t\t\t<\/div>\n\t\t\t\t<\/div>\n\t\t<div class=\"elementor-element elementor-element-6d0912b e-con-full e-flex e-con e-parent\" data-id=\"6d0912b\" data-element_type=\"container\" data-e-type=\"container\" data-settings=\"{&quot;background_background&quot;:&quot;classic&quot;}\">\n\t\t<div class=\"elementor-element elementor-element-6ab70a4 e-con-full e-flex e-con e-child\" data-id=\"6ab70a4\" data-element_type=\"container\" data-e-type=\"container\">\n\t\t\t\t<div class=\"elementor-element elementor-element-2fad705 elementor-widget elementor-widget-heading\" data-id=\"2fad705\" data-element_type=\"widget\" data-e-type=\"widget\" data-widget_type=\"heading.default\">\n\t\t\t\t<div class=\"elementor-widget-container\">\n\t\t\t\t\t<h2 class=\"elementor-heading-title elementor-size-default\">Groupes et \u00e9v\u00e9nements corporatifs <\/h2>\t\t\t\t<\/div>\n\t\t\t\t<\/div>\n\t\t\t\t<div class=\"elementor-element elementor-element-68c5f05 elementor-widget elementor-widget-text-editor\" data-id=\"68c5f05\" data-element_type=\"widget\" data-e-type=\"widget\" data-widget_type=\"text-editor.default\">\n\t\t\t\t<div class=\"elementor-widget-container\">\n\t\t\t\t\t\t\t\t\t<p>Whether you\u2019re looking for group tours in Sardinia or corporate events in Corsica, our VIP travel experts can take care of everything. Visiting Sardinia and Corsica gives you something you won\u2019t find in the more famous Mediterranean holiday resorts.<br \/>Arrange a once-in-a-lifetime trip for all the family, or impress your existing and prospective clients with excursions and group activities they\u2019ll never forget. From its crystal-clear, turquoise coastal waters to its historic landmarks and architecture, these two gorgeous islands are always best enjoyed with others and our luxury travel experts.<\/p>\t\t\t\t\t\t\t\t<\/div>\n\t\t\t\t<\/div>\n\t\t\t\t<\/div>\n\t\t<div class=\"elementor-element elementor-element-f904b77 e-con-full e-flex e-con e-child\" data-id=\"f904b77\" data-element_type=\"container\" data-e-type=\"container\">\n\t\t\t\t<div class=\"elementor-element elementor-element-f94f5b8 elementor-widget elementor-widget-image\" data-id=\"f94f5b8\" data-element_type=\"widget\" data-e-type=\"widget\" data-widget_type=\"image.default\">\n\t\t\t\t<div class=\"elementor-widget-container\">\n\t\t\t\t\t\t\t\t\t\t\t\t\t\t\t<img loading=\"lazy\" decoding=\"async\" width=\"1024\" height=\"1024\" src=\"https:\/\/old.visitsardinia.vip\/wp-content\/uploads\/2023\/01\/A20C6DA6-7734-4878-9EE8-806576821437-1024x768-1-1024x1024.jpeg\" class=\"attachment-large size-large wp-image-16518\" alt=\"Experts en voyages de luxe\" srcset=\"https:\/\/old.visitsardinia.vip\/wp-content\/uploads\/2023\/01\/A20C6DA6-7734-4878-9EE8-806576821437-1024x768-1-1024x1024.jpeg 1024w, https:\/\/old.visitsardinia.vip\/wp-content\/uploads\/2023\/01\/A20C6DA6-7734-4878-9EE8-806576821437-1024x768-1-300x300.jpeg 300w, https:\/\/old.visitsardinia.vip\/wp-content\/uploads\/2023\/01\/A20C6DA6-7734-4878-9EE8-806576821437-1024x768-1-150x150.jpeg 150w, https:\/\/old.visitsardinia.vip\/wp-content\/uploads\/2023\/01\/A20C6DA6-7734-4878-9EE8-806576821437-1024x768-1-1536x1536.jpeg 1536w, https:\/\/old.visitsardinia.vip\/wp-content\/uploads\/2023\/01\/A20C6DA6-7734-4878-9EE8-806576821437-1024x768-1-2048x2048.jpeg 2048w\" sizes=\"(max-width: 1024px) 100vw, 1024px\" title=\"\">\t\t\t\t\t\t\t\t\t\t\t\t\t\t\t<\/div>\n\t\t\t\t<\/div>\n\t\t\t\t<\/div>\n\t\t\t\t<\/div>\n\t\t<div class=\"elementor-element elementor-element-898d4e7 e-con-full e-flex e-con e-parent\" data-id=\"898d4e7\" data-element_type=\"container\" data-e-type=\"container\" data-settings=\"{&quot;background_background&quot;:&quot;classic&quot;}\">\n\t\t<div class=\"elementor-element elementor-element-111e036 e-con-full e-flex e-con e-child\" data-id=\"111e036\" data-element_type=\"container\" data-e-type=\"container\">\n\t\t\t\t<div class=\"elementor-element elementor-element-4dbd73a elementor-widget elementor-widget-heading\" data-id=\"4dbd73a\" data-element_type=\"widget\" data-e-type=\"widget\" data-widget_type=\"heading.default\">\n\t\t\t\t<div class=\"elementor-widget-container\">\n\t\t\t\t\t<h2 class=\"elementor-heading-title elementor-size-default\">Mariages &amp; Lune de Miel en Sardaigne et Corse<\/h2>\t\t\t\t<\/div>\n\t\t\t\t<\/div>\n\t\t\t\t<div class=\"elementor-element elementor-element-b1ff5fd elementor-widget elementor-widget-text-editor\" data-id=\"b1ff5fd\" data-element_type=\"widget\" data-e-type=\"widget\" data-widget_type=\"text-editor.default\">\n\t\t\t\t<div class=\"elementor-widget-container\">\n\t\t\t\t\t\t\t\t\t<p>We can honestly say that there\u2019s no more beautiful place for a wedding or honeymoon in the world than Sardinia. That\u2019s why we love organising bespoke wedding packages that include luxury hotels, breathtaking vistas, local delicacies, sun-kissed beaches and stunning natural beauty at every turn.<br>Whether you\u2019re getting married for the first time, renewing your vows or whisking your loved one away on a romantic honeymoon, our travel experts will take care of everything. We\u2019ll give you a choice of stunning wedding and honeymoon locations that befit such a momentous occasion. True love deserves a beautiful backdrop for such beautiful acts of love \u2014 and that\u2019s exactly what you, your partner, and your families will get with a bespoke wedding and honeymoon in Sardinia.<\/p>\n<p>&nbsp;Nos experts en voyages de luxe proposent des services de voyage in\u00e9gal\u00e9s qui s'adressent \u00e0 ceux qui recherchent les exp\u00e9riences les plus raffin\u00e9es. Que vous partiez \u00e0 la d\u00e9couverte des paysages \u00e9poustouflants de<a href=\"https:\/\/old.visitsardinia.vip\/fr\/\"> Sardaigne <\/a>ou de profiter du charme de la Corse, nos experts proposent des itin\u00e9raires personnalis\u00e9s et un acc\u00e8s exclusif au meilleur de ces destinations. <span style=\"letter-spacing: 0px; word-spacing: 0em;\">Pour en savoir plus sur la Sardaigne et la Corse, <\/span><a style=\"letter-spacing: 0px; word-spacing: 0em;\" href=\"https:\/\/en.wikipedia.org\/wiki\/Sardinia_and_Corsica\" target=\"_blank\" rel=\"noopener\">click here<\/a><span style=\"letter-spacing: 0px; word-spacing: 0em;\">.<\/span><\/p>\n<p class=\"MsoNormal\" style=\"border: none; mso-padding-alt: 31.0pt 31.0pt 31.0pt 31.0pt; mso-border-shadow: yes;\">\n<\/p>\t\t\t\t\t\t\t\t<\/div>\n\t\t\t\t<\/div>\n\t\t\t\t<\/div>\n\t\t<div class=\"elementor-element elementor-element-5a22954 e-con-full e-flex e-con e-child\" data-id=\"5a22954\" data-element_type=\"container\" data-e-type=\"container\">\n\t\t\t\t<div class=\"elementor-element elementor-element-b9f4d4a elementor-widget elementor-widget-image\" data-id=\"b9f4d4a\" data-element_type=\"widget\" data-e-type=\"widget\" data-widget_type=\"image.default\">\n\t\t\t\t<div class=\"elementor-widget-container\">\n\t\t\t\t\t\t\t\t\t\t\t\t\t\t\t<img loading=\"lazy\" decoding=\"async\" width=\"1024\" height=\"1024\" src=\"https:\/\/old.visitsardinia.vip\/wp-content\/uploads\/2019\/03\/IMG_0588-1024x1024.jpg\" class=\"attachment-large size-large wp-image-9907\" alt=\"Experts en voyages de luxe\" srcset=\"https:\/\/old.visitsardinia.vip\/wp-content\/uploads\/2019\/03\/IMG_0588-1024x1024.jpg 1024w, https:\/\/old.visitsardinia.vip\/wp-content\/uploads\/2019\/03\/IMG_0588-300x300.jpg 300w, https:\/\/old.visitsardinia.vip\/wp-content\/uploads\/2019\/03\/IMG_0588-150x150.jpg 150w, https:\/\/old.visitsardinia.vip\/wp-content\/uploads\/2019\/03\/IMG_0588-1536x1536.jpg 1536w, https:\/\/old.visitsardinia.vip\/wp-content\/uploads\/2019\/03\/IMG_0588-2048x2048.jpg 2048w\" sizes=\"(max-width: 1024px) 100vw, 1024px\" title=\"\">\t\t\t\t\t\t\t\t\t\t\t\t\t\t\t<\/div>\n\t\t\t\t<\/div>\n\t\t\t\t<\/div>\n\t\t\t\t<\/div>\n\t\t<div class=\"elementor-element elementor-element-176a6de e-flex e-con-boxed e-con e-parent\" data-id=\"176a6de\" data-element_type=\"container\" data-e-type=\"container\" data-settings=\"{&quot;background_background&quot;:&quot;gradient&quot;}\">\n\t\t\t\t\t<div class=\"e-con-inner\">\n\t\t\t\t<div class=\"elementor-element elementor-element-5c2d6521 elementor-widget elementor-widget-heading\" data-id=\"5c2d6521\" data-element_type=\"widget\" data-e-type=\"widget\" data-widget_type=\"heading.default\">\n\t\t\t\t<div class=\"elementor-widget-container\">\n\t\t\t\t\t<h3 class=\"elementor-heading-title elementor-size-default\">Vos vacances sur mesure en Sardaigne ne sont qu&#039;une conversation amicale<\/h3>\t\t\t\t<\/div>\n\t\t\t\t<\/div>\n\t\t\t\t<div class=\"elementor-element elementor-element-59d63886 elementor-widget elementor-widget-text-editor\" data-id=\"59d63886\" data-element_type=\"widget\" data-e-type=\"widget\" data-widget_type=\"text-editor.default\">\n\t\t\t\t<div class=\"elementor-widget-container\">\n\t\t\t\t\t\t\t\t\t<p>Dites-nous comment nous pouvons r\u00e9aliser vos r\u00eaves de voyages de luxe en M\u00e9diterran\u00e9e<\/p>\t\t\t\t\t\t\t\t<\/div>\n\t\t\t\t<\/div>\n\t\t\t\t<div class=\"elementor-element elementor-element-60e1deac elementor-mobile-align-center elementor-align-center elementor-widget elementor-widget-button\" data-id=\"60e1deac\" data-element_type=\"widget\" data-e-type=\"widget\" data-widget_type=\"button.default\">\n\t\t\t\t<div class=\"elementor-widget-container\">\n\t\t\t\t\t\t\t\t\t<div class=\"elementor-button-wrapper\">\n\t\t\t\t\t<a class=\"elementor-button elementor-button-link elementor-size-sm\" href=\"https:\/\/old.visitsardinia.vip\/fr\/planifier-un-voyage\/\">\n\t\t\t\t\t\t<span class=\"elementor-button-content-wrapper\">\n\t\t\t\t\t\t\t\t\t<span class=\"elementor-button-text\">PLANIFIER UN VOYAGE<\/span>\n\t\t\t\t\t<\/span>\n\t\t\t\t\t<\/a>\n\t\t\t\t<\/div>\n\t\t\t\t\t\t\t\t<\/div>\n\t\t\t\t<\/div>\n\t\t\t\t\t<\/div>\n\t\t\t\t<\/div>\n\t\t\t\t<\/div>","protected":false},"excerpt":{"rendered":"<p>Our Corsica and Sardinia Travel Experts Are at Your Service A premium tour operator doesn\u2019t just book hotels and plan excursions, they listen to the requirements of their clients and create fully bespoke itineraries. Our luxury travel experts will combine your wish list with our first-hand experience of both Sardinia and Corsica to create vacation [&hellip;]<\/p>\n","protected":false},"author":1,"featured_media":0,"parent":0,"menu_order":0,"comment_status":"closed","ping_status":"closed","template":"template-blank.php","meta":{"footnotes":""},"folder":[],"class_list":["post-16984","page","type-page","status-publish","has-post-thumbnail","hentry"],"_links":{"self":[{"href":"https:\/\/old.visitsardinia.vip\/fr\/wp-json\/wp\/v2\/pages\/16984","targetHints":{"allow":["GET"]}}],"collection":[{"href":"https:\/\/old.visitsardinia.vip\/fr\/wp-json\/wp\/v2\/pages"}],"about":[{"href":"https:\/\/old.visitsardinia.vip\/fr\/wp-json\/wp\/v2\/types\/page"}],"author":[{"embeddable":true,"href":"https:\/\/old.visitsardinia.vip\/fr\/wp-json\/wp\/v2\/users\/1"}],"replies":[{"embeddable":true,"href":"https:\/\/old.visitsardinia.vip\/fr\/wp-json\/wp\/v2\/comments?post=16984"}],"version-history":[{"count":0,"href":"https:\/\/old.visitsardinia.vip\/fr\/wp-json\/wp\/v2\/pages\/16984\/revisions"}],"wp:attachment":[{"href":"https:\/\/old.visitsardinia.vip\/fr\/wp-json\/wp\/v2\/media?parent=16984"}],"wp:term":[{"taxonomy":"folder","embeddable":true,"href":"https:\/\/old.visitsardinia.vip\/fr\/wp-json\/wp\/v2\/folder?post=16984"}],"curies":[{"name":"wp","href":"https:\/\/api.w.org\/{rel}","templated":true}]}}