{"id":13341,"date":"2021-11-24T12:38:18","date_gmt":"2021-11-24T12:38:18","guid":{"rendered":"https:\/\/staging.visitsardinia.vip\/?page_id=13341"},"modified":"2024-02-06T15:52:24","modified_gmt":"2024-02-06T15:52:24","slug":"agents","status":"publish","type":"page","link":"https:\/\/old.visitsardinia.vip\/fr\/agents\/","title":{"rendered":"Agents"},"content":{"rendered":"<div data-elementor-type=\"wp-page\" data-elementor-id=\"13341\" class=\"elementor elementor-13341\" data-elementor-post-type=\"page\">\n\t\t\t\t\t\t<section class=\"elementor-section elementor-top-section elementor-element elementor-element-6f637f3c elementor-section-boxed elementor-section-height-default elementor-section-height-default\" data-id=\"6f637f3c\" data-element_type=\"section\" data-e-type=\"section\">\n\t\t\t\t\t\t<div class=\"elementor-container elementor-column-gap-default\">\n\t\t\t\t\t<div class=\"elementor-column elementor-col-100 elementor-top-column elementor-element elementor-element-5f200ca4\" data-id=\"5f200ca4\" data-element_type=\"column\" data-e-type=\"column\">\n\t\t\t<div class=\"elementor-widget-wrap elementor-element-populated\">\n\t\t\t\t\t\t<div class=\"elementor-element elementor-element-30a0c506 elementor-widget elementor-widget-text-editor\" data-id=\"30a0c506\" data-element_type=\"widget\" data-e-type=\"widget\" data-widget_type=\"text-editor.default\">\n\t\t\t\t<div class=\"elementor-widget-container\">\n\t\t\t\t\t\t\t\t\t<h5>Vous \u00eates un agent de voyages \u00e0 la recherche d&#039;un partenaire fiable pour vous aider \u00e0 offrir \u00e0 vos clients un voyage inoubliable en Sardaigne ou en Corse ?<\/h5><h5>Look no further than Visit Sardinia\u00ae VIP.<\/h5><p>\u00a0<\/p><p>Comme un <strong>premier voyagiste r\u00e9ceptif de luxe et soci\u00e9t\u00e9 de gestion de destinations prim\u00e9e bas\u00e9e en Sardaigne<\/strong>, nous travaillons avec des agences de voyages de premier plan du monde entier pour fournir des services in\u00e9gal\u00e9s aux clients voyageant en Sardaigne, en Corse et dans toute l&#039;Italie.<\/p><p>Nos programmes B2B offrent aux agents de voyages la possibilit\u00e9 d&#039;offrir \u00e0 leurs clients un nouveau produit de voyage haut de gamme \u00e0 des tarifs exclusifs. Et avec nos tarifs comp\u00e9titifs pour l&#039;h\u00e9bergement et les visites, des itin\u00e9raires personnalis\u00e9s adapt\u00e9s \u00e0 vos clients ? besoins et budget, et un service professionnel de notre \u00e9quipe d&#039;experts locaux hautement qualifi\u00e9s, vous pouvez \u00eatre assur\u00e9 que vos clients seront entre de bonnes mains.<\/p><h6>\u00a0<\/h6><p>Mais ce n&#039;est pas tout. Lorsque vous vous associez \u00e0 nous, vos clients b\u00e9n\u00e9ficieront \u00e9galement d&#039;un traitement sp\u00e9cial, d&#039;un service d\u00e9di\u00e9, de surclassements et d&#039;avantages tout au long de leur s\u00e9jour. Et avec notre service personnel 24 heures sur 24, 7 jours sur 7, nos webinaires, nos consultations et nos voyages de familiarisation, vous aurez tout le soutien dont vous avez besoin pour offrir \u00e0 vos clients une exp\u00e9rience de voyage inoubliable.<\/p><p>\u00a0<\/p><h6>Pr\u00eat \u00e0 d\u00e9marrer notre partenariat ?<\/h6><p>Envoyez-nous simplement les coordonn\u00e9es de votre entreprise pour vous inscrire en tant que partenaire et b\u00e9n\u00e9ficier de tarifs et d&#039;avantages sp\u00e9ciaux r\u00e9serv\u00e9s aux agences de voyages.<\/p><p>Si vous avez des questions ou des demandes de renseignements, n&#039;h\u00e9sitez pas \u00e0 nous envoyer un courriel \u00e0 <a href=\"\/fr\/info@old.visitsardinia.vip\/\">info@old.visitsardinia.vip<\/a><\/p><p>Nous sommes impatients de vous accueillir comme l&#039;un de nos pr\u00e9cieux partenaires!<\/p>\t\t\t\t\t\t\t\t<\/div>\n\t\t\t\t<\/div>\n\t\t\t\t\t<\/div>\n\t\t<\/div>\n\t\t\t\t\t<\/div>\n\t\t<\/section>\n\t\t\t\t<\/div>","protected":false},"excerpt":{"rendered":"<p>Are you a travel agent looking for a reliable partner to help you provide your clients with an unforgettable trip to Sardinia or Corsica? Look no further than Visit Sardinia\u00ae VIP. As a leading luxury inbound tour operator and award-winning destination management company based in Sardinia, we work with top-tier travel agencies from around the [&hellip;]<\/p>\n","protected":false},"author":1,"featured_media":9693,"parent":0,"menu_order":0,"comment_status":"closed","ping_status":"closed","template":"","meta":{"footnotes":""},"folder":[],"class_list":["post-13341","page","type-page","status-publish","has-post-thumbnail","hentry"],"_links":{"self":[{"href":"https:\/\/old.visitsardinia.vip\/fr\/wp-json\/wp\/v2\/pages\/13341","targetHints":{"allow":["GET"]}}],"collection":[{"href":"https:\/\/old.visitsardinia.vip\/fr\/wp-json\/wp\/v2\/pages"}],"about":[{"href":"https:\/\/old.visitsardinia.vip\/fr\/wp-json\/wp\/v2\/types\/page"}],"author":[{"embeddable":true,"href":"https:\/\/old.visitsardinia.vip\/fr\/wp-json\/wp\/v2\/users\/1"}],"replies":[{"embeddable":true,"href":"https:\/\/old.visitsardinia.vip\/fr\/wp-json\/wp\/v2\/comments?post=13341"}],"version-history":[{"count":0,"href":"https:\/\/old.visitsardinia.vip\/fr\/wp-json\/wp\/v2\/pages\/13341\/revisions"}],"wp:featuredmedia":[{"embeddable":true,"href":"https:\/\/old.visitsardinia.vip\/fr\/wp-json\/wp\/v2\/media\/9693"}],"wp:attachment":[{"href":"https:\/\/old.visitsardinia.vip\/fr\/wp-json\/wp\/v2\/media?parent=13341"}],"wp:term":[{"taxonomy":"folder","embeddable":true,"href":"https:\/\/old.visitsardinia.vip\/fr\/wp-json\/wp\/v2\/folder?post=13341"}],"curies":[{"name":"wp","href":"https:\/\/api.w.org\/{rel}","templated":true}]}}