{"id":18831,"date":"2023-04-21T14:52:30","date_gmt":"2023-04-21T14:52:30","guid":{"rendered":"https:\/\/old.visitsardinia.vip\/?page_id=18831"},"modified":"2023-04-21T14:58:33","modified_gmt":"2023-04-21T14:58:33","slug":"convertirse-en-socio","status":"publish","type":"page","link":"https:\/\/old.visitsardinia.vip\/es\/convertirse-en-socio\/","title":{"rendered":"H\u00e1gase socio"},"content":{"rendered":"<div data-elementor-type=\"wp-page\" data-elementor-id=\"18831\" class=\"elementor elementor-18831\" data-elementor-post-type=\"page\">\n\t\t\t\t\t\t<section class=\"elementor-section elementor-top-section elementor-element elementor-element-54902a8d elementor-section-boxed elementor-section-height-default elementor-section-height-default\" data-id=\"54902a8d\" data-element_type=\"section\" data-e-type=\"section\">\n\t\t\t\t\t\t<div class=\"elementor-container elementor-column-gap-default\">\n\t\t\t\t\t<div class=\"elementor-column elementor-col-100 elementor-top-column elementor-element elementor-element-21affe29\" data-id=\"21affe29\" data-element_type=\"column\" data-e-type=\"column\">\n\t\t\t<div class=\"elementor-widget-wrap elementor-element-populated\">\n\t\t\t\t\t\t<section class=\"elementor-section elementor-inner-section elementor-element elementor-element-bc1d215 elementor-section-boxed elementor-section-height-default elementor-section-height-default\" data-id=\"bc1d215\" data-element_type=\"section\" data-e-type=\"section\" data-settings=\"{&quot;background_background&quot;:&quot;classic&quot;}\">\n\t\t\t\t\t\t<div class=\"elementor-container elementor-column-gap-default\">\n\t\t\t\t\t<div class=\"elementor-column elementor-col-16 elementor-inner-column elementor-element elementor-element-52e6a287\" data-id=\"52e6a287\" data-element_type=\"column\" data-e-type=\"column\">\n\t\t\t<div class=\"elementor-widget-wrap\">\n\t\t\t\t\t\t\t<\/div>\n\t\t<\/div>\n\t\t\t\t<div class=\"elementor-column elementor-col-66 elementor-inner-column elementor-element elementor-element-270ffd96\" data-id=\"270ffd96\" data-element_type=\"column\" data-e-type=\"column\" data-settings=\"{&quot;background_background&quot;:&quot;classic&quot;}\">\n\t\t\t<div class=\"elementor-widget-wrap elementor-element-populated\">\n\t\t\t\t\t\t<div class=\"elementor-element elementor-element-4fcccc2e elementor-widget elementor-widget-heading\" data-id=\"4fcccc2e\" data-element_type=\"widget\" data-e-type=\"widget\" data-widget_type=\"heading.default\">\n\t\t\t\t<div class=\"elementor-widget-container\">\n\t\t\t\t\t<h2 class=\"elementor-heading-title elementor-size-default\">\u00danase a la familia VIP de Visit Sardinia y consigamos m\u00e1s juntos.<\/h2>\t\t\t\t<\/div>\n\t\t\t\t<\/div>\n\t\t\t\t\t<\/div>\n\t\t<\/div>\n\t\t\t\t<div class=\"elementor-column elementor-col-16 elementor-inner-column elementor-element elementor-element-321dc2c4\" data-id=\"321dc2c4\" data-element_type=\"column\" data-e-type=\"column\">\n\t\t\t<div class=\"elementor-widget-wrap\">\n\t\t\t\t\t\t\t<\/div>\n\t\t<\/div>\n\t\t\t\t\t<\/div>\n\t\t<\/section>\n\t\t\t\t\t<\/div>\n\t\t<\/div>\n\t\t\t\t\t<\/div>\n\t\t<\/section>\n\t\t<div class=\"elementor-element elementor-element-0b42639 e-flex e-con-boxed e-con e-parent\" data-id=\"0b42639\" data-element_type=\"container\" data-e-type=\"container\">\n\t\t\t\t\t<div class=\"e-con-inner\">\n\t\t\t\t<div class=\"elementor-element elementor-element-53fdd8d elementor-widget elementor-widget-text-editor\" data-id=\"53fdd8d\" data-element_type=\"widget\" data-e-type=\"widget\" data-widget_type=\"text-editor.default\">\n\t\t\t\t<div class=\"elementor-widget-container\">\n\t\t\t\t\t\t\t\t\t<h5>Colaborar, conectar y crecer<\/h5><p>\u00bfEs usted propietario de un negocio en Cerde\u00f1a y desea atraer a m\u00e1s clientes y aumentar su visibilidad? Al asociarse con Visit Sardinia VIP, tendr\u00e1 la oportunidad de mostrar su negocio a un amplio p\u00fablico de viajeros y turistas, \u00a1y ver c\u00f3mo crece su base de clientes!<\/p><p>Como socio, podr\u00e1 crear un perfil impresionante para su negocio en nuestro sitio web, con fotos llamativas, descripciones atractivas y toda la informaci\u00f3n de contacto que los visitantes necesitan para encontrarle. Adem\u00e1s, podr\u00e1 ofrecer ofertas y promociones exclusivas a los usuarios VIP de Visit Sardinia.<\/p><p><strong>As a partner, you&#8217;ll also benefit from:<\/strong><br \/>&#8211; Increased visibility on our website and social media channels<br \/>&#8211; Access to our extensive network of partners and collaborators<br \/>&#8211; Opportunities for cross-promotion and collaboration with other businesses<br \/>&#8211; Dedicated support from our team to help you make the most of your partnership<\/p><p>No se pierda esta incre\u00edble oportunidad de hacer crecer su negocio y llegar a nuevos clientes. P\u00f3ngase en contacto con nosotros hoy mismo para obtener m\u00e1s informaci\u00f3n sobre c\u00f3mo convertirse en socio de Visit Sardinia VIP.<\/p><p>\u00a0<\/p>\t\t\t\t\t\t\t\t<\/div>\n\t\t\t\t<\/div>\n\t\t\t\t\t<\/div>\n\t\t\t\t<\/div>\n\t\t<div class=\"elementor-element elementor-element-7019eb0 e-flex e-con-boxed e-con e-parent\" data-id=\"7019eb0\" data-element_type=\"container\" data-e-type=\"container\" data-settings=\"{&quot;background_background&quot;:&quot;gradient&quot;}\">\n\t\t\t\t\t<div class=\"e-con-inner\">\n\t\t\t\t<div class=\"elementor-element elementor-element-ac0f179 elementor-widget elementor-widget-heading\" data-id=\"ac0f179\" data-element_type=\"widget\" data-e-type=\"widget\" data-widget_type=\"heading.default\">\n\t\t\t\t<div class=\"elementor-widget-container\">\n\t\t\t\t\t<h3 class=\"elementor-heading-title elementor-size-default\">\u00bfC\u00f3mo funciona?<\/h3>\t\t\t\t<\/div>\n\t\t\t\t<\/div>\n\t\t\t\t<div class=\"elementor-element elementor-element-842e24b elementor-widget elementor-widget-text-editor\" data-id=\"842e24b\" data-element_type=\"widget\" data-e-type=\"widget\" data-widget_type=\"text-editor.default\">\n\t\t\t\t<div class=\"elementor-widget-container\">\n\t\t\t\t\t\t\t\t\t<h5>Estos son los pasos para registrarse como empresa asociada con Visit Sardinia VIP:<\/h5><ol><li><p>P\u00f3ngase en contacto con Visit Sardinia VIP por tel\u00e9fono o correo electr\u00f3nico en <a class=\"Markdown_link__9ACHA\" href=\"mailto:partners@visitsardiniavip.com\" target=\"_blank\" rel=\"noopener\">partners@old.visitsardinia.vip<\/a>. Exprese su inter\u00e9s en asociarse y proporcione algunos detalles sobre su empresa, ubicaci\u00f3n, servicios y objetivos para la asociaci\u00f3n.<\/p><\/li><li><p><a class=\"Markdown_link__9ACHA MarkdownLink_linkifiedLink__KxC9G\">Visite Cerde\u00f1a VIP<\/a>\u00a0programar\u00e1 una llamada o una reuni\u00f3n para hablar m\u00e1s a fondo de la asociaci\u00f3n. Traiga informaci\u00f3n como su\u00a0<a class=\"Markdown_link__9ACHA MarkdownLink_linkifiedLink__KxC9G\">raz\u00f3n social<\/a>direcci\u00f3n,\u00a0<a class=\"Markdown_link__9ACHA MarkdownLink_linkifiedLink__KxC9G\">datos de contacto<\/a>im\u00e1genes de la empresa, URL del sitio web, descripci\u00f3n de los servicios, etc.<\/p><\/li><li><p>Si se aprueba su asociaci\u00f3n, recibir\u00e1\u00a0<a class=\"Markdown_link__9ACHA MarkdownLink_linkifiedLink__KxC9G\">datos de acceso<\/a>\u00a0para acceder a su nuevo perfil de socio. Trabaje con el\u00a0<a class=\"Markdown_link__9ACHA MarkdownLink_linkifiedLink__KxC9G\">Visite Cerde\u00f1a Equipo VIP<\/a>\u00a0para configurar y optimizar su perfil, incluida la carga de im\u00e1genes de alta calidad de su empresa, servicios y ubicaci\u00f3n.<\/p><\/li><li><p>Proporcione detalles sobre cualquier\u00a0<a class=\"Markdown_link__9ACHA MarkdownLink_linkifiedLink__KxC9G\">especiales de lanzamiento<\/a>promociones, descuentos o paquetes que desee destacar como oferta exclusiva para los miembros VIP de Visit Sardinia. El equipo publicar\u00e1 sus ofertas en el sitio web y las promocionar\u00e1 entre los socios.<\/p><\/li><li><p>Para un\u00a0<a class=\"Markdown_link__9ACHA MarkdownLink_linkifiedLink__KxC9G\">afiliaci\u00f3n de pago<\/a>\u00a0para acceder a servicios especiales y\u00a0<a class=\"Markdown_link__9ACHA MarkdownLink_linkifiedLink__KxC9G\">promoci\u00f3n reforzada<\/a>, there is an annual partnership registration fee of \u20ac250.\u00a0 pay the annual partnership registration fee of \u20ac250, via bank transfer or credit card. The fee covers setup, <a class=\"Markdown_link__9ACHA MarkdownLink_linkifiedLink__KxC9G\">optimizaci\u00f3n del perfil<\/a>y promoci\u00f3n de su negocio durante todo el a\u00f1o en las plataformas VIP de Visit Sardinia.<\/p><\/li><li><p>Seguir colaborando con Visit Sardinia VIP para impulsar las visitas, los clics, las reservas y las ventas de su red de viajeros y locales. Realice cambios en su perfil y sus ofertas a lo largo del tiempo en funci\u00f3n del rendimiento y los comentarios.<\/p><\/li><li><p>Consulte\u00a0<a class=\"Markdown_link__9ACHA MarkdownLink_linkifiedLink__KxC9G\">m\u00e9tricas de asociaci\u00f3n<\/a>\u00a0al menos trimestralmente, incluyendo vistas de perfil, clics, sesiones, conversiones e ingresos generados. Proporcione comentarios adicionales o solicite nuevas funciones en cualquier momento.<\/p><\/li><li><p>Renueve su asociaci\u00f3n antes de la fecha del aniversario anual para mantener la visibilidad en Visit Sardinia VIP y seguir aprovechando todas las ventajas. Las renovaciones cuestan 200 euros al a\u00f1o para los socios recurrentes.<\/p><\/li><\/ol>\t\t\t\t\t\t\t\t<\/div>\n\t\t\t\t<\/div>\n\t\t\t\t<div class=\"elementor-element elementor-element-05f3785 elementor-align-center elementor-widget elementor-widget-button\" data-id=\"05f3785\" data-element_type=\"widget\" data-e-type=\"widget\" data-widget_type=\"button.default\">\n\t\t\t\t<div class=\"elementor-widget-container\">\n\t\t\t\t\t\t\t\t\t<div class=\"elementor-button-wrapper\">\n\t\t\t\t\t<a class=\"elementor-button elementor-button-link elementor-size-sm\" href=\"https:\/\/modmixmap.wpengine.com\/register\/\" target=\"_blank\" rel=\"noopener\">\n\t\t\t\t\t\t<span class=\"elementor-button-content-wrapper\">\n\t\t\t\t\t\t\t\t\t<span class=\"elementor-button-text\">Solicitar ahora<\/span>\n\t\t\t\t\t<\/span>\n\t\t\t\t\t<\/a>\n\t\t\t\t<\/div>\n\t\t\t\t\t\t\t\t<\/div>\n\t\t\t\t<\/div>\n\t\t\t\t\t<\/div>\n\t\t\t\t<\/div>\n\t\t\t\t<section class=\"elementor-section elementor-top-section elementor-element elementor-element-3ad9a31 elementor-section-boxed elementor-section-height-default elementor-section-height-default\" data-id=\"3ad9a31\" data-element_type=\"section\" data-e-type=\"section\" data-settings=\"{&quot;background_background&quot;:&quot;classic&quot;}\">\n\t\t\t\t\t\t<div class=\"elementor-container elementor-column-gap-default\">\n\t\t\t\t\t<div class=\"elementor-column elementor-col-100 elementor-top-column elementor-element elementor-element-7a5b123\" data-id=\"7a5b123\" data-element_type=\"column\" data-e-type=\"column\">\n\t\t\t<div class=\"elementor-widget-wrap elementor-element-populated\">\n\t\t\t\t\t\t<section class=\"elementor-section elementor-inner-section elementor-element elementor-element-bf5445f elementor-section-boxed elementor-section-height-default elementor-section-height-default\" data-id=\"bf5445f\" data-element_type=\"section\" data-e-type=\"section\">\n\t\t\t\t\t\t<div class=\"elementor-container elementor-column-gap-default\">\n\t\t\t\t\t<div class=\"elementor-column elementor-col-25 elementor-inner-column elementor-element elementor-element-333a35e\" data-id=\"333a35e\" data-element_type=\"column\" data-e-type=\"column\">\n\t\t\t<div class=\"elementor-widget-wrap\">\n\t\t\t\t\t\t\t<\/div>\n\t\t<\/div>\n\t\t\t\t<div class=\"elementor-column elementor-col-50 elementor-inner-column elementor-element elementor-element-c0686e9\" data-id=\"c0686e9\" data-element_type=\"column\" data-e-type=\"column\">\n\t\t\t<div class=\"elementor-widget-wrap elementor-element-populated\">\n\t\t\t\t\t\t<div class=\"elementor-element elementor-element-dbce4c5 elementor-widget elementor-widget-heading\" data-id=\"dbce4c5\" data-element_type=\"widget\" data-e-type=\"widget\" data-widget_type=\"heading.default\">\n\t\t\t\t<div class=\"elementor-widget-container\">\n\t\t\t\t\t<h2 class=\"elementor-heading-title elementor-size-default\">Preguntas m\u00e1s frecuentes<\/h2>\t\t\t\t<\/div>\n\t\t\t\t<\/div>\n\t\t\t\t\t<\/div>\n\t\t<\/div>\n\t\t\t\t<div class=\"elementor-column elementor-col-25 elementor-inner-column elementor-element elementor-element-673f38d\" data-id=\"673f38d\" data-element_type=\"column\" data-e-type=\"column\">\n\t\t\t<div class=\"elementor-widget-wrap\">\n\t\t\t\t\t\t\t<\/div>\n\t\t<\/div>\n\t\t\t\t\t<\/div>\n\t\t<\/section>\n\t\t\t\t<section class=\"elementor-section elementor-inner-section elementor-element elementor-element-5a55247 elementor-section-boxed elementor-section-height-default elementor-section-height-default\" data-id=\"5a55247\" data-element_type=\"section\" data-e-type=\"section\">\n\t\t\t\t\t\t<div class=\"elementor-container elementor-column-gap-default\">\n\t\t\t\t\t<div class=\"elementor-column elementor-col-50 elementor-inner-column elementor-element elementor-element-c8999fe\" data-id=\"c8999fe\" data-element_type=\"column\" data-e-type=\"column\">\n\t\t\t<div class=\"elementor-widget-wrap elementor-element-populated\">\n\t\t\t\t\t\t<div class=\"elementor-element elementor-element-1e5dcbb elementor-widget elementor-widget-st_faq\" data-id=\"1e5dcbb\" data-element_type=\"widget\" data-e-type=\"widget\" data-widget_type=\"st_faq.default\">\n\t\t\t\t<div class=\"elementor-widget-container\">\n\t\t\t\t\t<div class=\"accordion faq style1\" id=\"accordion_who-can-become-a-local-expert-with-visit-sardinia-vip\">\r\n    <div class=\"accordion-item\">\r\n        <h2 class=\"accordion-header\" id=\"heading_who-can-become-a-local-expert-with-visit-sardinia-vip\">\r\n            <button class=\"accordion-button   collapsed\"\r\n                type=\"button\"\r\n                data-bs-toggle=\"collapse\"\r\n                data-bs-target=\"#st-who-can-become-a-local-expert-with-visit-sardinia-vip\"\r\n                aria-expanded=\"false\"\r\n                aria-controls=\"who-can-become-a-local-expert-with-visit-sardinia-vip\"\r\n            >\r\n                Who can become a local expert with Visit Sardinia\u00ae VIP?            <\/button>\r\n        <\/h2>\r\n        <div id=\"st-who-can-become-a-local-expert-with-visit-sardinia-vip\" class=\"accordion-collapse collapse\"\r\n            aria-labelledby=\"heading_who-can-become-a-local-expert-with-visit-sardinia-vip\"\r\n            data-bs-parent=\"#accordion_who-can-become-a-local-expert-with-visit-sardinia-vip\"\r\n        >\r\n            <div class=\"accordion-body\">\r\n                Cualquier persona con amplios conocimientos de la cultura local, la historia y las atracciones de Cerde\u00f1a y C\u00f3rcega puede solicitar convertirse en experto local de Visit Sardinia\u00ae VIP. Buscamos personas apasionadas con ganas de compartir su amor por estos destinos con los dem\u00e1s.            <\/div>\r\n        <\/div>\r\n    <\/div>\r\n<\/div>\r\n\t\t\t\t<\/div>\n\t\t\t\t<\/div>\n\t\t\t\t<div class=\"elementor-element elementor-element-35045b1 elementor-widget elementor-widget-st_faq\" data-id=\"35045b1\" data-element_type=\"widget\" data-e-type=\"widget\" data-widget_type=\"st_faq.default\">\n\t\t\t\t<div class=\"elementor-widget-container\">\n\t\t\t\t\t<div class=\"accordion faq style1\" id=\"accordion_how-do-i-apply-to-become-a-local-expert\">\r\n    <div class=\"accordion-item\">\r\n        <h2 class=\"accordion-header\" id=\"heading_how-do-i-apply-to-become-a-local-expert\">\r\n            <button class=\"accordion-button   collapsed\"\r\n                type=\"button\"\r\n                data-bs-toggle=\"collapse\"\r\n                data-bs-target=\"#st-how-do-i-apply-to-become-a-local-expert\"\r\n                aria-expanded=\"false\"\r\n                aria-controls=\"how-do-i-apply-to-become-a-local-expert\"\r\n            >\r\n                \u00bfC\u00f3mo puedo solicitar ser experto local?             <\/button>\r\n        <\/h2>\r\n        <div id=\"st-how-do-i-apply-to-become-a-local-expert\" class=\"accordion-collapse collapse\"\r\n            aria-labelledby=\"heading_how-do-i-apply-to-become-a-local-expert\"\r\n            data-bs-parent=\"#accordion_how-do-i-apply-to-become-a-local-expert\"\r\n        >\r\n            <div class=\"accordion-body\">\r\n                Para solicitar convertirse en un experto local de Visit Sardinia\u00ae VIP, s\u00f3lo tiene que rellenar nuestro formulario de solicitud en l\u00ednea y explicarnos su experiencia y cualificaciones. Revisaremos su solicitud y nos pondremos en contacto con usted lo antes posible.            <\/div>\r\n        <\/div>\r\n    <\/div>\r\n<\/div>\r\n\t\t\t\t<\/div>\n\t\t\t\t<\/div>\n\t\t\t\t<div class=\"elementor-element elementor-element-8a3d7b1 elementor-widget elementor-widget-st_faq\" data-id=\"8a3d7b1\" data-element_type=\"widget\" data-e-type=\"widget\" data-widget_type=\"st_faq.default\">\n\t\t\t\t<div class=\"elementor-widget-container\">\n\t\t\t\t\t<div class=\"accordion faq style1\" id=\"accordion_what-are-the-benefits-of-becoming-a-local-expert-with-visit-sardinia-vip\">\r\n    <div class=\"accordion-item\">\r\n        <h2 class=\"accordion-header\" id=\"heading_what-are-the-benefits-of-becoming-a-local-expert-with-visit-sardinia-vip\">\r\n            <button class=\"accordion-button   collapsed\"\r\n                type=\"button\"\r\n                data-bs-toggle=\"collapse\"\r\n                data-bs-target=\"#st-what-are-the-benefits-of-becoming-a-local-expert-with-visit-sardinia-vip\"\r\n                aria-expanded=\"false\"\r\n                aria-controls=\"what-are-the-benefits-of-becoming-a-local-expert-with-visit-sardinia-vip\"\r\n            >\r\n                What are the benefits of becoming a local expert with Visit Sardinia\u00ae VIP?            <\/button>\r\n        <\/h2>\r\n        <div id=\"st-what-are-the-benefits-of-becoming-a-local-expert-with-visit-sardinia-vip\" class=\"accordion-collapse collapse\"\r\n            aria-labelledby=\"heading_what-are-the-benefits-of-becoming-a-local-expert-with-visit-sardinia-vip\"\r\n            data-bs-parent=\"#accordion_what-are-the-benefits-of-becoming-a-local-expert-with-visit-sardinia-vip\"\r\n        >\r\n            <div class=\"accordion-body\">\r\n                Como experto local de Visit Sardinia\u00ae VIP, disfrutar\u00e1s de una remuneraci\u00f3n competitiva, horarios flexibles y la oportunidad de trabajar con un equipo de apasionados profesionales del turismo. Tambi\u00e9n tendr\u00e1 la oportunidad de mostrar su experiencia y construir su reputaci\u00f3n como una autoridad l\u00edder en todas las cosas de Cerde\u00f1a y C\u00f3rcega.            <\/div>\r\n        <\/div>\r\n    <\/div>\r\n<\/div>\r\n\t\t\t\t<\/div>\n\t\t\t\t<\/div>\n\t\t\t\t\t<\/div>\n\t\t<\/div>\n\t\t\t\t<div class=\"elementor-column elementor-col-50 elementor-inner-column elementor-element elementor-element-2861f09\" data-id=\"2861f09\" data-element_type=\"column\" data-e-type=\"column\">\n\t\t\t<div class=\"elementor-widget-wrap elementor-element-populated\">\n\t\t\t\t\t\t<div class=\"elementor-element elementor-element-8c3e523 elementor-widget elementor-widget-st_faq\" data-id=\"8c3e523\" data-element_type=\"widget\" data-e-type=\"widget\" data-widget_type=\"st_faq.default\">\n\t\t\t\t<div class=\"elementor-widget-container\">\n\t\t\t\t\t<div class=\"accordion faq style1\" id=\"accordion_how-do-i-add-my-services-to-the-platform\">\r\n    <div class=\"accordion-item\">\r\n        <h2 class=\"accordion-header\" id=\"heading_how-do-i-add-my-services-to-the-platform\">\r\n            <button class=\"accordion-button   collapsed\"\r\n                type=\"button\"\r\n                data-bs-toggle=\"collapse\"\r\n                data-bs-target=\"#st-how-do-i-add-my-services-to-the-platform\"\r\n                aria-expanded=\"false\"\r\n                aria-controls=\"how-do-i-add-my-services-to-the-platform\"\r\n            >\r\n                \u00bfC\u00f3mo a\u00f1ado mis servicios a la plataforma?            <\/button>\r\n        <\/h2>\r\n        <div id=\"st-how-do-i-add-my-services-to-the-platform\" class=\"accordion-collapse collapse\"\r\n            aria-labelledby=\"heading_how-do-i-add-my-services-to-the-platform\"\r\n            data-bs-parent=\"#accordion_how-do-i-add-my-services-to-the-platform\"\r\n        >\r\n            <div class=\"accordion-body\">\r\n                Una vez aprobada su solicitud, podr\u00e1 a\u00f1adir sus servicios a nuestra plataforma. Solo tienes que acceder a tu cuenta y seguir las instrucciones para crear un listado para cada servicio que ofrezcas.            <\/div>\r\n        <\/div>\r\n    <\/div>\r\n<\/div>\r\n\t\t\t\t<\/div>\n\t\t\t\t<\/div>\n\t\t\t\t<div class=\"elementor-element elementor-element-8bff125 elementor-widget elementor-widget-st_faq\" data-id=\"8bff125\" data-element_type=\"widget\" data-e-type=\"widget\" data-widget_type=\"st_faq.default\">\n\t\t\t\t<div class=\"elementor-widget-container\">\n\t\t\t\t\t<div class=\"accordion faq style1\" id=\"accordion_how-will-i-know-if-someone-has-booked-my-services\">\r\n    <div class=\"accordion-item\">\r\n        <h2 class=\"accordion-header\" id=\"heading_how-will-i-know-if-someone-has-booked-my-services\">\r\n            <button class=\"accordion-button   collapsed\"\r\n                type=\"button\"\r\n                data-bs-toggle=\"collapse\"\r\n                data-bs-target=\"#st-how-will-i-know-if-someone-has-booked-my-services\"\r\n                aria-expanded=\"false\"\r\n                aria-controls=\"how-will-i-know-if-someone-has-booked-my-services\"\r\n            >\r\n                \u00bfC\u00f3mo puedo saber si alguien ha contratado mis servicios?            <\/button>\r\n        <\/h2>\r\n        <div id=\"st-how-will-i-know-if-someone-has-booked-my-services\" class=\"accordion-collapse collapse\"\r\n            aria-labelledby=\"heading_how-will-i-know-if-someone-has-booked-my-services\"\r\n            data-bs-parent=\"#accordion_how-will-i-know-if-someone-has-booked-my-services\"\r\n        >\r\n            <div class=\"accordion-body\">\r\n                Cuando alguien reserve uno de tus servicios a trav\u00e9s de nuestra plataforma, recibir\u00e1s una notificaci\u00f3n por correo electr\u00f3nico con todos los detalles. Tambi\u00e9n puedes acceder a tu cuenta en cualquier momento para ver tus pr\u00f3ximas reservas.            <\/div>\r\n        <\/div>\r\n    <\/div>\r\n<\/div>\r\n\t\t\t\t<\/div>\n\t\t\t\t<\/div>\n\t\t\t\t<div class=\"elementor-element elementor-element-12c735e elementor-widget elementor-widget-st_faq\" data-id=\"12c735e\" data-element_type=\"widget\" data-e-type=\"widget\" data-widget_type=\"st_faq.default\">\n\t\t\t\t<div class=\"elementor-widget-container\">\n\t\t\t\t\t<div class=\"accordion faq style1\" id=\"accordion_how-will-i-receive-payment-for-my-services\">\r\n    <div class=\"accordion-item\">\r\n        <h2 class=\"accordion-header\" id=\"heading_how-will-i-receive-payment-for-my-services\">\r\n            <button class=\"accordion-button   collapsed\"\r\n                type=\"button\"\r\n                data-bs-toggle=\"collapse\"\r\n                data-bs-target=\"#st-how-will-i-receive-payment-for-my-services\"\r\n                aria-expanded=\"false\"\r\n                aria-controls=\"how-will-i-receive-payment-for-my-services\"\r\n            >\r\n                \u00bfC\u00f3mo recibir\u00e9 el pago por mis servicios?            <\/button>\r\n        <\/h2>\r\n        <div id=\"st-how-will-i-receive-payment-for-my-services\" class=\"accordion-collapse collapse\"\r\n            aria-labelledby=\"heading_how-will-i-receive-payment-for-my-services\"\r\n            data-bs-parent=\"#accordion_how-will-i-receive-payment-for-my-services\"\r\n        >\r\n            <div class=\"accordion-body\">\r\n                Como experto local de Visit Sardinia\u00ae VIP, recibir\u00e1 el pago por sus servicios directamente de nosotros. Ofrecemos una remuneraci\u00f3n competitiva y pagos puntuales para garantizar que reciba una compensaci\u00f3n justa por su experiencia y su duro trabajo.            <\/div>\r\n        <\/div>\r\n    <\/div>\r\n<\/div>\r\n\t\t\t\t<\/div>\n\t\t\t\t<\/div>\n\t\t\t\t\t<\/div>\n\t\t<\/div>\n\t\t\t\t\t<\/div>\n\t\t<\/section>\n\t\t\t\t\t<\/div>\n\t\t<\/div>\n\t\t\t\t\t<\/div>\n\t\t<\/section>\n\t\t\t\t<\/div>","protected":false},"excerpt":{"rendered":"<p>Join the Visit Sardinia VIP Family and Achieve More Together! Collaborate, Connect and Grow Are you a business owner in Sardinia looking to attract more customers and increase your visibility? By becoming a partner with Visit Sardinia VIP, you&#8217;ll have the opportunity to showcase your business to a wide audience of travelers and tourists, and [&hellip;]<\/p>\n","protected":false},"author":1,"featured_media":0,"parent":0,"menu_order":0,"comment_status":"closed","ping_status":"closed","template":"template-blank.php","meta":{"footnotes":""},"folder":[],"class_list":["post-18831","page","type-page","status-publish","has-post-thumbnail","hentry"],"_links":{"self":[{"href":"https:\/\/old.visitsardinia.vip\/es\/wp-json\/wp\/v2\/pages\/18831","targetHints":{"allow":["GET"]}}],"collection":[{"href":"https:\/\/old.visitsardinia.vip\/es\/wp-json\/wp\/v2\/pages"}],"about":[{"href":"https:\/\/old.visitsardinia.vip\/es\/wp-json\/wp\/v2\/types\/page"}],"author":[{"embeddable":true,"href":"https:\/\/old.visitsardinia.vip\/es\/wp-json\/wp\/v2\/users\/1"}],"replies":[{"embeddable":true,"href":"https:\/\/old.visitsardinia.vip\/es\/wp-json\/wp\/v2\/comments?post=18831"}],"version-history":[{"count":0,"href":"https:\/\/old.visitsardinia.vip\/es\/wp-json\/wp\/v2\/pages\/18831\/revisions"}],"wp:attachment":[{"href":"https:\/\/old.visitsardinia.vip\/es\/wp-json\/wp\/v2\/media?parent=18831"}],"wp:term":[{"taxonomy":"folder","embeddable":true,"href":"https:\/\/old.visitsardinia.vip\/es\/wp-json\/wp\/v2\/folder?post=18831"}],"curies":[{"name":"wp","href":"https:\/\/api.w.org\/{rel}","templated":true}]}}