{"id":16984,"date":"2023-02-02T18:31:25","date_gmt":"2023-02-02T18:31:25","guid":{"rendered":"https:\/\/old.visitsardinia.vip\/?page_id=16984"},"modified":"2025-03-27T01:29:06","modified_gmt":"2025-03-27T01:29:06","slug":"expertos-en-viajes-de-lujo","status":"publish","type":"page","link":"https:\/\/old.visitsardinia.vip\/es\/expertos-en-viajes-de-lujo\/","title":{"rendered":"Servicios de viajes Vip"},"content":{"rendered":"<div data-elementor-type=\"wp-page\" data-elementor-id=\"16984\" class=\"elementor elementor-16984\" data-elementor-post-type=\"page\">\n\t\t\t\t<div class=\"elementor-element elementor-element-26e8a888 e-con-full e-flex e-con e-parent\" data-id=\"26e8a888\" data-element_type=\"container\" data-e-type=\"container\" data-settings=\"{&quot;background_background&quot;:&quot;classic&quot;}\">\n\t\t<div class=\"elementor-element elementor-element-1be8fd0b e-con-full e-flex e-con e-child\" data-id=\"1be8fd0b\" data-element_type=\"container\" data-e-type=\"container\">\n\t\t\t\t<div class=\"elementor-element elementor-element-6e43b7eb elementor-widget elementor-widget-image\" data-id=\"6e43b7eb\" data-element_type=\"widget\" data-e-type=\"widget\" data-widget_type=\"image.default\">\n\t\t\t\t<div class=\"elementor-widget-container\">\n\t\t\t\t\t\t\t\t\t\t\t\t\t\t\t<img fetchpriority=\"high\" decoding=\"async\" width=\"1024\" height=\"1024\" src=\"https:\/\/old.visitsardinia.vip\/wp-content\/uploads\/2023\/01\/Events-hospitality-1024x1024.jpg\" class=\"attachment-large size-large wp-image-14462\" alt=\"Expertos en viajes de lujo\" srcset=\"https:\/\/old.visitsardinia.vip\/wp-content\/uploads\/2023\/01\/Events-hospitality-1024x1024.jpg 1024w, https:\/\/old.visitsardinia.vip\/wp-content\/uploads\/2023\/01\/Events-hospitality-300x300.jpg 300w, https:\/\/old.visitsardinia.vip\/wp-content\/uploads\/2023\/01\/Events-hospitality-150x150.jpg 150w, https:\/\/old.visitsardinia.vip\/wp-content\/uploads\/2023\/01\/Events-hospitality-1536x1536.jpg 1536w, https:\/\/old.visitsardinia.vip\/wp-content\/uploads\/2023\/01\/Events-hospitality-2048x2048.jpg 2048w\" sizes=\"(max-width: 1024px) 100vw, 1024px\" title=\"\">\t\t\t\t\t\t\t\t\t\t\t\t\t\t\t<\/div>\n\t\t\t\t<\/div>\n\t\t\t\t<\/div>\n\t\t<div class=\"elementor-element elementor-element-b33de81 e-con-full e-flex e-con e-child\" data-id=\"b33de81\" data-element_type=\"container\" data-e-type=\"container\">\n\t\t\t\t<div class=\"elementor-element elementor-element-ce072d0 elementor-widget elementor-widget-heading\" data-id=\"ce072d0\" data-element_type=\"widget\" data-e-type=\"widget\" data-widget_type=\"heading.default\">\n\t\t\t\t<div class=\"elementor-widget-container\">\n\t\t\t\t\t<h1 class=\"elementor-heading-title elementor-size-default\">Nuestra C\u00f3rcega y Cerde\u00f1a <b> <i>Expertos en viajes <\/i> <\/b> Estamos a su servicio <\/h1>\t\t\t\t<\/div>\n\t\t\t\t<\/div>\n\t\t\t\t<div class=\"elementor-element elementor-element-e09575 elementor-widget elementor-widget-text-editor\" data-id=\"e09575\" data-element_type=\"widget\" data-e-type=\"widget\" data-widget_type=\"text-editor.default\">\n\t\t\t\t<div class=\"elementor-widget-container\">\n\t\t\t\t\t\t\t\t\t<p>Un operador tur\u00edstico premium no se limita a reservar hoteles y planificar excursiones, sino que escucha las necesidades de sus clientes y crea itinerarios totalmente a medida. Nuestros expertos combinar\u00e1n su lista de deseos con nuestra experiencia de primera mano tanto en Cerde\u00f1a como en C\u00f3rcega para crear paquetes vacacionales dise\u00f1ados para ofrecerle todo lo que desea de su pr\u00f3xima experiencia de viaje. Contamos con las relaciones y los conocimientos necesarios para hacer de su viaje una experiencia inolvidable. <strong>vacaciones en Cerde\u00f1a o C\u00f3rcega<\/strong> a memory you\u2019ll cherish forever.<\/p>\t\t\t\t\t\t\t\t<\/div>\n\t\t\t\t<\/div>\n\t\t\t\t<\/div>\n\t\t\t\t<\/div>\n\t\t<div class=\"elementor-element elementor-element-b8db586 e-con-full e-flex e-con e-parent\" data-id=\"b8db586\" data-element_type=\"container\" data-e-type=\"container\" data-settings=\"{&quot;background_background&quot;:&quot;classic&quot;}\">\n\t\t<div class=\"elementor-element elementor-element-3ac0707 e-con-full e-flex e-con e-child\" data-id=\"3ac0707\" data-element_type=\"container\" data-e-type=\"container\">\n\t\t\t\t<div class=\"elementor-element elementor-element-77e792aa elementor-widget elementor-widget-heading\" data-id=\"77e792aa\" data-element_type=\"widget\" data-e-type=\"widget\" data-widget_type=\"heading.default\">\n\t\t\t\t<div class=\"elementor-widget-container\">\n\t\t\t\t\t<h2 class=\"elementor-heading-title elementor-size-default\">Planificaci\u00f3n de vacaciones por expertos locales<\/h2>\t\t\t\t<\/div>\n\t\t\t\t<\/div>\n\t\t\t\t<div class=\"elementor-element elementor-element-364222fa elementor-widget elementor-widget-text-editor\" data-id=\"364222fa\" data-element_type=\"widget\" data-e-type=\"widget\" data-widget_type=\"text-editor.default\">\n\t\t\t\t<div class=\"elementor-widget-container\">\n\t\t\t\t\t\t\t\t\t<p>Aunque es estupendo dejarse llevar por la corriente durante las vacaciones, planificarlas con antelaci\u00f3n garantiza que cada minuto en Cerde\u00f1a o C\u00f3rcega sea aprovechado para disfrutar de lo mejor de la vida mediterr\u00e1nea. Por eso, nuestros gu\u00edas tur\u00edsticos privados en Italia se encargar\u00e1n de todo, incluido:<\/p><ul><li>Un itinerario a medida por Cerde\u00f1a<\/li><li>Asistencia de conserjer\u00eda<\/li><li>Visitas guiadas por apasionados lugare\u00f1os<\/li><li>Experiencias VIP<\/li><li>Servicio de atenci\u00f3n al cliente 24 horas al d\u00eda<\/li><li>Un servicio de acogida e interpretaci\u00f3n<\/li><li>Compa\u00f1eros de viaje amables e informativos<\/li><li>Todo lo necesario para unas vacaciones de lujo en Cerde\u00f1a y C\u00f3rcega<\/li><\/ul>\t\t\t\t\t\t\t\t<\/div>\n\t\t\t\t<\/div>\n\t\t\t\t<\/div>\n\t\t<div class=\"elementor-element elementor-element-167aea12 e-con-full e-flex e-con e-child\" data-id=\"167aea12\" data-element_type=\"container\" data-e-type=\"container\">\n\t\t\t\t<div class=\"elementor-element elementor-element-3f2bfb2 elementor-widget elementor-widget-image\" data-id=\"3f2bfb2\" data-element_type=\"widget\" data-e-type=\"widget\" data-widget_type=\"image.default\">\n\t\t\t\t<div class=\"elementor-widget-container\">\n\t\t\t\t\t\t\t\t\t\t\t\t\t\t\t<img decoding=\"async\" width=\"1024\" height=\"1024\" src=\"https:\/\/old.visitsardinia.vip\/wp-content\/uploads\/2023\/01\/DSC_0009-scaled-1024x1024.jpg\" class=\"attachment-large size-large wp-image-16370\" alt=\"Expertos en viajes de lujo\" srcset=\"https:\/\/old.visitsardinia.vip\/wp-content\/uploads\/2023\/01\/DSC_0009-scaled-1024x1024.jpg 1024w, https:\/\/old.visitsardinia.vip\/wp-content\/uploads\/2023\/01\/DSC_0009-scaled-300x300.jpg 300w, https:\/\/old.visitsardinia.vip\/wp-content\/uploads\/2023\/01\/DSC_0009-scaled-150x150.jpg 150w, https:\/\/old.visitsardinia.vip\/wp-content\/uploads\/2023\/01\/DSC_0009-scaled-768x768.jpg 768w, https:\/\/old.visitsardinia.vip\/wp-content\/uploads\/2023\/01\/DSC_0009-scaled-1536x1536.jpg 1536w, https:\/\/old.visitsardinia.vip\/wp-content\/uploads\/2023\/01\/DSC_0009-scaled-2048x2048.jpg 2048w\" sizes=\"(max-width: 1024px) 100vw, 1024px\" title=\"\">\t\t\t\t\t\t\t\t\t\t\t\t\t\t\t<\/div>\n\t\t\t\t<\/div>\n\t\t\t\t<\/div>\n\t\t\t\t<\/div>\n\t\t<div class=\"elementor-element elementor-element-43ae836d e-con-full e-flex e-con e-parent\" data-id=\"43ae836d\" data-element_type=\"container\" data-e-type=\"container\" data-settings=\"{&quot;background_background&quot;:&quot;classic&quot;}\">\n\t\t<div class=\"elementor-element elementor-element-22f2be06 e-con-full e-flex e-con e-child\" data-id=\"22f2be06\" data-element_type=\"container\" data-e-type=\"container\">\n\t\t\t\t<div class=\"elementor-element elementor-element-8d663ee elementor-widget elementor-widget-heading\" data-id=\"8d663ee\" data-element_type=\"widget\" data-e-type=\"widget\" data-widget_type=\"heading.default\">\n\t\t\t\t<div class=\"elementor-widget-container\">\n\t\t\t\t\t<h2 class=\"elementor-heading-title elementor-size-default\">Organizaci\u00f3n de viajes VIP<\/h2>\t\t\t\t<\/div>\n\t\t\t\t<\/div>\n\t\t\t\t<div class=\"elementor-element elementor-element-6cdea12b elementor-widget elementor-widget-text-editor\" data-id=\"6cdea12b\" data-element_type=\"widget\" data-e-type=\"widget\" data-widget_type=\"text-editor.default\">\n\t\t\t\t<div class=\"elementor-widget-container\">\n\t\t\t\t\t\t\t\t\t<p>Queremos que cada segundo de su aventura en Cerde\u00f1a sea una experiencia relajante y vital. No tendr\u00e1 que preocuparse de traslados, transporte, billetes ni de viajar con estilo cuando est\u00e9 en nuestras manos. Nuestros expertos en viajes de lujo se encargar\u00e1n de todo.<\/p>\n<ul>\n<li>Traslados privados en veh\u00edculos de lujo<\/li>\n<li>Servicio de limusina<\/li>\n<li>Traslados de grupo en autocar de lujo<\/li>\n<li>Experiencias en helic\u00f3ptero y jet privado<\/li>\n<li>Alquiler de coches de lujo y de \u00e9poca<\/li>\n<li>Alquiler de yates de lujo<\/li>\n<li>Viajes en barco taxi<\/li>\n<li>Autorizaci\u00f3n aeroportuaria r\u00e1pida<\/li>\n<\/ul>\n<p>Creemos que el viaje es tan importante como el destino. Desde el momento en que llegue a Cerde\u00f1a o C\u00f3rcega, le llevaremos a donde necesite con estilo. Nuestros expertos en viajes de lujo est\u00e1n siempre dispuestos a ayudarle con caras sonrientes.<\/p>\t\t\t\t\t\t\t\t<\/div>\n\t\t\t\t<\/div>\n\t\t\t\t<\/div>\n\t\t<div class=\"elementor-element elementor-element-559b35ae e-con-full e-flex e-con e-child\" data-id=\"559b35ae\" data-element_type=\"container\" data-e-type=\"container\">\n\t\t\t\t<div class=\"elementor-element elementor-element-bc71bb9 elementor-widget elementor-widget-image\" data-id=\"bc71bb9\" data-element_type=\"widget\" data-e-type=\"widget\" data-widget_type=\"image.default\">\n\t\t\t\t<div class=\"elementor-widget-container\">\n\t\t\t\t\t\t\t\t\t\t\t\t\t\t\t<img decoding=\"async\" width=\"1024\" height=\"1024\" src=\"https:\/\/old.visitsardinia.vip\/wp-content\/uploads\/2023\/01\/VIP-transfer-1024x1024.jpg\" class=\"attachment-large size-large wp-image-14474\" alt=\"Expertos en viajes de lujo\" srcset=\"https:\/\/old.visitsardinia.vip\/wp-content\/uploads\/2023\/01\/VIP-transfer-1024x1024.jpg 1024w, https:\/\/old.visitsardinia.vip\/wp-content\/uploads\/2023\/01\/VIP-transfer-300x300.jpg 300w, https:\/\/old.visitsardinia.vip\/wp-content\/uploads\/2023\/01\/VIP-transfer-150x150.jpg 150w, https:\/\/old.visitsardinia.vip\/wp-content\/uploads\/2023\/01\/VIP-transfer-1536x1536.jpg 1536w, https:\/\/old.visitsardinia.vip\/wp-content\/uploads\/2023\/01\/VIP-transfer-2048x2048.jpg 2048w\" sizes=\"(max-width: 1024px) 100vw, 1024px\" title=\"\">\t\t\t\t\t\t\t\t\t\t\t\t\t\t\t<\/div>\n\t\t\t\t<\/div>\n\t\t\t\t<\/div>\n\t\t\t\t<\/div>\n\t\t<div class=\"elementor-element elementor-element-1409c34c e-con-full e-flex e-con e-parent\" data-id=\"1409c34c\" data-element_type=\"container\" data-e-type=\"container\" data-settings=\"{&quot;background_background&quot;:&quot;classic&quot;}\">\n\t\t<div class=\"elementor-element elementor-element-7e12c2e e-con-full e-flex e-con e-child\" data-id=\"7e12c2e\" data-element_type=\"container\" data-e-type=\"container\">\n\t\t\t\t<div class=\"elementor-element elementor-element-4a6af353 elementor-widget elementor-widget-heading\" data-id=\"4a6af353\" data-element_type=\"widget\" data-e-type=\"widget\" data-widget_type=\"heading.default\">\n\t\t\t\t<div class=\"elementor-widget-container\">\n\t\t\t\t\t<h2 class=\"elementor-heading-title elementor-size-default\">Alquiler de yates privados en Cerde\u00f1a<\/h2>\t\t\t\t<\/div>\n\t\t\t\t<\/div>\n\t\t\t\t<div class=\"elementor-element elementor-element-3e46692f elementor-widget elementor-widget-text-editor\" data-id=\"3e46692f\" data-element_type=\"widget\" data-e-type=\"widget\" data-widget_type=\"text-editor.default\">\n\t\t\t\t<div class=\"elementor-widget-container\">\n\t\t\t\t\t\t\t\t\t<p>Rod\u00e9ese del lujo y su experiencia en Cerde\u00f1a alcanzar\u00e1 nuevas cotas. Perm\u00edtanos organizarle un viaje por mar en yate, barco o velero de lujo... y contemplar\u00e1 estas impresionantes islas desde una perspectiva completamente nueva. Beba champ\u00e1n, saboree canap\u00e9s y comparta momentos inolvidables con sus seres queridos mientras recorre las espectaculares costas mediterr\u00e1neas.<\/p>\n<ul>\n<li><strong>Excursiones mar\u00edtimas en Cerde\u00f1a<\/strong><\/li>\n<li><strong>Excursiones mar\u00edtimas en C\u00f3rcega<\/strong><\/li>\n<\/ul>\t\t\t\t\t\t\t\t<\/div>\n\t\t\t\t<\/div>\n\t\t\t\t<\/div>\n\t\t<div class=\"elementor-element elementor-element-65005622 e-con-full e-flex e-con e-child\" data-id=\"65005622\" data-element_type=\"container\" data-e-type=\"container\">\n\t\t\t\t<div class=\"elementor-element elementor-element-5dace2d elementor-widget elementor-widget-image\" data-id=\"5dace2d\" data-element_type=\"widget\" data-e-type=\"widget\" data-widget_type=\"image.default\">\n\t\t\t\t<div class=\"elementor-widget-container\">\n\t\t\t\t\t\t\t\t\t\t\t\t\t\t\t<img loading=\"lazy\" decoding=\"async\" width=\"1024\" height=\"1024\" src=\"https:\/\/old.visitsardinia.vip\/wp-content\/uploads\/2019\/10\/IMG_5538-1024x1024.jpg\" class=\"attachment-large size-large wp-image-10462\" alt=\"Expertos en viajes de lujo\" srcset=\"https:\/\/old.visitsardinia.vip\/wp-content\/uploads\/2019\/10\/IMG_5538-1024x1024.jpg 1024w, https:\/\/old.visitsardinia.vip\/wp-content\/uploads\/2019\/10\/IMG_5538-300x300.jpg 300w, https:\/\/old.visitsardinia.vip\/wp-content\/uploads\/2019\/10\/IMG_5538-150x150.jpg 150w, https:\/\/old.visitsardinia.vip\/wp-content\/uploads\/2019\/10\/IMG_5538-1536x1536.jpg 1536w, https:\/\/old.visitsardinia.vip\/wp-content\/uploads\/2019\/10\/IMG_5538-2048x2048.jpg 2048w\" sizes=\"(max-width: 1024px) 100vw, 1024px\" title=\"\">\t\t\t\t\t\t\t\t\t\t\t\t\t\t\t<\/div>\n\t\t\t\t<\/div>\n\t\t\t\t<\/div>\n\t\t\t\t<\/div>\n\t\t<div class=\"elementor-element elementor-element-6d0912b e-con-full e-flex e-con e-parent\" data-id=\"6d0912b\" data-element_type=\"container\" data-e-type=\"container\" data-settings=\"{&quot;background_background&quot;:&quot;classic&quot;}\">\n\t\t<div class=\"elementor-element elementor-element-6ab70a4 e-con-full e-flex e-con e-child\" data-id=\"6ab70a4\" data-element_type=\"container\" data-e-type=\"container\">\n\t\t\t\t<div class=\"elementor-element elementor-element-2fad705 elementor-widget elementor-widget-heading\" data-id=\"2fad705\" data-element_type=\"widget\" data-e-type=\"widget\" data-widget_type=\"heading.default\">\n\t\t\t\t<div class=\"elementor-widget-container\">\n\t\t\t\t\t<h2 class=\"elementor-heading-title elementor-size-default\">Grupos y eventos de empresa <\/h2>\t\t\t\t<\/div>\n\t\t\t\t<\/div>\n\t\t\t\t<div class=\"elementor-element elementor-element-68c5f05 elementor-widget elementor-widget-text-editor\" data-id=\"68c5f05\" data-element_type=\"widget\" data-e-type=\"widget\" data-widget_type=\"text-editor.default\">\n\t\t\t\t<div class=\"elementor-widget-container\">\n\t\t\t\t\t\t\t\t\t<p>Whether you\u2019re looking for group tours in Sardinia or corporate events in Corsica, our VIP travel experts can take care of everything. Visiting Sardinia and Corsica gives you something you won\u2019t find in the more famous Mediterranean holiday resorts.<br \/>Arrange a once-in-a-lifetime trip for all the family, or impress your existing and prospective clients with excursions and group activities they\u2019ll never forget. From its crystal-clear, turquoise coastal waters to its historic landmarks and architecture, these two gorgeous islands are always best enjoyed with others and our luxury travel experts.<\/p>\t\t\t\t\t\t\t\t<\/div>\n\t\t\t\t<\/div>\n\t\t\t\t<\/div>\n\t\t<div class=\"elementor-element elementor-element-f904b77 e-con-full e-flex e-con e-child\" data-id=\"f904b77\" data-element_type=\"container\" data-e-type=\"container\">\n\t\t\t\t<div class=\"elementor-element elementor-element-f94f5b8 elementor-widget elementor-widget-image\" data-id=\"f94f5b8\" data-element_type=\"widget\" data-e-type=\"widget\" data-widget_type=\"image.default\">\n\t\t\t\t<div class=\"elementor-widget-container\">\n\t\t\t\t\t\t\t\t\t\t\t\t\t\t\t<img loading=\"lazy\" decoding=\"async\" width=\"1024\" height=\"1024\" src=\"https:\/\/old.visitsardinia.vip\/wp-content\/uploads\/2023\/01\/A20C6DA6-7734-4878-9EE8-806576821437-1024x768-1-1024x1024.jpeg\" class=\"attachment-large size-large wp-image-16518\" alt=\"Expertos en viajes de lujo\" srcset=\"https:\/\/old.visitsardinia.vip\/wp-content\/uploads\/2023\/01\/A20C6DA6-7734-4878-9EE8-806576821437-1024x768-1-1024x1024.jpeg 1024w, https:\/\/old.visitsardinia.vip\/wp-content\/uploads\/2023\/01\/A20C6DA6-7734-4878-9EE8-806576821437-1024x768-1-300x300.jpeg 300w, https:\/\/old.visitsardinia.vip\/wp-content\/uploads\/2023\/01\/A20C6DA6-7734-4878-9EE8-806576821437-1024x768-1-150x150.jpeg 150w, https:\/\/old.visitsardinia.vip\/wp-content\/uploads\/2023\/01\/A20C6DA6-7734-4878-9EE8-806576821437-1024x768-1-1536x1536.jpeg 1536w, https:\/\/old.visitsardinia.vip\/wp-content\/uploads\/2023\/01\/A20C6DA6-7734-4878-9EE8-806576821437-1024x768-1-2048x2048.jpeg 2048w\" sizes=\"(max-width: 1024px) 100vw, 1024px\" title=\"\">\t\t\t\t\t\t\t\t\t\t\t\t\t\t\t<\/div>\n\t\t\t\t<\/div>\n\t\t\t\t<\/div>\n\t\t\t\t<\/div>\n\t\t<div class=\"elementor-element elementor-element-898d4e7 e-con-full e-flex e-con e-parent\" data-id=\"898d4e7\" data-element_type=\"container\" data-e-type=\"container\" data-settings=\"{&quot;background_background&quot;:&quot;classic&quot;}\">\n\t\t<div class=\"elementor-element elementor-element-111e036 e-con-full e-flex e-con e-child\" data-id=\"111e036\" data-element_type=\"container\" data-e-type=\"container\">\n\t\t\t\t<div class=\"elementor-element elementor-element-4dbd73a elementor-widget elementor-widget-heading\" data-id=\"4dbd73a\" data-element_type=\"widget\" data-e-type=\"widget\" data-widget_type=\"heading.default\">\n\t\t\t\t<div class=\"elementor-widget-container\">\n\t\t\t\t\t<h2 class=\"elementor-heading-title elementor-size-default\">Bodas y lunas de miel en Cerde\u00f1a y C\u00f3rcega<\/h2>\t\t\t\t<\/div>\n\t\t\t\t<\/div>\n\t\t\t\t<div class=\"elementor-element elementor-element-b1ff5fd elementor-widget elementor-widget-text-editor\" data-id=\"b1ff5fd\" data-element_type=\"widget\" data-e-type=\"widget\" data-widget_type=\"text-editor.default\">\n\t\t\t\t<div class=\"elementor-widget-container\">\n\t\t\t\t\t\t\t\t\t<p>We can honestly say that there\u2019s no more beautiful place for a wedding or honeymoon in the world than Sardinia. That\u2019s why we love organising bespoke wedding packages that include luxury hotels, breathtaking vistas, local delicacies, sun-kissed beaches and stunning natural beauty at every turn.<br>Whether you\u2019re getting married for the first time, renewing your vows or whisking your loved one away on a romantic honeymoon, our travel experts will take care of everything. We\u2019ll give you a choice of stunning wedding and honeymoon locations that befit such a momentous occasion. True love deserves a beautiful backdrop for such beautiful acts of love \u2014 and that\u2019s exactly what you, your partner, and your families will get with a bespoke wedding and honeymoon in Sardinia.<\/p>\n<p>&nbsp;Nuestros expertos en viajes de lujo ofrecen servicios de viaje inigualables para quienes buscan las mejores experiencias. Tanto si est\u00e1 explorando los impresionantes paisajes de<a href=\"https:\/\/old.visitsardinia.vip\/es\/\"> Cerde\u00f1a <\/a>o disfrutar del encanto de C\u00f3rcega, nuestros expertos ofrecen itinerarios personalizados y acceso exclusivo a lo mejor que ofrecen estos destinos. <span style=\"letter-spacing: 0px; word-spacing: 0em;\">Para saber m\u00e1s sobre Cerde\u00f1a y C\u00f3rcega, <\/span><a style=\"letter-spacing: 0px; word-spacing: 0em;\" href=\"https:\/\/en.wikipedia.org\/wiki\/Sardinia_and_Corsica\" target=\"_blank\" rel=\"noopener\">click here<\/a><span style=\"letter-spacing: 0px; word-spacing: 0em;\">.<\/span><\/p>\n<p class=\"MsoNormal\" style=\"border: none; mso-padding-alt: 31.0pt 31.0pt 31.0pt 31.0pt; mso-border-shadow: yes;\">\n<\/p>\t\t\t\t\t\t\t\t<\/div>\n\t\t\t\t<\/div>\n\t\t\t\t<\/div>\n\t\t<div class=\"elementor-element elementor-element-5a22954 e-con-full e-flex e-con e-child\" data-id=\"5a22954\" data-element_type=\"container\" data-e-type=\"container\">\n\t\t\t\t<div class=\"elementor-element elementor-element-b9f4d4a elementor-widget elementor-widget-image\" data-id=\"b9f4d4a\" data-element_type=\"widget\" data-e-type=\"widget\" data-widget_type=\"image.default\">\n\t\t\t\t<div class=\"elementor-widget-container\">\n\t\t\t\t\t\t\t\t\t\t\t\t\t\t\t<img loading=\"lazy\" decoding=\"async\" width=\"1024\" height=\"1024\" src=\"https:\/\/old.visitsardinia.vip\/wp-content\/uploads\/2019\/03\/IMG_0588-1024x1024.jpg\" class=\"attachment-large size-large wp-image-9907\" alt=\"Expertos en viajes de lujo\" srcset=\"https:\/\/old.visitsardinia.vip\/wp-content\/uploads\/2019\/03\/IMG_0588-1024x1024.jpg 1024w, https:\/\/old.visitsardinia.vip\/wp-content\/uploads\/2019\/03\/IMG_0588-300x300.jpg 300w, https:\/\/old.visitsardinia.vip\/wp-content\/uploads\/2019\/03\/IMG_0588-150x150.jpg 150w, https:\/\/old.visitsardinia.vip\/wp-content\/uploads\/2019\/03\/IMG_0588-1536x1536.jpg 1536w, https:\/\/old.visitsardinia.vip\/wp-content\/uploads\/2019\/03\/IMG_0588-2048x2048.jpg 2048w\" sizes=\"(max-width: 1024px) 100vw, 1024px\" title=\"\">\t\t\t\t\t\t\t\t\t\t\t\t\t\t\t<\/div>\n\t\t\t\t<\/div>\n\t\t\t\t<\/div>\n\t\t\t\t<\/div>\n\t\t<div class=\"elementor-element elementor-element-176a6de e-flex e-con-boxed e-con e-parent\" data-id=\"176a6de\" data-element_type=\"container\" data-e-type=\"container\" data-settings=\"{&quot;background_background&quot;:&quot;gradient&quot;}\">\n\t\t\t\t\t<div class=\"e-con-inner\">\n\t\t\t\t<div class=\"elementor-element elementor-element-5c2d6521 elementor-widget elementor-widget-heading\" data-id=\"5c2d6521\" data-element_type=\"widget\" data-e-type=\"widget\" data-widget_type=\"heading.default\">\n\t\t\t\t<div class=\"elementor-widget-container\">\n\t\t\t\t\t<h3 class=\"elementor-heading-title elementor-size-default\">Sus vacaciones a medida en Cerde\u00f1a est\u00e1n a s\u00f3lo una conversaci\u00f3n amistosa de distancia<\/h3>\t\t\t\t<\/div>\n\t\t\t\t<\/div>\n\t\t\t\t<div class=\"elementor-element elementor-element-59d63886 elementor-widget elementor-widget-text-editor\" data-id=\"59d63886\" data-element_type=\"widget\" data-e-type=\"widget\" data-widget_type=\"text-editor.default\">\n\t\t\t\t<div class=\"elementor-widget-container\">\n\t\t\t\t\t\t\t\t\t<p>D\u00edganos c\u00f3mo podemos hacer realidad sus sue\u00f1os de viajes de lujo por el Mediterr\u00e1neo<\/p>\t\t\t\t\t\t\t\t<\/div>\n\t\t\t\t<\/div>\n\t\t\t\t<div class=\"elementor-element elementor-element-60e1deac elementor-mobile-align-center elementor-align-center elementor-widget elementor-widget-button\" data-id=\"60e1deac\" data-element_type=\"widget\" data-e-type=\"widget\" data-widget_type=\"button.default\">\n\t\t\t\t<div class=\"elementor-widget-container\">\n\t\t\t\t\t\t\t\t\t<div class=\"elementor-button-wrapper\">\n\t\t\t\t\t<a class=\"elementor-button elementor-button-link elementor-size-sm\" href=\"https:\/\/old.visitsardinia.vip\/es\/planea-un-viaje\/\">\n\t\t\t\t\t\t<span class=\"elementor-button-content-wrapper\">\n\t\t\t\t\t\t\t\t\t<span class=\"elementor-button-text\">PLANIFICAR UN VIAJE<\/span>\n\t\t\t\t\t<\/span>\n\t\t\t\t\t<\/a>\n\t\t\t\t<\/div>\n\t\t\t\t\t\t\t\t<\/div>\n\t\t\t\t<\/div>\n\t\t\t\t\t<\/div>\n\t\t\t\t<\/div>\n\t\t\t\t<\/div>","protected":false},"excerpt":{"rendered":"<p>Our Corsica and Sardinia Travel Experts Are at Your Service A premium tour operator doesn\u2019t just book hotels and plan excursions, they listen to the requirements of their clients and create fully bespoke itineraries. Our luxury travel experts will combine your wish list with our first-hand experience of both Sardinia and Corsica to create vacation [&hellip;]<\/p>\n","protected":false},"author":1,"featured_media":0,"parent":0,"menu_order":0,"comment_status":"closed","ping_status":"closed","template":"template-blank.php","meta":{"footnotes":""},"folder":[],"class_list":["post-16984","page","type-page","status-publish","has-post-thumbnail","hentry"],"_links":{"self":[{"href":"https:\/\/old.visitsardinia.vip\/es\/wp-json\/wp\/v2\/pages\/16984","targetHints":{"allow":["GET"]}}],"collection":[{"href":"https:\/\/old.visitsardinia.vip\/es\/wp-json\/wp\/v2\/pages"}],"about":[{"href":"https:\/\/old.visitsardinia.vip\/es\/wp-json\/wp\/v2\/types\/page"}],"author":[{"embeddable":true,"href":"https:\/\/old.visitsardinia.vip\/es\/wp-json\/wp\/v2\/users\/1"}],"replies":[{"embeddable":true,"href":"https:\/\/old.visitsardinia.vip\/es\/wp-json\/wp\/v2\/comments?post=16984"}],"version-history":[{"count":0,"href":"https:\/\/old.visitsardinia.vip\/es\/wp-json\/wp\/v2\/pages\/16984\/revisions"}],"wp:attachment":[{"href":"https:\/\/old.visitsardinia.vip\/es\/wp-json\/wp\/v2\/media?parent=16984"}],"wp:term":[{"taxonomy":"folder","embeddable":true,"href":"https:\/\/old.visitsardinia.vip\/es\/wp-json\/wp\/v2\/folder?post=16984"}],"curies":[{"name":"wp","href":"https:\/\/api.w.org\/{rel}","templated":true}]}}