{"id":13341,"date":"2021-11-24T12:38:18","date_gmt":"2021-11-24T12:38:18","guid":{"rendered":"https:\/\/staging.visitsardinia.vip\/?page_id=13341"},"modified":"2024-02-06T15:52:24","modified_gmt":"2024-02-06T15:52:24","slug":"agentes","status":"publish","type":"page","link":"https:\/\/old.visitsardinia.vip\/es\/agentes\/","title":{"rendered":"Agentes"},"content":{"rendered":"<div data-elementor-type=\"wp-page\" data-elementor-id=\"13341\" class=\"elementor elementor-13341\" data-elementor-post-type=\"page\">\n\t\t\t\t\t\t<section class=\"elementor-section elementor-top-section elementor-element elementor-element-6f637f3c elementor-section-boxed elementor-section-height-default elementor-section-height-default\" data-id=\"6f637f3c\" data-element_type=\"section\" data-e-type=\"section\">\n\t\t\t\t\t\t<div class=\"elementor-container elementor-column-gap-default\">\n\t\t\t\t\t<div class=\"elementor-column elementor-col-100 elementor-top-column elementor-element elementor-element-5f200ca4\" data-id=\"5f200ca4\" data-element_type=\"column\" data-e-type=\"column\">\n\t\t\t<div class=\"elementor-widget-wrap elementor-element-populated\">\n\t\t\t\t\t\t<div class=\"elementor-element elementor-element-30a0c506 elementor-widget elementor-widget-text-editor\" data-id=\"30a0c506\" data-element_type=\"widget\" data-e-type=\"widget\" data-widget_type=\"text-editor.default\">\n\t\t\t\t<div class=\"elementor-widget-container\">\n\t\t\t\t\t\t\t\t\t<h5>\u00bfEs usted agente de viajes y busca un socio fiable que le ayude a ofrecer a sus clientes un viaje inolvidable a Cerde\u00f1a o C\u00f3rcega?<\/h5><h5>Look no further than Visit Sardinia\u00ae VIP.<\/h5><p>\u00a0<\/p><p>Como <strong>principal operador tur\u00edstico receptivo de lujo y galardonada empresa de gesti\u00f3n de destinos con sede en Cerde\u00f1a<\/strong>Trabajamos con las mejores agencias de viajes de todo el mundo para ofrecer servicios inigualables a los clientes que viajan a Cerde\u00f1a, C\u00f3rcega y toda Italia.<\/p><p>Nuestros programas B2B ofrecen a las agencias de viajes la oportunidad de ofrecer a sus clientes un nuevo producto de viaje de alta gama a precios exclusivos. Y con nuestras competitivas tarifas de alojamiento y excursiones, itinerarios personalizados adaptados a las necesidades y presupuesto de sus clientes, y el servicio profesional de nuestro equipo de expertos locales altamente cualificados, puede estar seguro de que sus clientes estar\u00e1n en buenas manos.<\/p><h6>\u00a0<\/h6><p>Pero eso no es todo. Al asociarse con nosotros, sus clientes tambi\u00e9n disfrutar\u00e1n de un trato especial, un servicio dedicado, mejoras y ventajas durante toda su estancia. Y con nuestro servicio personal 24\/7, webinars, consultas y fam trips, tendr\u00e1 todo el apoyo que necesita para ofrecer a sus clientes una experiencia de viaje inolvidable.<\/p><p>\u00a0<\/p><h6>\u00bfListo para iniciar nuestra colaboraci\u00f3n?<\/h6><p>S\u00f3lo tiene que enviarnos los datos de su empresa para registrarse como nuestro socio y disfrutar de tarifas y ventajas especiales reservadas a las agencias de viajes.<\/p><p>Si tiene alguna pregunta o consulta, no dude en enviarnos un correo electr\u00f3nico a <a href=\"\/es\/info@old.visitsardinia.vip\/\">info@old.visitsardinia.vip<\/a><\/p><p>Esperamos darle la bienvenida como uno de nuestros valiosos socios.<\/p>\t\t\t\t\t\t\t\t<\/div>\n\t\t\t\t<\/div>\n\t\t\t\t\t<\/div>\n\t\t<\/div>\n\t\t\t\t\t<\/div>\n\t\t<\/section>\n\t\t\t\t<\/div>","protected":false},"excerpt":{"rendered":"<p>Are you a travel agent looking for a reliable partner to help you provide your clients with an unforgettable trip to Sardinia or Corsica? Look no further than Visit Sardinia\u00ae VIP. As a leading luxury inbound tour operator and award-winning destination management company based in Sardinia, we work with top-tier travel agencies from around the [&hellip;]<\/p>\n","protected":false},"author":1,"featured_media":9693,"parent":0,"menu_order":0,"comment_status":"closed","ping_status":"closed","template":"","meta":{"footnotes":""},"folder":[],"class_list":["post-13341","page","type-page","status-publish","has-post-thumbnail","hentry"],"_links":{"self":[{"href":"https:\/\/old.visitsardinia.vip\/es\/wp-json\/wp\/v2\/pages\/13341","targetHints":{"allow":["GET"]}}],"collection":[{"href":"https:\/\/old.visitsardinia.vip\/es\/wp-json\/wp\/v2\/pages"}],"about":[{"href":"https:\/\/old.visitsardinia.vip\/es\/wp-json\/wp\/v2\/types\/page"}],"author":[{"embeddable":true,"href":"https:\/\/old.visitsardinia.vip\/es\/wp-json\/wp\/v2\/users\/1"}],"replies":[{"embeddable":true,"href":"https:\/\/old.visitsardinia.vip\/es\/wp-json\/wp\/v2\/comments?post=13341"}],"version-history":[{"count":0,"href":"https:\/\/old.visitsardinia.vip\/es\/wp-json\/wp\/v2\/pages\/13341\/revisions"}],"wp:featuredmedia":[{"embeddable":true,"href":"https:\/\/old.visitsardinia.vip\/es\/wp-json\/wp\/v2\/media\/9693"}],"wp:attachment":[{"href":"https:\/\/old.visitsardinia.vip\/es\/wp-json\/wp\/v2\/media?parent=13341"}],"wp:term":[{"taxonomy":"folder","embeddable":true,"href":"https:\/\/old.visitsardinia.vip\/es\/wp-json\/wp\/v2\/folder?post=13341"}],"curies":[{"name":"wp","href":"https:\/\/api.w.org\/{rel}","templated":true}]}}