{"id":18831,"date":"2023-04-21T14:52:30","date_gmt":"2023-04-21T14:52:30","guid":{"rendered":"https:\/\/old.visitsardinia.vip\/?page_id=18831"},"modified":"2023-04-21T14:58:33","modified_gmt":"2023-04-21T14:58:33","slug":"partner-werden","status":"publish","type":"page","link":"https:\/\/old.visitsardinia.vip\/de\/partner-werden\/","title":{"rendered":"Werden Sie Partner"},"content":{"rendered":"<div data-elementor-type=\"wp-page\" data-elementor-id=\"18831\" class=\"elementor elementor-18831\" data-elementor-post-type=\"page\">\n\t\t\t\t\t\t<section class=\"elementor-section elementor-top-section elementor-element elementor-element-54902a8d elementor-section-boxed elementor-section-height-default elementor-section-height-default\" data-id=\"54902a8d\" data-element_type=\"section\" data-e-type=\"section\">\n\t\t\t\t\t\t<div class=\"elementor-container elementor-column-gap-default\">\n\t\t\t\t\t<div class=\"elementor-column elementor-col-100 elementor-top-column elementor-element elementor-element-21affe29\" data-id=\"21affe29\" data-element_type=\"column\" data-e-type=\"column\">\n\t\t\t<div class=\"elementor-widget-wrap elementor-element-populated\">\n\t\t\t\t\t\t<section class=\"elementor-section elementor-inner-section elementor-element elementor-element-bc1d215 elementor-section-boxed elementor-section-height-default elementor-section-height-default\" data-id=\"bc1d215\" data-element_type=\"section\" data-e-type=\"section\" data-settings=\"{&quot;background_background&quot;:&quot;classic&quot;}\">\n\t\t\t\t\t\t<div class=\"elementor-container elementor-column-gap-default\">\n\t\t\t\t\t<div class=\"elementor-column elementor-col-16 elementor-inner-column elementor-element elementor-element-52e6a287\" data-id=\"52e6a287\" data-element_type=\"column\" data-e-type=\"column\">\n\t\t\t<div class=\"elementor-widget-wrap\">\n\t\t\t\t\t\t\t<\/div>\n\t\t<\/div>\n\t\t\t\t<div class=\"elementor-column elementor-col-66 elementor-inner-column elementor-element elementor-element-270ffd96\" data-id=\"270ffd96\" data-element_type=\"column\" data-e-type=\"column\" data-settings=\"{&quot;background_background&quot;:&quot;classic&quot;}\">\n\t\t\t<div class=\"elementor-widget-wrap elementor-element-populated\">\n\t\t\t\t\t\t<div class=\"elementor-element elementor-element-4fcccc2e elementor-widget elementor-widget-heading\" data-id=\"4fcccc2e\" data-element_type=\"widget\" data-e-type=\"widget\" data-widget_type=\"heading.default\">\n\t\t\t\t<div class=\"elementor-widget-container\">\n\t\t\t\t\t<h2 class=\"elementor-heading-title elementor-size-default\">Treten Sie der VIP-Familie von Visit Sardinia bei und erreichen Sie gemeinsam mehr!<\/h2>\t\t\t\t<\/div>\n\t\t\t\t<\/div>\n\t\t\t\t\t<\/div>\n\t\t<\/div>\n\t\t\t\t<div class=\"elementor-column elementor-col-16 elementor-inner-column elementor-element elementor-element-321dc2c4\" data-id=\"321dc2c4\" data-element_type=\"column\" data-e-type=\"column\">\n\t\t\t<div class=\"elementor-widget-wrap\">\n\t\t\t\t\t\t\t<\/div>\n\t\t<\/div>\n\t\t\t\t\t<\/div>\n\t\t<\/section>\n\t\t\t\t\t<\/div>\n\t\t<\/div>\n\t\t\t\t\t<\/div>\n\t\t<\/section>\n\t\t<div class=\"elementor-element elementor-element-0b42639 e-flex e-con-boxed e-con e-parent\" data-id=\"0b42639\" data-element_type=\"container\" data-e-type=\"container\">\n\t\t\t\t\t<div class=\"e-con-inner\">\n\t\t\t\t<div class=\"elementor-element elementor-element-53fdd8d elementor-widget elementor-widget-text-editor\" data-id=\"53fdd8d\" data-element_type=\"widget\" data-e-type=\"widget\" data-widget_type=\"text-editor.default\">\n\t\t\t\t<div class=\"elementor-widget-container\">\n\t\t\t\t\t\t\t\t\t<h5>Zusammenarbeiten, vernetzen und wachsen<\/h5><p>Sind Sie ein Gesch\u00e4ftsinhaber auf Sardinien und m\u00f6chten mehr Kunden gewinnen und Ihre Sichtbarkeit erh\u00f6hen? Wenn Sie Partner von Visit Sardinia VIP werden, haben Sie die M\u00f6glichkeit, Ihr Unternehmen einem breiten Publikum von Reisenden und Touristen zu pr\u00e4sentieren und zu beobachten, wie Ihr Kundenstamm w\u00e4chst!<\/p><p>Als Partner k\u00f6nnen Sie auf unserer Website ein beeindruckendes Profil f\u00fcr Ihr Unternehmen erstellen, komplett mit auff\u00e4lligen Fotos, ansprechenden Beschreibungen und allen Kontaktinformationen, die Besucher ben\u00f6tigen, um Sie zu finden. Dar\u00fcber hinaus haben Sie die M\u00f6glichkeit, Visit Sardinia VIP-Benutzern exklusive Angebote und Werbeaktionen anzubieten.<\/p><p><strong>As a partner, you&#8217;ll also benefit from:<\/strong><br \/>&#8211; Increased visibility on our website and social media channels<br \/>&#8211; Access to our extensive network of partners and collaborators<br \/>&#8211; Opportunities for cross-promotion and collaboration with other businesses<br \/>&#8211; Dedicated support from our team to help you make the most of your partnership<\/p><p>Lassen Sie sich diese unglaubliche Gelegenheit nicht entgehen, Ihr Gesch\u00e4ft auszubauen und neue Kunden zu erreichen. Kontaktieren Sie uns noch heute, um mehr dar\u00fcber zu erfahren, wie Sie Partner von Visit Sardinia VIP werden k\u00f6nnen!<\/p><p>\u00a0<\/p>\t\t\t\t\t\t\t\t<\/div>\n\t\t\t\t<\/div>\n\t\t\t\t\t<\/div>\n\t\t\t\t<\/div>\n\t\t<div class=\"elementor-element elementor-element-7019eb0 e-flex e-con-boxed e-con e-parent\" data-id=\"7019eb0\" data-element_type=\"container\" data-e-type=\"container\" data-settings=\"{&quot;background_background&quot;:&quot;gradient&quot;}\">\n\t\t\t\t\t<div class=\"e-con-inner\">\n\t\t\t\t<div class=\"elementor-element elementor-element-ac0f179 elementor-widget elementor-widget-heading\" data-id=\"ac0f179\" data-element_type=\"widget\" data-e-type=\"widget\" data-widget_type=\"heading.default\">\n\t\t\t\t<div class=\"elementor-widget-container\">\n\t\t\t\t\t<h3 class=\"elementor-heading-title elementor-size-default\">Wie funktioniert es<\/h3>\t\t\t\t<\/div>\n\t\t\t\t<\/div>\n\t\t\t\t<div class=\"elementor-element elementor-element-842e24b elementor-widget elementor-widget-text-editor\" data-id=\"842e24b\" data-element_type=\"widget\" data-e-type=\"widget\" data-widget_type=\"text-editor.default\">\n\t\t\t\t<div class=\"elementor-widget-container\">\n\t\t\t\t\t\t\t\t\t<h5>Hier sind die Schritte, um sich als Partnerunternehmen bei Visit Sardinia VIP zu registrieren:<\/h5><ol><li><p>Kontaktieren Sie Visit Sardinia VIP per Telefon oder E-Mail unter <a class=\"Markdown_link__9ACHA\" href=\"mailto:partners@visitsardiniavip.com\" target=\"_blank\" rel=\"noopener\">partners@old.visitsardinia.vip<\/a>. Bekunden Sie Ihr Interesse, Partner zu werden, und geben Sie einige Details zu Ihrem Unternehmen, Ihrem Standort, Ihren Dienstleistungen und den Zielen der Partnerschaft an.<\/p><\/li><li><p><a class=\"Markdown_link__9ACHA MarkdownLink_linkifiedLink__KxC9G\">Besuchen Sie Sardinien VIP<\/a>\u00a0wird einen Anruf oder ein Treffen vereinbaren, um die Partnerschaft ausf\u00fchrlicher zu besprechen. Bringen Sie Informationen wie Ihre mit\u00a0<a class=\"Markdown_link__9ACHA MarkdownLink_linkifiedLink__KxC9G\">Firmenname<\/a>, Adresse,\u00a0<a class=\"Markdown_link__9ACHA MarkdownLink_linkifiedLink__KxC9G\">Kontaktdetails<\/a>, Gesch\u00e4ftsbilder, Website-URL, Beschreibung der Dienstleistungen usw.<\/p><\/li><li><p>Wenn Sie zur Partnerschaft zugelassen werden, erhalten Sie\u00a0<a class=\"Markdown_link__9ACHA MarkdownLink_linkifiedLink__KxC9G\">Login-Daten<\/a>\u00a0um auf Ihr neues Partnerprofil zuzugreifen. Arbeiten Sie mit dem\u00a0<a class=\"Markdown_link__9ACHA MarkdownLink_linkifiedLink__KxC9G\">Besuchen Sie das VIP-Team von Sardinien<\/a>\u00a0um Ihr Profil einzurichten und zu optimieren, einschlie\u00dflich des Hochladens hochwertiger Bilder Ihres Unternehmens, Ihrer Dienstleistungen und Ihres Standorts.<\/p><\/li><li><p>Geben Sie Einzelheiten zu allen an\u00a0<a class=\"Markdown_link__9ACHA MarkdownLink_linkifiedLink__KxC9G\">Launch-Specials<\/a>, Aktionen, Rabatte oder Pakete, die Sie als exklusives Angebot f\u00fcr Visit Sardinia VIP-Mitglieder hervorheben m\u00f6chten. Das Team wird Ihre Angebote auf der Website pr\u00e4sentieren und bei den Mitgliedern bewerben.<\/p><\/li><li><p>F\u00fcr ein\u00a0<a class=\"Markdown_link__9ACHA MarkdownLink_linkifiedLink__KxC9G\">kostenpflichtige Mitgliedschaft<\/a>\u00a0Zugang zu besonderen Annehmlichkeiten und\u00a0<a class=\"Markdown_link__9ACHA MarkdownLink_linkifiedLink__KxC9G\">verbesserte Werbung<\/a>, there is an annual partnership registration fee of \u20ac250.\u00a0 pay the annual partnership registration fee of \u20ac250, via bank transfer or credit card. The fee covers setup, <a class=\"Markdown_link__9ACHA MarkdownLink_linkifiedLink__KxC9G\">Profiloptimierung<\/a>und ganzj\u00e4hrige Werbung f\u00fcr Ihr Unternehmen auf den VIP-Plattformen von Visit Sardinia.<\/p><\/li><li><p>Arbeiten Sie weiterhin mit Visit Sardinia VIP zusammen, um Besuche, Klicks, Buchungen und Verk\u00e4ufe aus ihrem Netzwerk aus Reisenden und Einheimischen zu steigern. Nehmen Sie im Laufe der Zeit \u00c4nderungen an Ihrem Profil und Ihren Angeboten vor, basierend auf Leistung und Feedback.<\/p><\/li><li><p>Rezension\u00a0<a class=\"Markdown_link__9ACHA MarkdownLink_linkifiedLink__KxC9G\">Partnerschaftskennzahlen<\/a>\u00a0mindestens viertelj\u00e4hrlich, einschlie\u00dflich Profilaufrufen, Klicks, Sitzungen, Conversions und generierten Einnahmen. Geben Sie jederzeit zus\u00e4tzliches Feedback oder fordern Sie neue Funktionen an.<\/p><\/li><li><p>Erneuern Sie Ihre Partnerschaft vor dem j\u00e4hrlichen Jubil\u00e4um, um die Sichtbarkeit von Visit Sardinia VIP aufrechtzuerhalten und weiterhin alle Vorteile zu nutzen. Die Verl\u00e4ngerungsgeb\u00fchr betr\u00e4gt 200\u00a0\u20ac pro Jahr f\u00fcr zur\u00fcckkehrende Partner<\/p><\/li><\/ol>\t\t\t\t\t\t\t\t<\/div>\n\t\t\t\t<\/div>\n\t\t\t\t<div class=\"elementor-element elementor-element-05f3785 elementor-align-center elementor-widget elementor-widget-button\" data-id=\"05f3785\" data-element_type=\"widget\" data-e-type=\"widget\" data-widget_type=\"button.default\">\n\t\t\t\t<div class=\"elementor-widget-container\">\n\t\t\t\t\t\t\t\t\t<div class=\"elementor-button-wrapper\">\n\t\t\t\t\t<a class=\"elementor-button elementor-button-link elementor-size-sm\" href=\"https:\/\/modmixmap.wpengine.com\/register\/\" target=\"_blank\" rel=\"noopener\">\n\t\t\t\t\t\t<span class=\"elementor-button-content-wrapper\">\n\t\t\t\t\t\t\t\t\t<span class=\"elementor-button-text\">Jetzt bewerben<\/span>\n\t\t\t\t\t<\/span>\n\t\t\t\t\t<\/a>\n\t\t\t\t<\/div>\n\t\t\t\t\t\t\t\t<\/div>\n\t\t\t\t<\/div>\n\t\t\t\t\t<\/div>\n\t\t\t\t<\/div>\n\t\t\t\t<section class=\"elementor-section elementor-top-section elementor-element elementor-element-3ad9a31 elementor-section-boxed elementor-section-height-default elementor-section-height-default\" data-id=\"3ad9a31\" data-element_type=\"section\" data-e-type=\"section\" data-settings=\"{&quot;background_background&quot;:&quot;classic&quot;}\">\n\t\t\t\t\t\t<div class=\"elementor-container elementor-column-gap-default\">\n\t\t\t\t\t<div class=\"elementor-column elementor-col-100 elementor-top-column elementor-element elementor-element-7a5b123\" data-id=\"7a5b123\" data-element_type=\"column\" data-e-type=\"column\">\n\t\t\t<div class=\"elementor-widget-wrap elementor-element-populated\">\n\t\t\t\t\t\t<section class=\"elementor-section elementor-inner-section elementor-element elementor-element-bf5445f elementor-section-boxed elementor-section-height-default elementor-section-height-default\" data-id=\"bf5445f\" data-element_type=\"section\" data-e-type=\"section\">\n\t\t\t\t\t\t<div class=\"elementor-container elementor-column-gap-default\">\n\t\t\t\t\t<div class=\"elementor-column elementor-col-25 elementor-inner-column elementor-element elementor-element-333a35e\" data-id=\"333a35e\" data-element_type=\"column\" data-e-type=\"column\">\n\t\t\t<div class=\"elementor-widget-wrap\">\n\t\t\t\t\t\t\t<\/div>\n\t\t<\/div>\n\t\t\t\t<div class=\"elementor-column elementor-col-50 elementor-inner-column elementor-element elementor-element-c0686e9\" data-id=\"c0686e9\" data-element_type=\"column\" data-e-type=\"column\">\n\t\t\t<div class=\"elementor-widget-wrap elementor-element-populated\">\n\t\t\t\t\t\t<div class=\"elementor-element elementor-element-dbce4c5 elementor-widget elementor-widget-heading\" data-id=\"dbce4c5\" data-element_type=\"widget\" data-e-type=\"widget\" data-widget_type=\"heading.default\">\n\t\t\t\t<div class=\"elementor-widget-container\">\n\t\t\t\t\t<h2 class=\"elementor-heading-title elementor-size-default\">H\u00e4ufig gestellte Fragen<\/h2>\t\t\t\t<\/div>\n\t\t\t\t<\/div>\n\t\t\t\t\t<\/div>\n\t\t<\/div>\n\t\t\t\t<div class=\"elementor-column elementor-col-25 elementor-inner-column elementor-element elementor-element-673f38d\" data-id=\"673f38d\" data-element_type=\"column\" data-e-type=\"column\">\n\t\t\t<div class=\"elementor-widget-wrap\">\n\t\t\t\t\t\t\t<\/div>\n\t\t<\/div>\n\t\t\t\t\t<\/div>\n\t\t<\/section>\n\t\t\t\t<section class=\"elementor-section elementor-inner-section elementor-element elementor-element-5a55247 elementor-section-boxed elementor-section-height-default elementor-section-height-default\" data-id=\"5a55247\" data-element_type=\"section\" data-e-type=\"section\">\n\t\t\t\t\t\t<div class=\"elementor-container elementor-column-gap-default\">\n\t\t\t\t\t<div class=\"elementor-column elementor-col-50 elementor-inner-column elementor-element elementor-element-c8999fe\" data-id=\"c8999fe\" data-element_type=\"column\" data-e-type=\"column\">\n\t\t\t<div class=\"elementor-widget-wrap elementor-element-populated\">\n\t\t\t\t\t\t<div class=\"elementor-element elementor-element-1e5dcbb elementor-widget elementor-widget-st_faq\" data-id=\"1e5dcbb\" data-element_type=\"widget\" data-e-type=\"widget\" data-widget_type=\"st_faq.default\">\n\t\t\t\t<div class=\"elementor-widget-container\">\n\t\t\t\t\t<div class=\"accordion faq style1\" id=\"accordion_who-can-become-a-local-expert-with-visit-sardinia-vip\">\r\n    <div class=\"accordion-item\">\r\n        <h2 class=\"accordion-header\" id=\"heading_who-can-become-a-local-expert-with-visit-sardinia-vip\">\r\n            <button class=\"accordion-button   collapsed\"\r\n                type=\"button\"\r\n                data-bs-toggle=\"collapse\"\r\n                data-bs-target=\"#st-who-can-become-a-local-expert-with-visit-sardinia-vip\"\r\n                aria-expanded=\"false\"\r\n                aria-controls=\"who-can-become-a-local-expert-with-visit-sardinia-vip\"\r\n            >\r\n                Who can become a local expert with Visit Sardinia\u00ae VIP?            <\/button>\r\n        <\/h2>\r\n        <div id=\"st-who-can-become-a-local-expert-with-visit-sardinia-vip\" class=\"accordion-collapse collapse\"\r\n            aria-labelledby=\"heading_who-can-become-a-local-expert-with-visit-sardinia-vip\"\r\n            data-bs-parent=\"#accordion_who-can-become-a-local-expert-with-visit-sardinia-vip\"\r\n        >\r\n            <div class=\"accordion-body\">\r\n                Jeder, der \u00fcber umfassende Kenntnisse der lokalen Kultur, Geschichte und Sehensw\u00fcrdigkeiten Sardiniens und Korsikas verf\u00fcgt, kann sich bei Visit Sardinia\u00ae VIP als lokaler Experte bewerben. Wir suchen leidenschaftliche Menschen, die ihre Liebe zu diesen Reisezielen gerne mit anderen teilen m\u00f6chten.            <\/div>\r\n        <\/div>\r\n    <\/div>\r\n<\/div>\r\n\t\t\t\t<\/div>\n\t\t\t\t<\/div>\n\t\t\t\t<div class=\"elementor-element elementor-element-35045b1 elementor-widget elementor-widget-st_faq\" data-id=\"35045b1\" data-element_type=\"widget\" data-e-type=\"widget\" data-widget_type=\"st_faq.default\">\n\t\t\t\t<div class=\"elementor-widget-container\">\n\t\t\t\t\t<div class=\"accordion faq style1\" id=\"accordion_how-do-i-apply-to-become-a-local-expert\">\r\n    <div class=\"accordion-item\">\r\n        <h2 class=\"accordion-header\" id=\"heading_how-do-i-apply-to-become-a-local-expert\">\r\n            <button class=\"accordion-button   collapsed\"\r\n                type=\"button\"\r\n                data-bs-toggle=\"collapse\"\r\n                data-bs-target=\"#st-how-do-i-apply-to-become-a-local-expert\"\r\n                aria-expanded=\"false\"\r\n                aria-controls=\"how-do-i-apply-to-become-a-local-expert\"\r\n            >\r\n                Wie bewerbe ich mich als lokaler Experte?             <\/button>\r\n        <\/h2>\r\n        <div id=\"st-how-do-i-apply-to-become-a-local-expert\" class=\"accordion-collapse collapse\"\r\n            aria-labelledby=\"heading_how-do-i-apply-to-become-a-local-expert\"\r\n            data-bs-parent=\"#accordion_how-do-i-apply-to-become-a-local-expert\"\r\n        >\r\n            <div class=\"accordion-body\">\r\n                Um sich als lokaler Experte bei Visit Sardinia\u00ae VIP zu bewerben, f\u00fcllen Sie einfach unser Online-Bewerbungsformular aus und teilen Sie uns Ihre Erfahrungen und Qualifikationen mit. Wir pr\u00fcfen Ihre Bewerbung und melden uns schnellstm\u00f6glich bei Ihnen.            <\/div>\r\n        <\/div>\r\n    <\/div>\r\n<\/div>\r\n\t\t\t\t<\/div>\n\t\t\t\t<\/div>\n\t\t\t\t<div class=\"elementor-element elementor-element-8a3d7b1 elementor-widget elementor-widget-st_faq\" data-id=\"8a3d7b1\" data-element_type=\"widget\" data-e-type=\"widget\" data-widget_type=\"st_faq.default\">\n\t\t\t\t<div class=\"elementor-widget-container\">\n\t\t\t\t\t<div class=\"accordion faq style1\" id=\"accordion_what-are-the-benefits-of-becoming-a-local-expert-with-visit-sardinia-vip\">\r\n    <div class=\"accordion-item\">\r\n        <h2 class=\"accordion-header\" id=\"heading_what-are-the-benefits-of-becoming-a-local-expert-with-visit-sardinia-vip\">\r\n            <button class=\"accordion-button   collapsed\"\r\n                type=\"button\"\r\n                data-bs-toggle=\"collapse\"\r\n                data-bs-target=\"#st-what-are-the-benefits-of-becoming-a-local-expert-with-visit-sardinia-vip\"\r\n                aria-expanded=\"false\"\r\n                aria-controls=\"what-are-the-benefits-of-becoming-a-local-expert-with-visit-sardinia-vip\"\r\n            >\r\n                What are the benefits of becoming a local expert with Visit Sardinia\u00ae VIP?            <\/button>\r\n        <\/h2>\r\n        <div id=\"st-what-are-the-benefits-of-becoming-a-local-expert-with-visit-sardinia-vip\" class=\"accordion-collapse collapse\"\r\n            aria-labelledby=\"heading_what-are-the-benefits-of-becoming-a-local-expert-with-visit-sardinia-vip\"\r\n            data-bs-parent=\"#accordion_what-are-the-benefits-of-becoming-a-local-expert-with-visit-sardinia-vip\"\r\n        >\r\n            <div class=\"accordion-body\">\r\n                Als lokaler Experte bei Visit Sardinia\u00ae VIP genie\u00dfen Sie eine wettbewerbsf\u00e4hige Verg\u00fctung, flexible Zeitplanung und die M\u00f6glichkeit, mit einem Team leidenschaftlicher Reiseprofis zusammenzuarbeiten. Sie haben auch die M\u00f6glichkeit, Ihr Fachwissen unter Beweis zu stellen und Ihren Ruf als f\u00fchrende Autorit\u00e4t in Sachen Sardinien und Korsika aufzubauen.            <\/div>\r\n        <\/div>\r\n    <\/div>\r\n<\/div>\r\n\t\t\t\t<\/div>\n\t\t\t\t<\/div>\n\t\t\t\t\t<\/div>\n\t\t<\/div>\n\t\t\t\t<div class=\"elementor-column elementor-col-50 elementor-inner-column elementor-element elementor-element-2861f09\" data-id=\"2861f09\" data-element_type=\"column\" data-e-type=\"column\">\n\t\t\t<div class=\"elementor-widget-wrap elementor-element-populated\">\n\t\t\t\t\t\t<div class=\"elementor-element elementor-element-8c3e523 elementor-widget elementor-widget-st_faq\" data-id=\"8c3e523\" data-element_type=\"widget\" data-e-type=\"widget\" data-widget_type=\"st_faq.default\">\n\t\t\t\t<div class=\"elementor-widget-container\">\n\t\t\t\t\t<div class=\"accordion faq style1\" id=\"accordion_how-do-i-add-my-services-to-the-platform\">\r\n    <div class=\"accordion-item\">\r\n        <h2 class=\"accordion-header\" id=\"heading_how-do-i-add-my-services-to-the-platform\">\r\n            <button class=\"accordion-button   collapsed\"\r\n                type=\"button\"\r\n                data-bs-toggle=\"collapse\"\r\n                data-bs-target=\"#st-how-do-i-add-my-services-to-the-platform\"\r\n                aria-expanded=\"false\"\r\n                aria-controls=\"how-do-i-add-my-services-to-the-platform\"\r\n            >\r\n                Wie f\u00fcge ich meine Dienste zur Plattform hinzu?            <\/button>\r\n        <\/h2>\r\n        <div id=\"st-how-do-i-add-my-services-to-the-platform\" class=\"accordion-collapse collapse\"\r\n            aria-labelledby=\"heading_how-do-i-add-my-services-to-the-platform\"\r\n            data-bs-parent=\"#accordion_how-do-i-add-my-services-to-the-platform\"\r\n        >\r\n            <div class=\"accordion-body\">\r\n                Sobald Ihr Antrag genehmigt wurde, k\u00f6nnen Sie Ihre Dienste zu unserer Plattform hinzuf\u00fcgen. Melden Sie sich einfach bei Ihrem Konto an und befolgen Sie die Anweisungen, um f\u00fcr jeden von Ihnen angebotenen Service einen Eintrag zu erstellen.            <\/div>\r\n        <\/div>\r\n    <\/div>\r\n<\/div>\r\n\t\t\t\t<\/div>\n\t\t\t\t<\/div>\n\t\t\t\t<div class=\"elementor-element elementor-element-8bff125 elementor-widget elementor-widget-st_faq\" data-id=\"8bff125\" data-element_type=\"widget\" data-e-type=\"widget\" data-widget_type=\"st_faq.default\">\n\t\t\t\t<div class=\"elementor-widget-container\">\n\t\t\t\t\t<div class=\"accordion faq style1\" id=\"accordion_how-will-i-know-if-someone-has-booked-my-services\">\r\n    <div class=\"accordion-item\">\r\n        <h2 class=\"accordion-header\" id=\"heading_how-will-i-know-if-someone-has-booked-my-services\">\r\n            <button class=\"accordion-button   collapsed\"\r\n                type=\"button\"\r\n                data-bs-toggle=\"collapse\"\r\n                data-bs-target=\"#st-how-will-i-know-if-someone-has-booked-my-services\"\r\n                aria-expanded=\"false\"\r\n                aria-controls=\"how-will-i-know-if-someone-has-booked-my-services\"\r\n            >\r\n                Wie erfahre ich, ob jemand meine Dienste gebucht hat?            <\/button>\r\n        <\/h2>\r\n        <div id=\"st-how-will-i-know-if-someone-has-booked-my-services\" class=\"accordion-collapse collapse\"\r\n            aria-labelledby=\"heading_how-will-i-know-if-someone-has-booked-my-services\"\r\n            data-bs-parent=\"#accordion_how-will-i-know-if-someone-has-booked-my-services\"\r\n        >\r\n            <div class=\"accordion-body\">\r\n                Wenn jemand eine Ihrer Dienstleistungen \u00fcber unsere Plattform bucht, erhalten Sie eine E-Mail-Benachrichtigung mit allen Details. Sie k\u00f6nnen sich auch jederzeit in Ihr Konto einloggen, um Ihre bevorstehenden Buchungen einzusehen.            <\/div>\r\n        <\/div>\r\n    <\/div>\r\n<\/div>\r\n\t\t\t\t<\/div>\n\t\t\t\t<\/div>\n\t\t\t\t<div class=\"elementor-element elementor-element-12c735e elementor-widget elementor-widget-st_faq\" data-id=\"12c735e\" data-element_type=\"widget\" data-e-type=\"widget\" data-widget_type=\"st_faq.default\">\n\t\t\t\t<div class=\"elementor-widget-container\">\n\t\t\t\t\t<div class=\"accordion faq style1\" id=\"accordion_how-will-i-receive-payment-for-my-services\">\r\n    <div class=\"accordion-item\">\r\n        <h2 class=\"accordion-header\" id=\"heading_how-will-i-receive-payment-for-my-services\">\r\n            <button class=\"accordion-button   collapsed\"\r\n                type=\"button\"\r\n                data-bs-toggle=\"collapse\"\r\n                data-bs-target=\"#st-how-will-i-receive-payment-for-my-services\"\r\n                aria-expanded=\"false\"\r\n                aria-controls=\"how-will-i-receive-payment-for-my-services\"\r\n            >\r\n                Wie erhalte ich die Bezahlung meiner Leistungen?            <\/button>\r\n        <\/h2>\r\n        <div id=\"st-how-will-i-receive-payment-for-my-services\" class=\"accordion-collapse collapse\"\r\n            aria-labelledby=\"heading_how-will-i-receive-payment-for-my-services\"\r\n            data-bs-parent=\"#accordion_how-will-i-receive-payment-for-my-services\"\r\n        >\r\n            <div class=\"accordion-body\">\r\n                Als lokaler Experte bei Visit Sardinia\u00ae VIP erhalten Sie die Bezahlung Ihrer Leistungen direkt von uns. Wir bieten eine wettbewerbsf\u00e4hige Verg\u00fctung und p\u00fcnktliche Zahlungen, um sicherzustellen, dass Sie f\u00fcr Ihr Fachwissen und Ihre harte Arbeit angemessen entlohnt werden.            <\/div>\r\n        <\/div>\r\n    <\/div>\r\n<\/div>\r\n\t\t\t\t<\/div>\n\t\t\t\t<\/div>\n\t\t\t\t\t<\/div>\n\t\t<\/div>\n\t\t\t\t\t<\/div>\n\t\t<\/section>\n\t\t\t\t\t<\/div>\n\t\t<\/div>\n\t\t\t\t\t<\/div>\n\t\t<\/section>\n\t\t\t\t<\/div>","protected":false},"excerpt":{"rendered":"<p>Join the Visit Sardinia VIP Family and Achieve More Together! Collaborate, Connect and Grow Are you a business owner in Sardinia looking to attract more customers and increase your visibility? By becoming a partner with Visit Sardinia VIP, you&#8217;ll have the opportunity to showcase your business to a wide audience of travelers and tourists, and [&hellip;]<\/p>\n","protected":false},"author":1,"featured_media":0,"parent":0,"menu_order":0,"comment_status":"closed","ping_status":"closed","template":"template-blank.php","meta":{"footnotes":""},"folder":[],"class_list":["post-18831","page","type-page","status-publish","has-post-thumbnail","hentry"],"_links":{"self":[{"href":"https:\/\/old.visitsardinia.vip\/de\/wp-json\/wp\/v2\/pages\/18831","targetHints":{"allow":["GET"]}}],"collection":[{"href":"https:\/\/old.visitsardinia.vip\/de\/wp-json\/wp\/v2\/pages"}],"about":[{"href":"https:\/\/old.visitsardinia.vip\/de\/wp-json\/wp\/v2\/types\/page"}],"author":[{"embeddable":true,"href":"https:\/\/old.visitsardinia.vip\/de\/wp-json\/wp\/v2\/users\/1"}],"replies":[{"embeddable":true,"href":"https:\/\/old.visitsardinia.vip\/de\/wp-json\/wp\/v2\/comments?post=18831"}],"version-history":[{"count":0,"href":"https:\/\/old.visitsardinia.vip\/de\/wp-json\/wp\/v2\/pages\/18831\/revisions"}],"wp:attachment":[{"href":"https:\/\/old.visitsardinia.vip\/de\/wp-json\/wp\/v2\/media?parent=18831"}],"wp:term":[{"taxonomy":"folder","embeddable":true,"href":"https:\/\/old.visitsardinia.vip\/de\/wp-json\/wp\/v2\/folder?post=18831"}],"curies":[{"name":"wp","href":"https:\/\/api.w.org\/{rel}","templated":true}]}}