{"id":16984,"date":"2023-02-02T18:31:25","date_gmt":"2023-02-02T18:31:25","guid":{"rendered":"https:\/\/old.visitsardinia.vip\/?page_id=16984"},"modified":"2025-03-27T01:29:06","modified_gmt":"2025-03-27T01:29:06","slug":"experten-fur-luxusreisen","status":"publish","type":"page","link":"https:\/\/old.visitsardinia.vip\/de\/experten-fur-luxusreisen\/","title":{"rendered":"VIP-Reisedienstleistungen"},"content":{"rendered":"<div data-elementor-type=\"wp-page\" data-elementor-id=\"16984\" class=\"elementor elementor-16984\" data-elementor-post-type=\"page\">\n\t\t\t\t<div class=\"elementor-element elementor-element-26e8a888 e-con-full e-flex e-con e-parent\" data-id=\"26e8a888\" data-element_type=\"container\" data-e-type=\"container\" data-settings=\"{&quot;background_background&quot;:&quot;classic&quot;}\">\n\t\t<div class=\"elementor-element elementor-element-1be8fd0b e-con-full e-flex e-con e-child\" data-id=\"1be8fd0b\" data-element_type=\"container\" data-e-type=\"container\">\n\t\t\t\t<div class=\"elementor-element elementor-element-6e43b7eb elementor-widget elementor-widget-image\" data-id=\"6e43b7eb\" data-element_type=\"widget\" data-e-type=\"widget\" data-widget_type=\"image.default\">\n\t\t\t\t<div class=\"elementor-widget-container\">\n\t\t\t\t\t\t\t\t\t\t\t\t\t\t\t<img fetchpriority=\"high\" decoding=\"async\" width=\"1024\" height=\"1024\" src=\"https:\/\/old.visitsardinia.vip\/wp-content\/uploads\/2023\/01\/Events-hospitality-1024x1024.jpg\" class=\"attachment-large size-large wp-image-14462\" alt=\"Experten f\u00fcr Luxusreisen\" srcset=\"https:\/\/old.visitsardinia.vip\/wp-content\/uploads\/2023\/01\/Events-hospitality-1024x1024.jpg 1024w, https:\/\/old.visitsardinia.vip\/wp-content\/uploads\/2023\/01\/Events-hospitality-300x300.jpg 300w, https:\/\/old.visitsardinia.vip\/wp-content\/uploads\/2023\/01\/Events-hospitality-150x150.jpg 150w, https:\/\/old.visitsardinia.vip\/wp-content\/uploads\/2023\/01\/Events-hospitality-1536x1536.jpg 1536w, https:\/\/old.visitsardinia.vip\/wp-content\/uploads\/2023\/01\/Events-hospitality-2048x2048.jpg 2048w\" sizes=\"(max-width: 1024px) 100vw, 1024px\" title=\"\">\t\t\t\t\t\t\t\t\t\t\t\t\t\t\t<\/div>\n\t\t\t\t<\/div>\n\t\t\t\t<\/div>\n\t\t<div class=\"elementor-element elementor-element-b33de81 e-con-full e-flex e-con e-child\" data-id=\"b33de81\" data-element_type=\"container\" data-e-type=\"container\">\n\t\t\t\t<div class=\"elementor-element elementor-element-ce072d0 elementor-widget elementor-widget-heading\" data-id=\"ce072d0\" data-element_type=\"widget\" data-e-type=\"widget\" data-widget_type=\"heading.default\">\n\t\t\t\t<div class=\"elementor-widget-container\">\n\t\t\t\t\t<h1 class=\"elementor-heading-title elementor-size-default\">Unser Korsika und Sardinien <b> <i>Reiseexperten <\/i> <\/b> Sind f\u00fcr Sie da <\/h1>\t\t\t\t<\/div>\n\t\t\t\t<\/div>\n\t\t\t\t<div class=\"elementor-element elementor-element-e09575 elementor-widget elementor-widget-text-editor\" data-id=\"e09575\" data-element_type=\"widget\" data-e-type=\"widget\" data-widget_type=\"text-editor.default\">\n\t\t\t\t<div class=\"elementor-widget-container\">\n\t\t\t\t\t\t\t\t\t<p>Ein Premium-Reiseveranstalter bucht nicht nur Hotels und plant Ausfl\u00fcge, er geht auch auf die Anforderungen seiner Kunden ein und erstellt vollst\u00e4ndig ma\u00dfgeschneiderte Reiserouten. Unsere Experten kombinieren Ihre Wunschliste mit unseren Erfahrungen aus erster Hand auf Sardinien und Korsika, um Urlaubspakete zu erstellen, die Ihnen alles bieten, was Sie sich von Ihrem n\u00e4chsten Reiseerlebnis w\u00fcnschen. Wir verf\u00fcgen \u00fcber die langj\u00e4hrigen Beziehungen und das Know-how, um Ihre Anforderungen zu erf\u00fcllen <strong>Urlaub auf Sardinien oder Korsika<\/strong> a memory you\u2019ll cherish forever.<\/p>\t\t\t\t\t\t\t\t<\/div>\n\t\t\t\t<\/div>\n\t\t\t\t<\/div>\n\t\t\t\t<\/div>\n\t\t<div class=\"elementor-element elementor-element-b8db586 e-con-full e-flex e-con e-parent\" data-id=\"b8db586\" data-element_type=\"container\" data-e-type=\"container\" data-settings=\"{&quot;background_background&quot;:&quot;classic&quot;}\">\n\t\t<div class=\"elementor-element elementor-element-3ac0707 e-con-full e-flex e-con e-child\" data-id=\"3ac0707\" data-element_type=\"container\" data-e-type=\"container\">\n\t\t\t\t<div class=\"elementor-element elementor-element-77e792aa elementor-widget elementor-widget-heading\" data-id=\"77e792aa\" data-element_type=\"widget\" data-e-type=\"widget\" data-widget_type=\"heading.default\">\n\t\t\t\t<div class=\"elementor-widget-container\">\n\t\t\t\t\t<h2 class=\"elementor-heading-title elementor-size-default\">Urlaubsplanung durch lokale Experten<\/h2>\t\t\t\t<\/div>\n\t\t\t\t<\/div>\n\t\t\t\t<div class=\"elementor-element elementor-element-364222fa elementor-widget elementor-widget-text-editor\" data-id=\"364222fa\" data-element_type=\"widget\" data-e-type=\"widget\" data-widget_type=\"text-editor.default\">\n\t\t\t\t<div class=\"elementor-widget-container\">\n\t\t\t\t\t\t\t\t\t<p>Auch wenn es gro\u00dfartig ist, im Urlaub mit dem Strom zu schwimmen, sorgt eine vorausschauende Planung daf\u00fcr, dass Sie jede Minute auf Sardinien oder Korsika damit verbringen, das Beste des mediterranen Lebens zu genie\u00dfen. Deshalb k\u00fcmmern sich unsere privaten Reiseleiter in Italien um alles, einschlie\u00dflich:<\/p><ul><li>Eine ma\u00dfgeschneiderte Sardinien-Urlaubsroute<\/li><li>Unterst\u00fctzung im Concierge-Stil<\/li><li>Gef\u00fchrte Touren durch leidenschaftliche Einheimische<\/li><li>VIP-Erlebnisse<\/li><li>Kundenservice rund um die Uhr<\/li><li>Ein Host- und Dolmetscherdienst<\/li><li>Freundliche und informative Reisebegleiter<\/li><li>Alles, was Sie f\u00fcr einen Luxusurlaub auf Sardinien und Korsika ben\u00f6tigen<\/li><\/ul>\t\t\t\t\t\t\t\t<\/div>\n\t\t\t\t<\/div>\n\t\t\t\t<\/div>\n\t\t<div class=\"elementor-element elementor-element-167aea12 e-con-full e-flex e-con e-child\" data-id=\"167aea12\" data-element_type=\"container\" data-e-type=\"container\">\n\t\t\t\t<div class=\"elementor-element elementor-element-3f2bfb2 elementor-widget elementor-widget-image\" data-id=\"3f2bfb2\" data-element_type=\"widget\" data-e-type=\"widget\" data-widget_type=\"image.default\">\n\t\t\t\t<div class=\"elementor-widget-container\">\n\t\t\t\t\t\t\t\t\t\t\t\t\t\t\t<img decoding=\"async\" width=\"1024\" height=\"1024\" src=\"https:\/\/old.visitsardinia.vip\/wp-content\/uploads\/2023\/01\/DSC_0009-scaled-1024x1024.jpg\" class=\"attachment-large size-large wp-image-16370\" alt=\"Experten f\u00fcr Luxusreisen\" srcset=\"https:\/\/old.visitsardinia.vip\/wp-content\/uploads\/2023\/01\/DSC_0009-scaled-1024x1024.jpg 1024w, https:\/\/old.visitsardinia.vip\/wp-content\/uploads\/2023\/01\/DSC_0009-scaled-300x300.jpg 300w, https:\/\/old.visitsardinia.vip\/wp-content\/uploads\/2023\/01\/DSC_0009-scaled-150x150.jpg 150w, https:\/\/old.visitsardinia.vip\/wp-content\/uploads\/2023\/01\/DSC_0009-scaled-768x768.jpg 768w, https:\/\/old.visitsardinia.vip\/wp-content\/uploads\/2023\/01\/DSC_0009-scaled-1536x1536.jpg 1536w, https:\/\/old.visitsardinia.vip\/wp-content\/uploads\/2023\/01\/DSC_0009-scaled-2048x2048.jpg 2048w\" sizes=\"(max-width: 1024px) 100vw, 1024px\" title=\"\">\t\t\t\t\t\t\t\t\t\t\t\t\t\t\t<\/div>\n\t\t\t\t<\/div>\n\t\t\t\t<\/div>\n\t\t\t\t<\/div>\n\t\t<div class=\"elementor-element elementor-element-43ae836d e-con-full e-flex e-con e-parent\" data-id=\"43ae836d\" data-element_type=\"container\" data-e-type=\"container\" data-settings=\"{&quot;background_background&quot;:&quot;classic&quot;}\">\n\t\t<div class=\"elementor-element elementor-element-22f2be06 e-con-full e-flex e-con e-child\" data-id=\"22f2be06\" data-element_type=\"container\" data-e-type=\"container\">\n\t\t\t\t<div class=\"elementor-element elementor-element-8d663ee elementor-widget elementor-widget-heading\" data-id=\"8d663ee\" data-element_type=\"widget\" data-e-type=\"widget\" data-widget_type=\"heading.default\">\n\t\t\t\t<div class=\"elementor-widget-container\">\n\t\t\t\t\t<h2 class=\"elementor-heading-title elementor-size-default\">VIP-Reisearrangements<\/h2>\t\t\t\t<\/div>\n\t\t\t\t<\/div>\n\t\t\t\t<div class=\"elementor-element elementor-element-6cdea12b elementor-widget elementor-widget-text-editor\" data-id=\"6cdea12b\" data-element_type=\"widget\" data-e-type=\"widget\" data-widget_type=\"text-editor.default\">\n\t\t\t\t<div class=\"elementor-widget-container\">\n\t\t\t\t\t\t\t\t\t<p>Wir m\u00f6chten, dass jede Sekunde Ihres Abenteuers auf Sardinien eine entspannende, lebensbejahende Erfahrung ist. Wenn Sie sich in unsere H\u00e4nde begeben, m\u00fcssen Sie sich keine Gedanken \u00fcber Transfers, Transport, Tickets oder stilvolles Reisen machen. Unsere Experten f\u00fcr Luxusreisen sind f\u00fcr Sie da.<\/p>\n<ul>\n<li>Privattransfers in Luxusfahrzeugen<\/li>\n<li>Limousinen-Service<\/li>\n<li>Gruppentransfers im Luxusbus<\/li>\n<li>Helikopter- und Privatjet-Erlebnisse<\/li>\n<li>Vermietung von Luxus- und Oldtimern<\/li>\n<li>Vermietung von Luxusyachten<\/li>\n<li>Taxibootfahrten<\/li>\n<li>Schnelle Flughafenabfertigung<\/li>\n<\/ul>\n<p>Wir glauben, dass die Reise genauso wichtig ist wie das Ziel. Von dem Moment an, in dem Sie auf Sardinien oder Korsika ankommen, bringen wir Sie stilvoll ans Ziel. Unsere Experten f\u00fcr Luxusreisen sind immer bereit, Ihnen mit einem L\u00e4cheln im Gesicht zu helfen.<\/p>\t\t\t\t\t\t\t\t<\/div>\n\t\t\t\t<\/div>\n\t\t\t\t<\/div>\n\t\t<div class=\"elementor-element elementor-element-559b35ae e-con-full e-flex e-con e-child\" data-id=\"559b35ae\" data-element_type=\"container\" data-e-type=\"container\">\n\t\t\t\t<div class=\"elementor-element elementor-element-bc71bb9 elementor-widget elementor-widget-image\" data-id=\"bc71bb9\" data-element_type=\"widget\" data-e-type=\"widget\" data-widget_type=\"image.default\">\n\t\t\t\t<div class=\"elementor-widget-container\">\n\t\t\t\t\t\t\t\t\t\t\t\t\t\t\t<img decoding=\"async\" width=\"1024\" height=\"1024\" src=\"https:\/\/old.visitsardinia.vip\/wp-content\/uploads\/2023\/01\/VIP-transfer-1024x1024.jpg\" class=\"attachment-large size-large wp-image-14474\" alt=\"Experten f\u00fcr Luxusreisen\" srcset=\"https:\/\/old.visitsardinia.vip\/wp-content\/uploads\/2023\/01\/VIP-transfer-1024x1024.jpg 1024w, https:\/\/old.visitsardinia.vip\/wp-content\/uploads\/2023\/01\/VIP-transfer-300x300.jpg 300w, https:\/\/old.visitsardinia.vip\/wp-content\/uploads\/2023\/01\/VIP-transfer-150x150.jpg 150w, https:\/\/old.visitsardinia.vip\/wp-content\/uploads\/2023\/01\/VIP-transfer-1536x1536.jpg 1536w, https:\/\/old.visitsardinia.vip\/wp-content\/uploads\/2023\/01\/VIP-transfer-2048x2048.jpg 2048w\" sizes=\"(max-width: 1024px) 100vw, 1024px\" title=\"\">\t\t\t\t\t\t\t\t\t\t\t\t\t\t\t<\/div>\n\t\t\t\t<\/div>\n\t\t\t\t<\/div>\n\t\t\t\t<\/div>\n\t\t<div class=\"elementor-element elementor-element-1409c34c e-con-full e-flex e-con e-parent\" data-id=\"1409c34c\" data-element_type=\"container\" data-e-type=\"container\" data-settings=\"{&quot;background_background&quot;:&quot;classic&quot;}\">\n\t\t<div class=\"elementor-element elementor-element-7e12c2e e-con-full e-flex e-con e-child\" data-id=\"7e12c2e\" data-element_type=\"container\" data-e-type=\"container\">\n\t\t\t\t<div class=\"elementor-element elementor-element-4a6af353 elementor-widget elementor-widget-heading\" data-id=\"4a6af353\" data-element_type=\"widget\" data-e-type=\"widget\" data-widget_type=\"heading.default\">\n\t\t\t\t<div class=\"elementor-widget-container\">\n\t\t\t\t\t<h2 class=\"elementor-heading-title elementor-size-default\">Private Yachtvermietung auf Sardinien<\/h2>\t\t\t\t<\/div>\n\t\t\t\t<\/div>\n\t\t\t\t<div class=\"elementor-element elementor-element-3e46692f elementor-widget elementor-widget-text-editor\" data-id=\"3e46692f\" data-element_type=\"widget\" data-e-type=\"widget\" data-widget_type=\"text-editor.default\">\n\t\t\t\t<div class=\"elementor-widget-container\">\n\t\t\t\t\t\t\t\t\t<p>Umgeben Sie sich mit den Annehmlichkeiten des Luxus und Ihr Sardinien-Erlebnis wird neue H\u00f6hen erreichen. Lassen Sie uns eine Seereise mit einer Luxusyacht, einem Boot oder einem Segelschiff organisieren? und Sie werden diese atemberaubenden Inseln aus einer v\u00f6llig neuen Perspektive sehen. Trinken Sie Champagner, knabbern Sie H\u00e4ppchen und teilen Sie lebensbejahende Momente mit den Menschen, die Sie lieben, w\u00e4hrend Sie die spektakul\u00e4ren K\u00fcsten des Mittelmeers erkunden.<\/p>\n<ul>\n<li><strong>Meeresausfl\u00fcge nach Sardinien<\/strong><\/li>\n<li><strong>Korsika-Seeausfl\u00fcge<\/strong><\/li>\n<\/ul>\t\t\t\t\t\t\t\t<\/div>\n\t\t\t\t<\/div>\n\t\t\t\t<\/div>\n\t\t<div class=\"elementor-element elementor-element-65005622 e-con-full e-flex e-con e-child\" data-id=\"65005622\" data-element_type=\"container\" data-e-type=\"container\">\n\t\t\t\t<div class=\"elementor-element elementor-element-5dace2d elementor-widget elementor-widget-image\" data-id=\"5dace2d\" data-element_type=\"widget\" data-e-type=\"widget\" data-widget_type=\"image.default\">\n\t\t\t\t<div class=\"elementor-widget-container\">\n\t\t\t\t\t\t\t\t\t\t\t\t\t\t\t<img loading=\"lazy\" decoding=\"async\" width=\"1024\" height=\"1024\" src=\"https:\/\/old.visitsardinia.vip\/wp-content\/uploads\/2019\/10\/IMG_5538-1024x1024.jpg\" class=\"attachment-large size-large wp-image-10462\" alt=\"Experten f\u00fcr Luxusreisen\" srcset=\"https:\/\/old.visitsardinia.vip\/wp-content\/uploads\/2019\/10\/IMG_5538-1024x1024.jpg 1024w, https:\/\/old.visitsardinia.vip\/wp-content\/uploads\/2019\/10\/IMG_5538-300x300.jpg 300w, https:\/\/old.visitsardinia.vip\/wp-content\/uploads\/2019\/10\/IMG_5538-150x150.jpg 150w, https:\/\/old.visitsardinia.vip\/wp-content\/uploads\/2019\/10\/IMG_5538-1536x1536.jpg 1536w, https:\/\/old.visitsardinia.vip\/wp-content\/uploads\/2019\/10\/IMG_5538-2048x2048.jpg 2048w\" sizes=\"(max-width: 1024px) 100vw, 1024px\" title=\"\">\t\t\t\t\t\t\t\t\t\t\t\t\t\t\t<\/div>\n\t\t\t\t<\/div>\n\t\t\t\t<\/div>\n\t\t\t\t<\/div>\n\t\t<div class=\"elementor-element elementor-element-6d0912b e-con-full e-flex e-con e-parent\" data-id=\"6d0912b\" data-element_type=\"container\" data-e-type=\"container\" data-settings=\"{&quot;background_background&quot;:&quot;classic&quot;}\">\n\t\t<div class=\"elementor-element elementor-element-6ab70a4 e-con-full e-flex e-con e-child\" data-id=\"6ab70a4\" data-element_type=\"container\" data-e-type=\"container\">\n\t\t\t\t<div class=\"elementor-element elementor-element-2fad705 elementor-widget elementor-widget-heading\" data-id=\"2fad705\" data-element_type=\"widget\" data-e-type=\"widget\" data-widget_type=\"heading.default\">\n\t\t\t\t<div class=\"elementor-widget-container\">\n\t\t\t\t\t<h2 class=\"elementor-heading-title elementor-size-default\">Gruppen und Firmenveranstaltungen <\/h2>\t\t\t\t<\/div>\n\t\t\t\t<\/div>\n\t\t\t\t<div class=\"elementor-element elementor-element-68c5f05 elementor-widget elementor-widget-text-editor\" data-id=\"68c5f05\" data-element_type=\"widget\" data-e-type=\"widget\" data-widget_type=\"text-editor.default\">\n\t\t\t\t<div class=\"elementor-widget-container\">\n\t\t\t\t\t\t\t\t\t<p>Whether you\u2019re looking for group tours in Sardinia or corporate events in Corsica, our VIP travel experts can take care of everything. Visiting Sardinia and Corsica gives you something you won\u2019t find in the more famous Mediterranean holiday resorts.<br \/>Arrange a once-in-a-lifetime trip for all the family, or impress your existing and prospective clients with excursions and group activities they\u2019ll never forget. From its crystal-clear, turquoise coastal waters to its historic landmarks and architecture, these two gorgeous islands are always best enjoyed with others and our luxury travel experts.<\/p>\t\t\t\t\t\t\t\t<\/div>\n\t\t\t\t<\/div>\n\t\t\t\t<\/div>\n\t\t<div class=\"elementor-element elementor-element-f904b77 e-con-full e-flex e-con e-child\" data-id=\"f904b77\" data-element_type=\"container\" data-e-type=\"container\">\n\t\t\t\t<div class=\"elementor-element elementor-element-f94f5b8 elementor-widget elementor-widget-image\" data-id=\"f94f5b8\" data-element_type=\"widget\" data-e-type=\"widget\" data-widget_type=\"image.default\">\n\t\t\t\t<div class=\"elementor-widget-container\">\n\t\t\t\t\t\t\t\t\t\t\t\t\t\t\t<img loading=\"lazy\" decoding=\"async\" width=\"1024\" height=\"1024\" src=\"https:\/\/old.visitsardinia.vip\/wp-content\/uploads\/2023\/01\/A20C6DA6-7734-4878-9EE8-806576821437-1024x768-1-1024x1024.jpeg\" class=\"attachment-large size-large wp-image-16518\" alt=\"Experten f\u00fcr Luxusreisen\" srcset=\"https:\/\/old.visitsardinia.vip\/wp-content\/uploads\/2023\/01\/A20C6DA6-7734-4878-9EE8-806576821437-1024x768-1-1024x1024.jpeg 1024w, https:\/\/old.visitsardinia.vip\/wp-content\/uploads\/2023\/01\/A20C6DA6-7734-4878-9EE8-806576821437-1024x768-1-300x300.jpeg 300w, https:\/\/old.visitsardinia.vip\/wp-content\/uploads\/2023\/01\/A20C6DA6-7734-4878-9EE8-806576821437-1024x768-1-150x150.jpeg 150w, https:\/\/old.visitsardinia.vip\/wp-content\/uploads\/2023\/01\/A20C6DA6-7734-4878-9EE8-806576821437-1024x768-1-1536x1536.jpeg 1536w, https:\/\/old.visitsardinia.vip\/wp-content\/uploads\/2023\/01\/A20C6DA6-7734-4878-9EE8-806576821437-1024x768-1-2048x2048.jpeg 2048w\" sizes=\"(max-width: 1024px) 100vw, 1024px\" title=\"\">\t\t\t\t\t\t\t\t\t\t\t\t\t\t\t<\/div>\n\t\t\t\t<\/div>\n\t\t\t\t<\/div>\n\t\t\t\t<\/div>\n\t\t<div class=\"elementor-element elementor-element-898d4e7 e-con-full e-flex e-con e-parent\" data-id=\"898d4e7\" data-element_type=\"container\" data-e-type=\"container\" data-settings=\"{&quot;background_background&quot;:&quot;classic&quot;}\">\n\t\t<div class=\"elementor-element elementor-element-111e036 e-con-full e-flex e-con e-child\" data-id=\"111e036\" data-element_type=\"container\" data-e-type=\"container\">\n\t\t\t\t<div class=\"elementor-element elementor-element-4dbd73a elementor-widget elementor-widget-heading\" data-id=\"4dbd73a\" data-element_type=\"widget\" data-e-type=\"widget\" data-widget_type=\"heading.default\">\n\t\t\t\t<div class=\"elementor-widget-container\">\n\t\t\t\t\t<h2 class=\"elementor-heading-title elementor-size-default\">Hochzeiten und Flitterwochen auf Sardinien und Korsika<\/h2>\t\t\t\t<\/div>\n\t\t\t\t<\/div>\n\t\t\t\t<div class=\"elementor-element elementor-element-b1ff5fd elementor-widget elementor-widget-text-editor\" data-id=\"b1ff5fd\" data-element_type=\"widget\" data-e-type=\"widget\" data-widget_type=\"text-editor.default\">\n\t\t\t\t<div class=\"elementor-widget-container\">\n\t\t\t\t\t\t\t\t\t<p>We can honestly say that there\u2019s no more beautiful place for a wedding or honeymoon in the world than Sardinia. That\u2019s why we love organising bespoke wedding packages that include luxury hotels, breathtaking vistas, local delicacies, sun-kissed beaches and stunning natural beauty at every turn.<br>Whether you\u2019re getting married for the first time, renewing your vows or whisking your loved one away on a romantic honeymoon, our travel experts will take care of everything. We\u2019ll give you a choice of stunning wedding and honeymoon locations that befit such a momentous occasion. True love deserves a beautiful backdrop for such beautiful acts of love \u2014 and that\u2019s exactly what you, your partner, and your families will get with a bespoke wedding and honeymoon in Sardinia.<\/p>\n<p>&nbsp;Unsere Experten f\u00fcr Luxusreisen bieten einen unvergleichlichen Reiseservice f\u00fcr alle, die die sch\u00f6nsten Erlebnisse suchen. Ob Sie nun die atemberaubenden Landschaften von<a href=\"https:\/\/old.visitsardinia.vip\/de\/\"> Sardinien <\/a>oder den Charme Korsikas zu genie\u00dfen, bieten unsere Experten individuelle Reisepl\u00e4ne und exklusiven Zugang zu den besten Angeboten dieser Reiseziele. <span style=\"letter-spacing: 0px; word-spacing: 0em;\">Um mehr \u00fcber Sardinien und Korsika zu erfahren, <\/span><a style=\"letter-spacing: 0px; word-spacing: 0em;\" href=\"https:\/\/en.wikipedia.org\/wiki\/Sardinia_and_Corsica\" target=\"_blank\" rel=\"noopener\">click here<\/a><span style=\"letter-spacing: 0px; word-spacing: 0em;\">.<\/span><\/p>\n<p class=\"MsoNormal\" style=\"border: none; mso-padding-alt: 31.0pt 31.0pt 31.0pt 31.0pt; mso-border-shadow: yes;\">\n<\/p>\t\t\t\t\t\t\t\t<\/div>\n\t\t\t\t<\/div>\n\t\t\t\t<\/div>\n\t\t<div class=\"elementor-element elementor-element-5a22954 e-con-full e-flex e-con e-child\" data-id=\"5a22954\" data-element_type=\"container\" data-e-type=\"container\">\n\t\t\t\t<div class=\"elementor-element elementor-element-b9f4d4a elementor-widget elementor-widget-image\" data-id=\"b9f4d4a\" data-element_type=\"widget\" data-e-type=\"widget\" data-widget_type=\"image.default\">\n\t\t\t\t<div class=\"elementor-widget-container\">\n\t\t\t\t\t\t\t\t\t\t\t\t\t\t\t<img loading=\"lazy\" decoding=\"async\" width=\"1024\" height=\"1024\" src=\"https:\/\/old.visitsardinia.vip\/wp-content\/uploads\/2019\/03\/IMG_0588-1024x1024.jpg\" class=\"attachment-large size-large wp-image-9907\" alt=\"Experten f\u00fcr Luxusreisen\" srcset=\"https:\/\/old.visitsardinia.vip\/wp-content\/uploads\/2019\/03\/IMG_0588-1024x1024.jpg 1024w, https:\/\/old.visitsardinia.vip\/wp-content\/uploads\/2019\/03\/IMG_0588-300x300.jpg 300w, https:\/\/old.visitsardinia.vip\/wp-content\/uploads\/2019\/03\/IMG_0588-150x150.jpg 150w, https:\/\/old.visitsardinia.vip\/wp-content\/uploads\/2019\/03\/IMG_0588-1536x1536.jpg 1536w, https:\/\/old.visitsardinia.vip\/wp-content\/uploads\/2019\/03\/IMG_0588-2048x2048.jpg 2048w\" sizes=\"(max-width: 1024px) 100vw, 1024px\" title=\"\">\t\t\t\t\t\t\t\t\t\t\t\t\t\t\t<\/div>\n\t\t\t\t<\/div>\n\t\t\t\t<\/div>\n\t\t\t\t<\/div>\n\t\t<div class=\"elementor-element elementor-element-176a6de e-flex e-con-boxed e-con e-parent\" data-id=\"176a6de\" data-element_type=\"container\" data-e-type=\"container\" data-settings=\"{&quot;background_background&quot;:&quot;gradient&quot;}\">\n\t\t\t\t\t<div class=\"e-con-inner\">\n\t\t\t\t<div class=\"elementor-element elementor-element-5c2d6521 elementor-widget elementor-widget-heading\" data-id=\"5c2d6521\" data-element_type=\"widget\" data-e-type=\"widget\" data-widget_type=\"heading.default\">\n\t\t\t\t<div class=\"elementor-widget-container\">\n\t\t\t\t\t<h3 class=\"elementor-heading-title elementor-size-default\">Ihr ma\u00dfgeschneiderter Sardinien-Urlaub ist nur ein freundliches Gespr\u00e4ch entfernt<\/h3>\t\t\t\t<\/div>\n\t\t\t\t<\/div>\n\t\t\t\t<div class=\"elementor-element elementor-element-59d63886 elementor-widget elementor-widget-text-editor\" data-id=\"59d63886\" data-element_type=\"widget\" data-e-type=\"widget\" data-widget_type=\"text-editor.default\">\n\t\t\t\t<div class=\"elementor-widget-container\">\n\t\t\t\t\t\t\t\t\t<p>Sagen Sie uns, wie wir Ihre Tr\u00e4ume von einer luxuri\u00f6sen Mittelmeerreise wahr werden lassen k\u00f6nnen<\/p>\t\t\t\t\t\t\t\t<\/div>\n\t\t\t\t<\/div>\n\t\t\t\t<div class=\"elementor-element elementor-element-60e1deac elementor-mobile-align-center elementor-align-center elementor-widget elementor-widget-button\" data-id=\"60e1deac\" data-element_type=\"widget\" data-e-type=\"widget\" data-widget_type=\"button.default\">\n\t\t\t\t<div class=\"elementor-widget-container\">\n\t\t\t\t\t\t\t\t\t<div class=\"elementor-button-wrapper\">\n\t\t\t\t\t<a class=\"elementor-button elementor-button-link elementor-size-sm\" href=\"https:\/\/old.visitsardinia.vip\/de\/eine-reise-planen\/\">\n\t\t\t\t\t\t<span class=\"elementor-button-content-wrapper\">\n\t\t\t\t\t\t\t\t\t<span class=\"elementor-button-text\">EINEN AUSFLUG PLANEN<\/span>\n\t\t\t\t\t<\/span>\n\t\t\t\t\t<\/a>\n\t\t\t\t<\/div>\n\t\t\t\t\t\t\t\t<\/div>\n\t\t\t\t<\/div>\n\t\t\t\t\t<\/div>\n\t\t\t\t<\/div>\n\t\t\t\t<\/div>","protected":false},"excerpt":{"rendered":"<p>Our Corsica and Sardinia Travel Experts Are at Your Service A premium tour operator doesn\u2019t just book hotels and plan excursions, they listen to the requirements of their clients and create fully bespoke itineraries. Our luxury travel experts will combine your wish list with our first-hand experience of both Sardinia and Corsica to create vacation [&hellip;]<\/p>\n","protected":false},"author":1,"featured_media":0,"parent":0,"menu_order":0,"comment_status":"closed","ping_status":"closed","template":"template-blank.php","meta":{"footnotes":""},"folder":[],"class_list":["post-16984","page","type-page","status-publish","has-post-thumbnail","hentry"],"_links":{"self":[{"href":"https:\/\/old.visitsardinia.vip\/de\/wp-json\/wp\/v2\/pages\/16984","targetHints":{"allow":["GET"]}}],"collection":[{"href":"https:\/\/old.visitsardinia.vip\/de\/wp-json\/wp\/v2\/pages"}],"about":[{"href":"https:\/\/old.visitsardinia.vip\/de\/wp-json\/wp\/v2\/types\/page"}],"author":[{"embeddable":true,"href":"https:\/\/old.visitsardinia.vip\/de\/wp-json\/wp\/v2\/users\/1"}],"replies":[{"embeddable":true,"href":"https:\/\/old.visitsardinia.vip\/de\/wp-json\/wp\/v2\/comments?post=16984"}],"version-history":[{"count":0,"href":"https:\/\/old.visitsardinia.vip\/de\/wp-json\/wp\/v2\/pages\/16984\/revisions"}],"wp:attachment":[{"href":"https:\/\/old.visitsardinia.vip\/de\/wp-json\/wp\/v2\/media?parent=16984"}],"wp:term":[{"taxonomy":"folder","embeddable":true,"href":"https:\/\/old.visitsardinia.vip\/de\/wp-json\/wp\/v2\/folder?post=16984"}],"curies":[{"name":"wp","href":"https:\/\/api.w.org\/{rel}","templated":true}]}}