{"id":13341,"date":"2021-11-24T12:38:18","date_gmt":"2021-11-24T12:38:18","guid":{"rendered":"https:\/\/staging.visitsardinia.vip\/?page_id=13341"},"modified":"2024-02-06T15:52:24","modified_gmt":"2024-02-06T15:52:24","slug":"agenten","status":"publish","type":"page","link":"https:\/\/old.visitsardinia.vip\/de\/agenten\/","title":{"rendered":"Agenten"},"content":{"rendered":"<div data-elementor-type=\"wp-page\" data-elementor-id=\"13341\" class=\"elementor elementor-13341\" data-elementor-post-type=\"page\">\n\t\t\t\t\t\t<section class=\"elementor-section elementor-top-section elementor-element elementor-element-6f637f3c elementor-section-boxed elementor-section-height-default elementor-section-height-default\" data-id=\"6f637f3c\" data-element_type=\"section\" data-e-type=\"section\">\n\t\t\t\t\t\t<div class=\"elementor-container elementor-column-gap-default\">\n\t\t\t\t\t<div class=\"elementor-column elementor-col-100 elementor-top-column elementor-element elementor-element-5f200ca4\" data-id=\"5f200ca4\" data-element_type=\"column\" data-e-type=\"column\">\n\t\t\t<div class=\"elementor-widget-wrap elementor-element-populated\">\n\t\t\t\t\t\t<div class=\"elementor-element elementor-element-30a0c506 elementor-widget elementor-widget-text-editor\" data-id=\"30a0c506\" data-element_type=\"widget\" data-e-type=\"widget\" data-widget_type=\"text-editor.default\">\n\t\t\t\t<div class=\"elementor-widget-container\">\n\t\t\t\t\t\t\t\t\t<h5>Sie sind ein Reiseb\u00fcro und suchen einen zuverl\u00e4ssigen Partner, der Ihren Kunden eine unvergessliche Reise nach Sardinien oder Korsika beschert?<\/h5><h5>Look no further than Visit Sardinia\u00ae VIP.<\/h5><p>\u00a0<\/p><p>Als ein <strong>f\u00fchrender Luxus-Inbound-Reiseveranstalter und preisgekr\u00f6ntes Destination-Management-Unternehmen mit Sitz auf Sardinien<\/strong>Wir arbeiten mit erstklassigen Reiseb\u00fcros aus der ganzen Welt zusammen, um Kunden, die nach Sardinien, Korsika und ganz Italien reisen, unvergleichliche Dienstleistungen zu bieten.<\/p><p>Unsere B2B-Programme bieten Reiseb\u00fcros die M\u00f6glichkeit, ihren Kunden ein neues High-End-Reiseprodukt zu exklusiven Konditionen anzubieten. Und mit unseren wettbewerbsf\u00e4higen Preisen f\u00fcr Unterk\u00fcnfte und Touren, ma\u00dfgeschneiderten Reiserouten, die auf Ihre Kunden zugeschnitten sind? Je nach Bedarf und Budget sowie dem professionellen Service unseres Teams aus hochqualifizierten Experten vor Ort k\u00f6nnen Sie sicher sein, dass Ihre Kunden in guten H\u00e4nden sind.<\/p><h6>\u00a0<\/h6><p>Aber das ist nicht alles. Wenn Sie mit uns zusammenarbeiten, genie\u00dfen Ihre Kunden w\u00e4hrend ihres gesamten Aufenthalts au\u00dferdem eine Sonderbehandlung, engagierten Service, Upgrades und Vorteile. Und mit unserem pers\u00f6nlichen 24\/7-Service, Webinaren, Beratungen und Familienreisen erhalten Sie die n\u00f6tige Unterst\u00fctzung, um Ihren Kunden ein unvergessliches Reiseerlebnis zu bieten.<\/p><p>\u00a0<\/p><h6>Sind Sie bereit, unsere Partnerschaft zu starten?<\/h6><p>Senden Sie uns einfach Ihre Firmendaten, um sich als unser Partner zu registrieren und von Sonderkonditionen und Vorteilen zu profitieren, die nur Reiseb\u00fcros vorbehalten sind.<\/p><p>Wenn Sie Fragen oder Anregungen haben, z\u00f6gern Sie nicht, uns eine E-Mail zu senden <a href=\"\/de\/info@old.visitsardinia.vip\/\">info@old.visitsardinia.vip<\/a><\/p><p>Wir freuen uns, Sie als einen unserer gesch\u00e4tzten Partner begr\u00fc\u00dfen zu d\u00fcrfen!<\/p>\t\t\t\t\t\t\t\t<\/div>\n\t\t\t\t<\/div>\n\t\t\t\t\t<\/div>\n\t\t<\/div>\n\t\t\t\t\t<\/div>\n\t\t<\/section>\n\t\t\t\t<\/div>","protected":false},"excerpt":{"rendered":"<p>Are you a travel agent looking for a reliable partner to help you provide your clients with an unforgettable trip to Sardinia or Corsica? Look no further than Visit Sardinia\u00ae VIP. As a leading luxury inbound tour operator and award-winning destination management company based in Sardinia, we work with top-tier travel agencies from around the [&hellip;]<\/p>\n","protected":false},"author":1,"featured_media":9693,"parent":0,"menu_order":0,"comment_status":"closed","ping_status":"closed","template":"","meta":{"footnotes":""},"folder":[],"class_list":["post-13341","page","type-page","status-publish","has-post-thumbnail","hentry"],"_links":{"self":[{"href":"https:\/\/old.visitsardinia.vip\/de\/wp-json\/wp\/v2\/pages\/13341","targetHints":{"allow":["GET"]}}],"collection":[{"href":"https:\/\/old.visitsardinia.vip\/de\/wp-json\/wp\/v2\/pages"}],"about":[{"href":"https:\/\/old.visitsardinia.vip\/de\/wp-json\/wp\/v2\/types\/page"}],"author":[{"embeddable":true,"href":"https:\/\/old.visitsardinia.vip\/de\/wp-json\/wp\/v2\/users\/1"}],"replies":[{"embeddable":true,"href":"https:\/\/old.visitsardinia.vip\/de\/wp-json\/wp\/v2\/comments?post=13341"}],"version-history":[{"count":0,"href":"https:\/\/old.visitsardinia.vip\/de\/wp-json\/wp\/v2\/pages\/13341\/revisions"}],"wp:featuredmedia":[{"embeddable":true,"href":"https:\/\/old.visitsardinia.vip\/de\/wp-json\/wp\/v2\/media\/9693"}],"wp:attachment":[{"href":"https:\/\/old.visitsardinia.vip\/de\/wp-json\/wp\/v2\/media?parent=13341"}],"wp:term":[{"taxonomy":"folder","embeddable":true,"href":"https:\/\/old.visitsardinia.vip\/de\/wp-json\/wp\/v2\/folder?post=13341"}],"curies":[{"name":"wp","href":"https:\/\/api.w.org\/{rel}","templated":true}]}}